{"id":36474,"date":"2026-02-27T00:34:36","date_gmt":"2026-02-27T00:34:36","guid":{"rendered":"https:\/\/nordicmart.andreevmaster.com\/product\/led-zeppelin-jimi-page-inspiroitu-minikitarra-mgt-8624\/"},"modified":"2026-02-27T09:52:19","modified_gmt":"2026-02-27T09:52:19","slug":"led-zeppelin-jimi-page-inspiroitu-minikitarra-mgt-8624","status":"publish","type":"product","link":"https:\/\/nordicmart.andreevmaster.com\/fi\/tuote\/led-zeppelin-jimi-page-inspiroitu-minikitarra-mgt-8624\/","title":{"rendered":"Led Zeppelin Jimi Page -inspiroitu minikitarra &#8211; MGT-8624"},"content":{"rendered":"<p>Led Zeppelin Jimi Page -inspiroitu minikitarra &#8211; MGT-8624&nbsp;&nbsp;Ker\u00e4ilykohde, legendaarisen Led Zeppelin -yhtyeen Jimmy Pagen tyylist\u00e4 inspiroitu minikitarra. Mahonki-puusta valmistettu 1:4-mittakaavassa, se on esteettisesti miellytt\u00e4v\u00e4 koriste-esine ja ainutlaatuinen lis\u00e4 musiikkimuistojen kokoelmaan. Tyylik\u00e4s lahja Led Zeppelin -faneille, klassisen rockin yst\u00e4ville ja vintage-estetiikan harrastajille. Inspiroiva yksityiskohta musiikinopettajille, taideopiskelijoille tai koristeeksi ty\u00f6huoneeseen tai \u00e4\u00e4nitysstudioon.&nbsp;&nbsp;Tuotetiedot:&nbsp;Mitat: korkeus 27,5 cm x leveys 9 cm x syvyys 0,8 cmMittakaava: 1:4Materiaali: mahonkiPylv\u00e4s mukanaKitaraa ei voi soittaa &#8211; se on koriste-esineKer\u00e4ilykohde&nbsp;Ihanteellinen lahja: Led Zeppelin -faneille, minisoittimien ker\u00e4ilij\u00f6ille, muusikoille ja rock-harrastajille.<\/p>\n","protected":false},"excerpt":{"rendered":"<p>Led Zeppelin Jimi Page -inspiroitu minikitarra &#8211; MGT-8624&nbsp;&nbsp;Ker\u00e4ilykohde, legendaarisen Led Zeppelin -yhtyeen Jimmy Pagen tyylist\u00e4 inspiroitu minikitarra. Mahonki-puusta valmistettu 1:4-mittakaavassa, se on esteettisesti miellytt\u00e4v\u00e4 koriste-esine ja ainutlaatuinen lis\u00e4 musiikkimuistojen kokoelmaan. Tyylik\u00e4s lahja Led Zeppelin -faneille, klassisen rockin yst\u00e4ville ja vintage-estetiikan harrastajille. Inspiroiva yksityiskohta musiikinopettajille, taideopiskelijoille tai koristeeksi ty\u00f6huoneeseen tai \u00e4\u00e4nitysstudioon.&nbsp;&nbsp;Tuotetiedot:&nbsp;Mitat: korkeus 27,5 cm x leveys [&hellip;]<\/p>\n","protected":false},"featured_media":44754,"comment_status":"open","ping_status":"closed","template":"","meta":[],"product_brand":[],"product_cat":[32],"product_tag":[],"class_list":{"0":"post-36474","1":"product","2":"type-product","3":"status-publish","4":"has-post-thumbnail","6":"product_cat-uncategorized-fi","8":"first","9":"instock","10":"shipping-taxable","11":"purchasable","12":"product-type-simple"},"_links":{"self":[{"href":"https:\/\/nordicmart.andreevmaster.com\/fi\/wp-json\/wp\/v2\/product\/36474","targetHints":{"allow":["GET"]}}],"collection":[{"href":"https:\/\/nordicmart.andreevmaster.com\/fi\/wp-json\/wp\/v2\/product"}],"about":[{"href":"https:\/\/nordicmart.andreevmaster.com\/fi\/wp-json\/wp\/v2\/types\/product"}],"replies":[{"embeddable":true,"href":"https:\/\/nordicmart.andreevmaster.com\/fi\/wp-json\/wp\/v2\/comments?post=36474"}],"wp:featuredmedia":[{"embeddable":true,"href":"https:\/\/nordicmart.andreevmaster.com\/fi\/wp-json\/wp\/v2\/media\/44754"}],"wp:attachment":[{"href":"https:\/\/nordicmart.andreevmaster.com\/fi\/wp-json\/wp\/v2\/media?parent=36474"}],"wp:term":[{"taxonomy":"product_brand","embeddable":true,"href":"https:\/\/nordicmart.andreevmaster.com\/fi\/wp-json\/wp\/v2\/product_brand?post=36474"},{"taxonomy":"product_cat","embeddable":true,"href":"https:\/\/nordicmart.andreevmaster.com\/fi\/wp-json\/wp\/v2\/product_cat?post=36474"},{"taxonomy":"product_tag","embeddable":true,"href":"https:\/\/nordicmart.andreevmaster.com\/fi\/wp-json\/wp\/v2\/product_tag?post=36474"}],"curies":[{"name":"wp","href":"https:\/\/api.w.org\/{rel}","templated":true}]}}