{"id":36473,"date":"2026-02-27T00:34:36","date_gmt":"2026-02-27T00:34:36","guid":{"rendered":"https:\/\/nordicmart.andreevmaster.com\/product\/minikitarra-guitar-heroes-sarjasta-mgt-8617\/"},"modified":"2026-02-27T09:52:19","modified_gmt":"2026-02-27T09:52:19","slug":"minikitarra-guitar-heroes-sarjasta-mgt-8617","status":"publish","type":"product","link":"https:\/\/nordicmart.andreevmaster.com\/fi\/tuote\/minikitarra-guitar-heroes-sarjasta-mgt-8617\/","title":{"rendered":"Minikitarra &#8211; Guitar Heroes -sarjasta &#8211; MGT-8617"},"content":{"rendered":"<p>Mini-kitara \u2013 Guitar Heroes -sarjasta \u2013 MGT-8617 &nbsp;&nbsp;Mini-kitara, valmistettu mahonki-puusta, k\u00e4sinmaalattu&nbsp;Blister-tyyppinen pakkaus&nbsp;Mitat: korkeus noin 24,5 cm&nbsp;Muovinen teline mukana&nbsp;Valmistettu mittakaavassa 1:4&nbsp;Ker\u00e4ilykohde&nbsp;&nbsp;Huomaa, ett\u00e4 tuote ei ole lelu. Se ei ole virallinen kopio soittimesta.&nbsp;Myyj\u00e4 ei ole mill\u00e4\u00e4n tavalla sidoksissa todellisten soittimien valmistajiin tai yksitt\u00e4isiin artisteihin. Mallien tai artistien nimet ovat esimerkkej\u00e4. Mik\u00e4\u00e4n instrumenteista ei ole mittasuhteiltaan, kooltaan tai muotoilultaan alkuper\u00e4isen kopio.<\/p>\n","protected":false},"excerpt":{"rendered":"<p>Mini-kitara \u2013 Guitar Heroes -sarjasta \u2013 MGT-8617 &nbsp;&nbsp;Mini-kitara, valmistettu mahonki-puusta, k\u00e4sinmaalattu&nbsp;Blister-tyyppinen pakkaus&nbsp;Mitat: korkeus noin 24,5 cm&nbsp;Muovinen teline mukana&nbsp;Valmistettu mittakaavassa 1:4&nbsp;Ker\u00e4ilykohde&nbsp;&nbsp;Huomaa, ett\u00e4 tuote ei ole lelu. Se ei ole virallinen kopio soittimesta.&nbsp;Myyj\u00e4 ei ole mill\u00e4\u00e4n tavalla sidoksissa todellisten soittimien valmistajiin tai yksitt\u00e4isiin artisteihin. Mallien tai artistien nimet ovat esimerkkej\u00e4. Mik\u00e4\u00e4n instrumenteista ei ole mittasuhteiltaan, kooltaan tai [&hellip;]<\/p>\n","protected":false},"featured_media":44753,"comment_status":"open","ping_status":"closed","template":"","meta":[],"product_brand":[],"product_cat":[32],"product_tag":[],"class_list":{"0":"post-36473","1":"product","2":"type-product","3":"status-publish","4":"has-post-thumbnail","6":"product_cat-uncategorized-fi","8":"first","9":"instock","10":"shipping-taxable","11":"purchasable","12":"product-type-simple"},"_links":{"self":[{"href":"https:\/\/nordicmart.andreevmaster.com\/fi\/wp-json\/wp\/v2\/product\/36473","targetHints":{"allow":["GET"]}}],"collection":[{"href":"https:\/\/nordicmart.andreevmaster.com\/fi\/wp-json\/wp\/v2\/product"}],"about":[{"href":"https:\/\/nordicmart.andreevmaster.com\/fi\/wp-json\/wp\/v2\/types\/product"}],"replies":[{"embeddable":true,"href":"https:\/\/nordicmart.andreevmaster.com\/fi\/wp-json\/wp\/v2\/comments?post=36473"}],"wp:featuredmedia":[{"embeddable":true,"href":"https:\/\/nordicmart.andreevmaster.com\/fi\/wp-json\/wp\/v2\/media\/44753"}],"wp:attachment":[{"href":"https:\/\/nordicmart.andreevmaster.com\/fi\/wp-json\/wp\/v2\/media?parent=36473"}],"wp:term":[{"taxonomy":"product_brand","embeddable":true,"href":"https:\/\/nordicmart.andreevmaster.com\/fi\/wp-json\/wp\/v2\/product_brand?post=36473"},{"taxonomy":"product_cat","embeddable":true,"href":"https:\/\/nordicmart.andreevmaster.com\/fi\/wp-json\/wp\/v2\/product_cat?post=36473"},{"taxonomy":"product_tag","embeddable":true,"href":"https:\/\/nordicmart.andreevmaster.com\/fi\/wp-json\/wp\/v2\/product_tag?post=36473"}],"curies":[{"name":"wp","href":"https:\/\/api.w.org\/{rel}","templated":true}]}}