{"id":36472,"date":"2026-02-27T00:34:36","date_gmt":"2026-02-27T00:34:36","guid":{"rendered":"https:\/\/nordicmart.andreevmaster.com\/product\/minikitarra-245-cm-angus-young-tyyli-mgt-8518\/"},"modified":"2026-02-27T09:52:18","modified_gmt":"2026-02-27T09:52:18","slug":"minikitarra-245-cm-angus-young-tyyli-mgt-8518","status":"publish","type":"product","link":"https:\/\/nordicmart.andreevmaster.com\/fi\/tuote\/minikitarra-245-cm-angus-young-tyyli-mgt-8518\/","title":{"rendered":"Minikitarra &#8211; 24,5 cm &#8211; Angus Young -tyyli &#8211; MGT-8518"},"content":{"rendered":"<p>Minikitarra &#8211; 24,5 cm &#8211; Angus Young -tyyli &#8211; MGT-8518&nbsp;&nbsp;Angus Youngin teoksista inspiraationsa saanut minikitarra on musiikillinen gadget, joka vie AC\/DC-fanien syd\u00e4met. Se sopii hyvin lahjaksi hard rock -fanille, kitaristille ja musiikin yst\u00e4v\u00e4lle. Se on my\u00f6s tyylik\u00e4s sisustustuote mihin tahansa sisustukseen. Se sopii erinomaisesti nuorisohuoneeseen, olohuoneeseen tai toimistoon.&nbsp;Mini-kitara on valmistettu k\u00e4sity\u00f6n\u00e4 mahonki-puusta. Ker\u00e4ilykohde. Kitara ei ole lelu. Sill\u00e4 ei voi soittaa.&nbsp;&nbsp;Tuotetiedot:&nbsp;Korkeus: 24,5 cmMittakaava: 1:4Materiaali: mahonkiMukana muovi- ja metalliteline kitaran asettamista vartenBlister-tyyppinen pakkaus&nbsp;&nbsp;&nbsp;Huomaa, ett\u00e4 myyj\u00e4 ei ole mill\u00e4\u00e4n tavalla sidoksissa todellisten instrumenttien valmistajiin tai yksitt\u00e4isiin artisteihin. Mallien tai artistien nimet ovat esimerkillisi\u00e4. Tunnettuja nimi\u00e4 k\u00e4ytet\u00e4\u00e4n vain tietyn musiikkityylin esittelemiseen. Mik\u00e4\u00e4n soittimista ei ole mittasuhteiltaan, kooltaan tai muotoilultaan uskollinen kopio.<\/p>\n","protected":false},"excerpt":{"rendered":"<p>Minikitarra &#8211; 24,5 cm &#8211; Angus Young -tyyli &#8211; MGT-8518&nbsp;&nbsp;Angus Youngin teoksista inspiraationsa saanut minikitarra on musiikillinen gadget, joka vie AC\/DC-fanien syd\u00e4met. Se sopii hyvin lahjaksi hard rock -fanille, kitaristille ja musiikin yst\u00e4v\u00e4lle. Se on my\u00f6s tyylik\u00e4s sisustustuote mihin tahansa sisustukseen. Se sopii erinomaisesti nuorisohuoneeseen, olohuoneeseen tai toimistoon.&nbsp;Mini-kitara on valmistettu k\u00e4sity\u00f6n\u00e4 mahonki-puusta. Ker\u00e4ilykohde. Kitara ei [&hellip;]<\/p>\n","protected":false},"featured_media":44752,"comment_status":"open","ping_status":"closed","template":"","meta":[],"product_brand":[],"product_cat":[32],"product_tag":[],"class_list":{"0":"post-36472","1":"product","2":"type-product","3":"status-publish","4":"has-post-thumbnail","6":"product_cat-uncategorized-fi","8":"first","9":"instock","10":"shipping-taxable","11":"purchasable","12":"product-type-simple"},"_links":{"self":[{"href":"https:\/\/nordicmart.andreevmaster.com\/fi\/wp-json\/wp\/v2\/product\/36472","targetHints":{"allow":["GET"]}}],"collection":[{"href":"https:\/\/nordicmart.andreevmaster.com\/fi\/wp-json\/wp\/v2\/product"}],"about":[{"href":"https:\/\/nordicmart.andreevmaster.com\/fi\/wp-json\/wp\/v2\/types\/product"}],"replies":[{"embeddable":true,"href":"https:\/\/nordicmart.andreevmaster.com\/fi\/wp-json\/wp\/v2\/comments?post=36472"}],"wp:featuredmedia":[{"embeddable":true,"href":"https:\/\/nordicmart.andreevmaster.com\/fi\/wp-json\/wp\/v2\/media\/44752"}],"wp:attachment":[{"href":"https:\/\/nordicmart.andreevmaster.com\/fi\/wp-json\/wp\/v2\/media?parent=36472"}],"wp:term":[{"taxonomy":"product_brand","embeddable":true,"href":"https:\/\/nordicmart.andreevmaster.com\/fi\/wp-json\/wp\/v2\/product_brand?post=36472"},{"taxonomy":"product_cat","embeddable":true,"href":"https:\/\/nordicmart.andreevmaster.com\/fi\/wp-json\/wp\/v2\/product_cat?post=36472"},{"taxonomy":"product_tag","embeddable":true,"href":"https:\/\/nordicmart.andreevmaster.com\/fi\/wp-json\/wp\/v2\/product_tag?post=36472"}],"curies":[{"name":"wp","href":"https:\/\/api.w.org\/{rel}","templated":true}]}}