{"id":36471,"date":"2026-02-27T00:34:35","date_gmt":"2026-02-27T00:34:35","guid":{"rendered":"https:\/\/nordicmart.andreevmaster.com\/product\/mini-guitar-queen-brian-may-tribute-mgt-7979-2\/"},"modified":"2026-02-27T09:52:18","modified_gmt":"2026-02-27T09:52:18","slug":"mini-guitar-queen-brian-may-tribute-mgt-7979-2","status":"publish","type":"product","link":"https:\/\/nordicmart.andreevmaster.com\/fi\/tuote\/mini-guitar-queen-brian-may-tribute-mgt-7979-2\/","title":{"rendered":"Mini Guitar Queen &#8211; Brian May Tribute MGT-7979"},"content":{"rendered":"<p>Mini Guitar Queen &#8211; Brian May Tribute MGT-7979&nbsp;&nbsp;Brian May Tribute -minikitarra on todellinen herkku legendaarisen Queen-yhtyeen faneille, joka vie fanien syd\u00e4met t\u00e4m\u00e4n brittil\u00e4isen b\u00e4ndin kitaristin taiteellisuudella. Kitarasta tulee loistava lahja Queen-fanille, klassisen rockin yst\u00e4v\u00e4lle ja kitaristille.&nbsp;Mini-kitara on k\u00e4sintehty mahonki-puusta. Ker\u00e4ilykappale. Kitara ei ole lelu.&nbsp;&nbsp;Tuotetiedot:&nbsp;Mitat: Korkeus 27,5 cm x Leveys 9 cm x Syvyys 0,8 cmMittakaava: 1:4Materiaali: mahonki-puuV\u00e4ri: musta, beige, ruskeaTeline mukana&nbsp;&nbsp;Huomio! Myyj\u00e4 ei ole mill\u00e4\u00e4n tavalla yhteydess\u00e4 todellisten instrumenttien valmistajiin tai yksitt\u00e4isiin artisteihin. Mallien nimet tai artistien nimet ovat esimerkillisi\u00e4. Kuuluisat nimet palvelevat vain tietyn musiikkityylin esittelemist\u00e4. Mik\u00e4\u00e4n instrumenteista ei ole tarkka kopio mittasuhteiden, koon ja muotoilun suhteen.<\/p>\n","protected":false},"excerpt":{"rendered":"<p>Mini Guitar Queen &#8211; Brian May Tribute MGT-7979&nbsp;&nbsp;Brian May Tribute -minikitarra on todellinen herkku legendaarisen Queen-yhtyeen faneille, joka vie fanien syd\u00e4met t\u00e4m\u00e4n brittil\u00e4isen b\u00e4ndin kitaristin taiteellisuudella. Kitarasta tulee loistava lahja Queen-fanille, klassisen rockin yst\u00e4v\u00e4lle ja kitaristille.&nbsp;Mini-kitara on k\u00e4sintehty mahonki-puusta. Ker\u00e4ilykappale. Kitara ei ole lelu.&nbsp;&nbsp;Tuotetiedot:&nbsp;Mitat: Korkeus 27,5 cm x Leveys 9 cm x Syvyys 0,8 cmMittakaava: [&hellip;]<\/p>\n","protected":false},"featured_media":44751,"comment_status":"open","ping_status":"closed","template":"","meta":[],"product_brand":[],"product_cat":[32],"product_tag":[],"class_list":{"0":"post-36471","1":"product","2":"type-product","3":"status-publish","4":"has-post-thumbnail","6":"product_cat-uncategorized-fi","8":"first","9":"instock","10":"shipping-taxable","11":"purchasable","12":"product-type-simple"},"_links":{"self":[{"href":"https:\/\/nordicmart.andreevmaster.com\/fi\/wp-json\/wp\/v2\/product\/36471","targetHints":{"allow":["GET"]}}],"collection":[{"href":"https:\/\/nordicmart.andreevmaster.com\/fi\/wp-json\/wp\/v2\/product"}],"about":[{"href":"https:\/\/nordicmart.andreevmaster.com\/fi\/wp-json\/wp\/v2\/types\/product"}],"replies":[{"embeddable":true,"href":"https:\/\/nordicmart.andreevmaster.com\/fi\/wp-json\/wp\/v2\/comments?post=36471"}],"wp:featuredmedia":[{"embeddable":true,"href":"https:\/\/nordicmart.andreevmaster.com\/fi\/wp-json\/wp\/v2\/media\/44751"}],"wp:attachment":[{"href":"https:\/\/nordicmart.andreevmaster.com\/fi\/wp-json\/wp\/v2\/media?parent=36471"}],"wp:term":[{"taxonomy":"product_brand","embeddable":true,"href":"https:\/\/nordicmart.andreevmaster.com\/fi\/wp-json\/wp\/v2\/product_brand?post=36471"},{"taxonomy":"product_cat","embeddable":true,"href":"https:\/\/nordicmart.andreevmaster.com\/fi\/wp-json\/wp\/v2\/product_cat?post=36471"},{"taxonomy":"product_tag","embeddable":true,"href":"https:\/\/nordicmart.andreevmaster.com\/fi\/wp-json\/wp\/v2\/product_tag?post=36471"}],"curies":[{"name":"wp","href":"https:\/\/api.w.org\/{rel}","templated":true}]}}