{"id":36470,"date":"2026-02-27T00:34:35","date_gmt":"2026-02-27T00:34:35","guid":{"rendered":"https:\/\/nordicmart.andreevmaster.com\/product\/minikitarra-ed-sheeran-275-cm-mgt-7894\/"},"modified":"2026-02-27T09:52:18","modified_gmt":"2026-02-27T09:52:18","slug":"minikitarra-ed-sheeran-275-cm-mgt-7894","status":"publish","type":"product","link":"https:\/\/nordicmart.andreevmaster.com\/fi\/tuote\/minikitarra-ed-sheeran-275-cm-mgt-7894\/","title":{"rendered":"Minikitarra &#8211; Ed Sheeran 27,5 cm &#8211; MGT-7894"},"content":{"rendered":"<p>Minikitarra &#8211; Ed Sheeran 27,5 cm &#8211; MGT-7894&nbsp;&nbsp;Ed Sheeranin tyylist\u00e4 inspiraationsa saanut minikitarra. K\u00e4sintehty mahonki puusta. Ihanteellinen hyllykoristeeksi, lahjaksi musiikin yst\u00e4v\u00e4lle tai sisustuksen elementiksi, joka tuo musiikillisen vivahteen.&nbsp;&nbsp;Tuotetiedot:&nbsp;K\u00e4sintehtyMateriaali: mahonkiMitat: korkeus 27,5 cm x leveys 9 cm x syvyys 0,8 cm Mittakaava 1:4Ker\u00e4ilykohde&nbsp;Tuote ei ole lelu. Se ei ole virallinen kopio soittimesta. Myyj\u00e4 ei ole mill\u00e4\u00e4n tavalla sidoksissa todellisten soittimien valmistajiin tai yksitt\u00e4isiin artisteihin. Mallinimet tai artistinimet ovat esimerkkej\u00e4. Mik\u00e4\u00e4n soittimista ei ole mittasuhteiltaan, kooltaan tai muotoilultaan uskollinen kopio.<\/p>\n","protected":false},"excerpt":{"rendered":"<p>Minikitarra &#8211; Ed Sheeran 27,5 cm &#8211; MGT-7894&nbsp;&nbsp;Ed Sheeranin tyylist\u00e4 inspiraationsa saanut minikitarra. K\u00e4sintehty mahonki puusta. Ihanteellinen hyllykoristeeksi, lahjaksi musiikin yst\u00e4v\u00e4lle tai sisustuksen elementiksi, joka tuo musiikillisen vivahteen.&nbsp;&nbsp;Tuotetiedot:&nbsp;K\u00e4sintehtyMateriaali: mahonkiMitat: korkeus 27,5 cm x leveys 9 cm x syvyys 0,8 cm Mittakaava 1:4Ker\u00e4ilykohde&nbsp;Tuote ei ole lelu. Se ei ole virallinen kopio soittimesta. Myyj\u00e4 ei ole mill\u00e4\u00e4n [&hellip;]<\/p>\n","protected":false},"featured_media":44750,"comment_status":"open","ping_status":"closed","template":"","meta":[],"product_brand":[],"product_cat":[32],"product_tag":[],"class_list":{"0":"post-36470","1":"product","2":"type-product","3":"status-publish","4":"has-post-thumbnail","6":"product_cat-uncategorized-fi","8":"first","9":"instock","10":"shipping-taxable","11":"purchasable","12":"product-type-simple"},"_links":{"self":[{"href":"https:\/\/nordicmart.andreevmaster.com\/fi\/wp-json\/wp\/v2\/product\/36470","targetHints":{"allow":["GET"]}}],"collection":[{"href":"https:\/\/nordicmart.andreevmaster.com\/fi\/wp-json\/wp\/v2\/product"}],"about":[{"href":"https:\/\/nordicmart.andreevmaster.com\/fi\/wp-json\/wp\/v2\/types\/product"}],"replies":[{"embeddable":true,"href":"https:\/\/nordicmart.andreevmaster.com\/fi\/wp-json\/wp\/v2\/comments?post=36470"}],"wp:featuredmedia":[{"embeddable":true,"href":"https:\/\/nordicmart.andreevmaster.com\/fi\/wp-json\/wp\/v2\/media\/44750"}],"wp:attachment":[{"href":"https:\/\/nordicmart.andreevmaster.com\/fi\/wp-json\/wp\/v2\/media?parent=36470"}],"wp:term":[{"taxonomy":"product_brand","embeddable":true,"href":"https:\/\/nordicmart.andreevmaster.com\/fi\/wp-json\/wp\/v2\/product_brand?post=36470"},{"taxonomy":"product_cat","embeddable":true,"href":"https:\/\/nordicmart.andreevmaster.com\/fi\/wp-json\/wp\/v2\/product_cat?post=36470"},{"taxonomy":"product_tag","embeddable":true,"href":"https:\/\/nordicmart.andreevmaster.com\/fi\/wp-json\/wp\/v2\/product_tag?post=36470"}],"curies":[{"name":"wp","href":"https:\/\/api.w.org\/{rel}","templated":true}]}}