{"id":36469,"date":"2026-02-27T00:34:35","date_gmt":"2026-02-27T00:34:35","guid":{"rendered":"https:\/\/nordicmart.andreevmaster.com\/product\/minikitarra-guns-n-roses-slash-mittakaava-14-mgt-7863\/"},"modified":"2026-02-27T09:52:18","modified_gmt":"2026-02-27T09:52:18","slug":"minikitarra-guns-n-roses-slash-mittakaava-14-mgt-7863","status":"publish","type":"product","link":"https:\/\/nordicmart.andreevmaster.com\/fi\/tuote\/minikitarra-guns-n-roses-slash-mittakaava-14-mgt-7863\/","title":{"rendered":"Minikitarra &#8211; Guns N&#8217; Roses &#8211; Slash &#8211; Mittakaava 1:4 &#8211; MGT-7863"},"content":{"rendered":"<p>Minikitarra &#8211; Guns N&#8217; Roses &#8211; Slash &#8211; Mittakaava 1:4 &#8211; MGT-7863&nbsp;&nbsp;K\u00e4sintehty miniatyyrikitaran replika, joka j\u00e4ljittelee Slashin ikonista instrumenttia Guns N&#8217; Roses -yhtyeest\u00e4. T\u00e4m\u00e4 on t\u00e4ydellinen lahja kaikille rockfaneille ja musiikkimuistojen ker\u00e4ilij\u00f6ille.&nbsp;&nbsp;Tuotetiedot:&nbsp;K\u00e4sintehty Materiaali: mahonki Mitat: korkeus: 27,5 cm x leveys: 9 cm x syvyys: 0,8 cm Mittakaava: 1:4 Ker\u00e4ilykohde Pakkaus: l\u00e4pipainopakkaus Mukana muovi- ja metalliteline kitaran asettamista varten Ihanteellinen esille hyllylle tai p\u00f6yd\u00e4lle&nbsp;&nbsp;Guns N&#8217; Roses -minikitaran k\u00e4ytt\u00f6: Lahja Guns N&#8217; Roses -fanille Lahja klassisen musiikin yst\u00e4v\u00e4lle Myyj\u00e4 ei ole mill\u00e4\u00e4n tavalla sidoksissa varsinaisten instrumenttien valmistajiin tai yksitt\u00e4isiin artisteihin. Mallien tai artistien nimet ovat esimerkkej\u00e4. Tunnettuja nimi\u00e4 k\u00e4ytet\u00e4\u00e4n vain tietyn musiikkityylin esittelemiseen. Mik\u00e4\u00e4n instrumenteista ei ole mittasuhteiltaan, kooltaan tai muotoilultaan alkuper\u00e4isen kopio. &nbsp;&nbsp;<\/p>\n","protected":false},"excerpt":{"rendered":"<p>Minikitarra &#8211; Guns N&#8217; Roses &#8211; Slash &#8211; Mittakaava 1:4 &#8211; MGT-7863&nbsp;&nbsp;K\u00e4sintehty miniatyyrikitaran replika, joka j\u00e4ljittelee Slashin ikonista instrumenttia Guns N&#8217; Roses -yhtyeest\u00e4. T\u00e4m\u00e4 on t\u00e4ydellinen lahja kaikille rockfaneille ja musiikkimuistojen ker\u00e4ilij\u00f6ille.&nbsp;&nbsp;Tuotetiedot:&nbsp;K\u00e4sintehty Materiaali: mahonki Mitat: korkeus: 27,5 cm x leveys: 9 cm x syvyys: 0,8 cm Mittakaava: 1:4 Ker\u00e4ilykohde Pakkaus: l\u00e4pipainopakkaus Mukana muovi- ja metalliteline [&hellip;]<\/p>\n","protected":false},"featured_media":44749,"comment_status":"open","ping_status":"closed","template":"","meta":[],"product_brand":[],"product_cat":[32],"product_tag":[],"class_list":{"0":"post-36469","1":"product","2":"type-product","3":"status-publish","4":"has-post-thumbnail","6":"product_cat-uncategorized-fi","8":"first","9":"instock","10":"shipping-taxable","11":"purchasable","12":"product-type-simple"},"_links":{"self":[{"href":"https:\/\/nordicmart.andreevmaster.com\/fi\/wp-json\/wp\/v2\/product\/36469","targetHints":{"allow":["GET"]}}],"collection":[{"href":"https:\/\/nordicmart.andreevmaster.com\/fi\/wp-json\/wp\/v2\/product"}],"about":[{"href":"https:\/\/nordicmart.andreevmaster.com\/fi\/wp-json\/wp\/v2\/types\/product"}],"replies":[{"embeddable":true,"href":"https:\/\/nordicmart.andreevmaster.com\/fi\/wp-json\/wp\/v2\/comments?post=36469"}],"wp:featuredmedia":[{"embeddable":true,"href":"https:\/\/nordicmart.andreevmaster.com\/fi\/wp-json\/wp\/v2\/media\/44749"}],"wp:attachment":[{"href":"https:\/\/nordicmart.andreevmaster.com\/fi\/wp-json\/wp\/v2\/media?parent=36469"}],"wp:term":[{"taxonomy":"product_brand","embeddable":true,"href":"https:\/\/nordicmart.andreevmaster.com\/fi\/wp-json\/wp\/v2\/product_brand?post=36469"},{"taxonomy":"product_cat","embeddable":true,"href":"https:\/\/nordicmart.andreevmaster.com\/fi\/wp-json\/wp\/v2\/product_cat?post=36469"},{"taxonomy":"product_tag","embeddable":true,"href":"https:\/\/nordicmart.andreevmaster.com\/fi\/wp-json\/wp\/v2\/product_tag?post=36469"}],"curies":[{"name":"wp","href":"https:\/\/api.w.org\/{rel}","templated":true}]}}