{"id":36468,"date":"2026-02-27T00:34:35","date_gmt":"2026-02-27T00:34:35","guid":{"rendered":"https:\/\/nordicmart.andreevmaster.com\/product\/minikitara-guns-nroses-slash-mgt-7856\/"},"modified":"2026-02-27T09:52:18","modified_gmt":"2026-02-27T09:52:18","slug":"minikitara-guns-nroses-slash-mgt-7856","status":"publish","type":"product","link":"https:\/\/nordicmart.andreevmaster.com\/fi\/tuote\/minikitara-guns-nroses-slash-mgt-7856\/","title":{"rendered":"Minikitara &#8211; Guns N&#8217;Roses &#8211; Slash &#8211; MGT-7856"},"content":{"rendered":"<p>Minikitarra &#8211; Guns N&#8217;Roses &#8211; Slash &#8211; MGT-7856&nbsp;&nbsp;&nbsp;&nbsp;Tuotetiedot:&nbsp;K\u00e4sintehty Mahonki Mitat: 27,5 x 9 cm x 0,8 cm Mittakaava 1:4 Ker\u00e4ilykohde Mukana muovi- ja metalliteline kitaran asettamista varten&nbsp;&nbsp;&nbsp;&nbsp;Myyj\u00e4 ei ole mill\u00e4\u00e4n tavalla sidoksissa todellisten instrumenttien valmistajiin tai yksitt\u00e4isiin artisteihin. &nbsp;Mallien tai artistien nimet ovat esimerkillisi\u00e4. Tunnettuja nimi\u00e4 k\u00e4ytet\u00e4\u00e4n vain tietyn musiikkityylin esittelemiseen. Mik\u00e4\u00e4n instrumenteista ei ole mittasuhteiltaan, kooltaan tai muotoilultaan alkuper\u00e4isen kaltainen. Kaikki tuotteet on valmistettu k\u00e4sity\u00f6n\u00e4.&nbsp;<\/p>\n","protected":false},"excerpt":{"rendered":"<p>Minikitarra &#8211; Guns N&#8217;Roses &#8211; Slash &#8211; MGT-7856&nbsp;&nbsp;&nbsp;&nbsp;Tuotetiedot:&nbsp;K\u00e4sintehty Mahonki Mitat: 27,5 x 9 cm x 0,8 cm Mittakaava 1:4 Ker\u00e4ilykohde Mukana muovi- ja metalliteline kitaran asettamista varten&nbsp;&nbsp;&nbsp;&nbsp;Myyj\u00e4 ei ole mill\u00e4\u00e4n tavalla sidoksissa todellisten instrumenttien valmistajiin tai yksitt\u00e4isiin artisteihin. &nbsp;Mallien tai artistien nimet ovat esimerkillisi\u00e4. Tunnettuja nimi\u00e4 k\u00e4ytet\u00e4\u00e4n vain tietyn musiikkityylin esittelemiseen. Mik\u00e4\u00e4n instrumenteista ei ole [&hellip;]<\/p>\n","protected":false},"featured_media":44748,"comment_status":"open","ping_status":"closed","template":"","meta":[],"product_brand":[],"product_cat":[32],"product_tag":[],"class_list":{"0":"post-36468","1":"product","2":"type-product","3":"status-publish","4":"has-post-thumbnail","6":"product_cat-uncategorized-fi","8":"first","9":"instock","10":"shipping-taxable","11":"purchasable","12":"product-type-simple"},"_links":{"self":[{"href":"https:\/\/nordicmart.andreevmaster.com\/fi\/wp-json\/wp\/v2\/product\/36468","targetHints":{"allow":["GET"]}}],"collection":[{"href":"https:\/\/nordicmart.andreevmaster.com\/fi\/wp-json\/wp\/v2\/product"}],"about":[{"href":"https:\/\/nordicmart.andreevmaster.com\/fi\/wp-json\/wp\/v2\/types\/product"}],"replies":[{"embeddable":true,"href":"https:\/\/nordicmart.andreevmaster.com\/fi\/wp-json\/wp\/v2\/comments?post=36468"}],"wp:featuredmedia":[{"embeddable":true,"href":"https:\/\/nordicmart.andreevmaster.com\/fi\/wp-json\/wp\/v2\/media\/44748"}],"wp:attachment":[{"href":"https:\/\/nordicmart.andreevmaster.com\/fi\/wp-json\/wp\/v2\/media?parent=36468"}],"wp:term":[{"taxonomy":"product_brand","embeddable":true,"href":"https:\/\/nordicmart.andreevmaster.com\/fi\/wp-json\/wp\/v2\/product_brand?post=36468"},{"taxonomy":"product_cat","embeddable":true,"href":"https:\/\/nordicmart.andreevmaster.com\/fi\/wp-json\/wp\/v2\/product_cat?post=36468"},{"taxonomy":"product_tag","embeddable":true,"href":"https:\/\/nordicmart.andreevmaster.com\/fi\/wp-json\/wp\/v2\/product_tag?post=36468"}],"curies":[{"name":"wp","href":"https:\/\/api.w.org\/{rel}","templated":true}]}}