{"id":36467,"date":"2026-02-27T00:34:34","date_gmt":"2026-02-27T00:34:34","guid":{"rendered":"https:\/\/nordicmart.andreevmaster.com\/product\/minikitarra-greta-van-flet-jacob-kiszka-mgt-7849\/"},"modified":"2026-02-27T09:52:17","modified_gmt":"2026-02-27T09:52:17","slug":"minikitarra-greta-van-flet-jacob-kiszka-mgt-7849","status":"publish","type":"product","link":"https:\/\/nordicmart.andreevmaster.com\/fi\/tuote\/minikitarra-greta-van-flet-jacob-kiszka-mgt-7849\/","title":{"rendered":"Minikitarra Greta Van Flet Jacob Kiszka MGT-7849"},"content":{"rendered":"<p>Minikitarra Greta Van Flet Jacob Kiszka MGT-7849&nbsp;Amerikkalaisen Greta Van Flet -yhtyeen Jacob &#8221;Jake&#8221; Kiszkan ty\u00f6st\u00e4 inspiraationsa saanut minikitarra on musiikillinen gadget, joka vieh\u00e4tt\u00e4\u00e4 hard rock -kitaristin faneja. Se sopii hyvin lahjaksi rockmusiikin yst\u00e4v\u00e4lle, Greta Van Flet -fanille ja kitaristille. V\u00e4rik\u00e4s kitara pirist\u00e4\u00e4 musiikin yst\u00e4v\u00e4n huoneen kirjojen t\u00e4ytt\u00e4m\u00e4\u00e4 kirjahylly\u00e4 tai ty\u00f6p\u00f6yt\u00e4\u00e4.Minikitarra on k\u00e4sintehty mahonki puusta. Ker\u00e4ilykappale. Kitaralla ei voi soittaa.&nbsp;Minikitarra Greta Van Flet &#8211; Jacob Kiszka MGT-7849 tekniset tiedot:&nbsp;&bull; Mitat: K. 27,5 cm x L. 9 cm x S. 0,8 cm&bull; Mittakaava: 1:4&bull; Materiaali: mahonki&bull; V\u00e4ri: moniv\u00e4rinen&bull; Sarjaan kuuluu muovi-metallinen teline kitaran asettamista varten&nbsp;Minikitaran Greta Van Flet &#8211; Jacob Kiszka MGT-7849 sopii erinomaisesti:&nbsp;&bull; Greta Van Flet -fanin gadgetiksi &bull; Hard rock -kitaristin musiikkigadgetiksi&bull; Lahjaksi hard rock -fanille&bull; Musiikkip\u00f6yd\u00e4n gadget&nbsp;Huomio! Myyj\u00e4 ei ole mill\u00e4\u00e4n tavalla yhteydess\u00e4 todellisten instrumenttien valmistajiin tai yksitt\u00e4isiin artisteihin. Mallien nimet tai artistien nimet ovat esimerkillisi\u00e4. Kuuluisat nimet palvelevat vain tietyn musiikkityylin esittelemist\u00e4. Mik\u00e4\u00e4n instrumenteista ei ole tarkka kopio mittasuhteiden, koon ja muotoilun suhteen.&nbsp;<\/p>\n","protected":false},"excerpt":{"rendered":"<p>Minikitarra Greta Van Flet Jacob Kiszka MGT-7849&nbsp;Amerikkalaisen Greta Van Flet -yhtyeen Jacob &#8221;Jake&#8221; Kiszkan ty\u00f6st\u00e4 inspiraationsa saanut minikitarra on musiikillinen gadget, joka vieh\u00e4tt\u00e4\u00e4 hard rock -kitaristin faneja. Se sopii hyvin lahjaksi rockmusiikin yst\u00e4v\u00e4lle, Greta Van Flet -fanille ja kitaristille. V\u00e4rik\u00e4s kitara pirist\u00e4\u00e4 musiikin yst\u00e4v\u00e4n huoneen kirjojen t\u00e4ytt\u00e4m\u00e4\u00e4 kirjahylly\u00e4 tai ty\u00f6p\u00f6yt\u00e4\u00e4.Minikitarra on k\u00e4sintehty mahonki puusta. Ker\u00e4ilykappale. [&hellip;]<\/p>\n","protected":false},"featured_media":44747,"comment_status":"open","ping_status":"closed","template":"","meta":[],"product_brand":[],"product_cat":[32],"product_tag":[],"class_list":{"0":"post-36467","1":"product","2":"type-product","3":"status-publish","4":"has-post-thumbnail","6":"product_cat-uncategorized-fi","8":"first","9":"instock","10":"shipping-taxable","11":"purchasable","12":"product-type-simple"},"_links":{"self":[{"href":"https:\/\/nordicmart.andreevmaster.com\/fi\/wp-json\/wp\/v2\/product\/36467","targetHints":{"allow":["GET"]}}],"collection":[{"href":"https:\/\/nordicmart.andreevmaster.com\/fi\/wp-json\/wp\/v2\/product"}],"about":[{"href":"https:\/\/nordicmart.andreevmaster.com\/fi\/wp-json\/wp\/v2\/types\/product"}],"replies":[{"embeddable":true,"href":"https:\/\/nordicmart.andreevmaster.com\/fi\/wp-json\/wp\/v2\/comments?post=36467"}],"wp:featuredmedia":[{"embeddable":true,"href":"https:\/\/nordicmart.andreevmaster.com\/fi\/wp-json\/wp\/v2\/media\/44747"}],"wp:attachment":[{"href":"https:\/\/nordicmart.andreevmaster.com\/fi\/wp-json\/wp\/v2\/media?parent=36467"}],"wp:term":[{"taxonomy":"product_brand","embeddable":true,"href":"https:\/\/nordicmart.andreevmaster.com\/fi\/wp-json\/wp\/v2\/product_brand?post=36467"},{"taxonomy":"product_cat","embeddable":true,"href":"https:\/\/nordicmart.andreevmaster.com\/fi\/wp-json\/wp\/v2\/product_cat?post=36467"},{"taxonomy":"product_tag","embeddable":true,"href":"https:\/\/nordicmart.andreevmaster.com\/fi\/wp-json\/wp\/v2\/product_tag?post=36467"}],"curies":[{"name":"wp","href":"https:\/\/api.w.org\/{rel}","templated":true}]}}