{"id":36466,"date":"2026-02-27T00:34:34","date_gmt":"2026-02-27T00:34:34","guid":{"rendered":"https:\/\/nordicmart.andreevmaster.com\/product\/mini-guitar-scorpions-matthias-jabs-mgt-7818-2\/"},"modified":"2026-02-27T09:52:17","modified_gmt":"2026-02-27T09:52:17","slug":"mini-guitar-scorpions-matthias-jabs-mgt-7818-2","status":"publish","type":"product","link":"https:\/\/nordicmart.andreevmaster.com\/fi\/tuote\/mini-guitar-scorpions-matthias-jabs-mgt-7818-2\/","title":{"rendered":"Mini Guitar Scorpions Matthias Jabs MGT-7818"},"content":{"rendered":"<p>Mini-kitara Scorpions Matthias Jabs MGT-7818&nbsp;Legendaarisen Scorpions-yhtyeen ja sen kitaristin Matthias Jabsin ty\u00f6st\u00e4 inspiraationsa saanut mini-kitara on upea musiikkiv\u00e4line, joka vie t\u00e4m\u00e4n saksalaisen hard rock -yhtyeen fanien syd\u00e4met. Kitara on loistava lahja Scorpionsin ja Jabsin taitojen yst\u00e4ville. Se on mukava lahja kitaristille ja muusikolle.&nbsp;Miniatyyri on valmistettu k\u00e4sin mahonki puusta mittakaavassa 1:4. T\u00e4m\u00e4 on ker\u00e4ilykohde. Kitara ei ole lelu. Sill\u00e4 ei voi soittaa. Mini Guitar Scorpions Matthias Jabs MGT-7818 -tuotteen tiedot: &nbsp;&bull; Mitat: K. 27,5 cm x L. 9 cm x S. 0,8 cm &bull; Mittakaava: 1:4 &bull; Materiaali: mahonki &bull; V\u00e4ri: moniv\u00e4rinen, p\u00e4\u00e4osin musta&bull; Sarjaan kuuluu muovi-metallinen teline kitaran asettamista varten&nbsp;Mini-kitara Scorpions Matthias Jabs MGT-7818 sopii erinomaisesti:&nbsp;&bull; Lahjaksi Scorpions-fanille&bull; Gadgetiksi Matthias Jabs -fanille&bull; Lahjaksi muusikolle&bull; Lahjaksi rock-fanille&nbsp;Huomio! Myyj\u00e4 ei ole mill\u00e4\u00e4n tavalla yhteydess\u00e4 todellisten instrumenttien valmistajiin tai yksitt\u00e4isiin artisteihin. Mallien nimet tai artistien nimet ovat esimerkillisi\u00e4. Kuuluisat nimet palvelevat vain tietyn musiikkityylin esittelemist\u00e4. Mik\u00e4\u00e4n instrumenteista ei ole tarkka kopio mittasuhteiden, koon ja muotoilun suhteen.&nbsp;<\/p>\n","protected":false},"excerpt":{"rendered":"<p>Mini-kitara Scorpions Matthias Jabs MGT-7818&nbsp;Legendaarisen Scorpions-yhtyeen ja sen kitaristin Matthias Jabsin ty\u00f6st\u00e4 inspiraationsa saanut mini-kitara on upea musiikkiv\u00e4line, joka vie t\u00e4m\u00e4n saksalaisen hard rock -yhtyeen fanien syd\u00e4met. Kitara on loistava lahja Scorpionsin ja Jabsin taitojen yst\u00e4ville. Se on mukava lahja kitaristille ja muusikolle.&nbsp;Miniatyyri on valmistettu k\u00e4sin mahonki puusta mittakaavassa 1:4. T\u00e4m\u00e4 on ker\u00e4ilykohde. Kitara ei [&hellip;]<\/p>\n","protected":false},"featured_media":44746,"comment_status":"open","ping_status":"closed","template":"","meta":[],"product_brand":[],"product_cat":[32],"product_tag":[],"class_list":{"0":"post-36466","1":"product","2":"type-product","3":"status-publish","4":"has-post-thumbnail","6":"product_cat-uncategorized-fi","8":"first","9":"instock","10":"shipping-taxable","11":"purchasable","12":"product-type-simple"},"_links":{"self":[{"href":"https:\/\/nordicmart.andreevmaster.com\/fi\/wp-json\/wp\/v2\/product\/36466","targetHints":{"allow":["GET"]}}],"collection":[{"href":"https:\/\/nordicmart.andreevmaster.com\/fi\/wp-json\/wp\/v2\/product"}],"about":[{"href":"https:\/\/nordicmart.andreevmaster.com\/fi\/wp-json\/wp\/v2\/types\/product"}],"replies":[{"embeddable":true,"href":"https:\/\/nordicmart.andreevmaster.com\/fi\/wp-json\/wp\/v2\/comments?post=36466"}],"wp:featuredmedia":[{"embeddable":true,"href":"https:\/\/nordicmart.andreevmaster.com\/fi\/wp-json\/wp\/v2\/media\/44746"}],"wp:attachment":[{"href":"https:\/\/nordicmart.andreevmaster.com\/fi\/wp-json\/wp\/v2\/media?parent=36466"}],"wp:term":[{"taxonomy":"product_brand","embeddable":true,"href":"https:\/\/nordicmart.andreevmaster.com\/fi\/wp-json\/wp\/v2\/product_brand?post=36466"},{"taxonomy":"product_cat","embeddable":true,"href":"https:\/\/nordicmart.andreevmaster.com\/fi\/wp-json\/wp\/v2\/product_cat?post=36466"},{"taxonomy":"product_tag","embeddable":true,"href":"https:\/\/nordicmart.andreevmaster.com\/fi\/wp-json\/wp\/v2\/product_tag?post=36466"}],"curies":[{"name":"wp","href":"https:\/\/api.w.org\/{rel}","templated":true}]}}