{"id":36465,"date":"2026-02-27T00:34:34","date_gmt":"2026-02-27T00:34:34","guid":{"rendered":"https:\/\/nordicmart.andreevmaster.com\/product\/jim-morrisonin-inspiroima-minikitarra-the-doors-mahonki-mgt-6569\/"},"modified":"2026-02-27T09:52:17","modified_gmt":"2026-02-27T09:52:17","slug":"jim-morrisonin-inspiroima-minikitarra-the-doors-mahonki-mgt-6569","status":"publish","type":"product","link":"https:\/\/nordicmart.andreevmaster.com\/fi\/tuote\/jim-morrisonin-inspiroima-minikitarra-the-doors-mahonki-mgt-6569\/","title":{"rendered":"Jim Morrisonin inspiroima minikitarra The Doors &#8211; Mahonki &#8211; MGT-6569"},"content":{"rendered":"<p>Jim Morrisonin The Doorsista inspiroima minikitarra &#8211; Mahonki &#8211; MGT-6569.&nbsp;&nbsp;Koristeellinen minikitarra, joka on saanut inspiraationsa rock-ikonista Jim Morrisonista The Doors -yhtyeest\u00e4. Huolellisesti valmistettu 1:4-mittakaavassa, se on ainutlaatuinen ker\u00e4ilykohde, jossa on silmiinpist\u00e4vi\u00e4 yksityiskohtia. Se sopii erinomaisesti p\u00f6yd\u00e4n, hyllyn tai vitriinin koristeeksi. Erinomainen lahjaidea musiikin yst\u00e4ville.&nbsp;&nbsp;Tuotetiedot:&nbsp;Mitat: korkeus 27,5 cm x leveys 9 cm x syvyys 0,8 cmMittakaava: 1:4Materiaali: mahonkiS\u00e4ilytysteline mukanaKitaraa ei voi soittaa \u2013 se on koriste-esineKer\u00e4ilykohde&nbsp;T\u00e4ydellinen lahja:&nbsp;The Doorsin ja Jim Morrisonin faneilleMini-soittimien ker\u00e4ilij\u00f6illeMuusikoille ja rock-harrastajille<\/p>\n","protected":false},"excerpt":{"rendered":"<p>Jim Morrisonin The Doorsista inspiroima minikitarra &#8211; Mahonki &#8211; MGT-6569.&nbsp;&nbsp;Koristeellinen minikitarra, joka on saanut inspiraationsa rock-ikonista Jim Morrisonista The Doors -yhtyeest\u00e4. Huolellisesti valmistettu 1:4-mittakaavassa, se on ainutlaatuinen ker\u00e4ilykohde, jossa on silmiinpist\u00e4vi\u00e4 yksityiskohtia. Se sopii erinomaisesti p\u00f6yd\u00e4n, hyllyn tai vitriinin koristeeksi. Erinomainen lahjaidea musiikin yst\u00e4ville.&nbsp;&nbsp;Tuotetiedot:&nbsp;Mitat: korkeus 27,5 cm x leveys 9 cm x syvyys 0,8 cmMittakaava: [&hellip;]<\/p>\n","protected":false},"featured_media":44745,"comment_status":"open","ping_status":"closed","template":"","meta":[],"product_brand":[],"product_cat":[32],"product_tag":[],"class_list":{"0":"post-36465","1":"product","2":"type-product","3":"status-publish","4":"has-post-thumbnail","6":"product_cat-uncategorized-fi","8":"first","9":"instock","10":"shipping-taxable","11":"purchasable","12":"product-type-simple"},"_links":{"self":[{"href":"https:\/\/nordicmart.andreevmaster.com\/fi\/wp-json\/wp\/v2\/product\/36465","targetHints":{"allow":["GET"]}}],"collection":[{"href":"https:\/\/nordicmart.andreevmaster.com\/fi\/wp-json\/wp\/v2\/product"}],"about":[{"href":"https:\/\/nordicmart.andreevmaster.com\/fi\/wp-json\/wp\/v2\/types\/product"}],"replies":[{"embeddable":true,"href":"https:\/\/nordicmart.andreevmaster.com\/fi\/wp-json\/wp\/v2\/comments?post=36465"}],"wp:featuredmedia":[{"embeddable":true,"href":"https:\/\/nordicmart.andreevmaster.com\/fi\/wp-json\/wp\/v2\/media\/44745"}],"wp:attachment":[{"href":"https:\/\/nordicmart.andreevmaster.com\/fi\/wp-json\/wp\/v2\/media?parent=36465"}],"wp:term":[{"taxonomy":"product_brand","embeddable":true,"href":"https:\/\/nordicmart.andreevmaster.com\/fi\/wp-json\/wp\/v2\/product_brand?post=36465"},{"taxonomy":"product_cat","embeddable":true,"href":"https:\/\/nordicmart.andreevmaster.com\/fi\/wp-json\/wp\/v2\/product_cat?post=36465"},{"taxonomy":"product_tag","embeddable":true,"href":"https:\/\/nordicmart.andreevmaster.com\/fi\/wp-json\/wp\/v2\/product_tag?post=36465"}],"curies":[{"name":"wp","href":"https:\/\/api.w.org\/{rel}","templated":true}]}}