{"id":36464,"date":"2026-02-27T00:34:34","date_gmt":"2026-02-27T00:34:34","guid":{"rendered":"https:\/\/nordicmart.andreevmaster.com\/product\/bob-dylanin-inspiroima-minikitarra-mgt-5845\/"},"modified":"2026-02-27T09:52:17","modified_gmt":"2026-02-27T09:52:17","slug":"bob-dylanin-inspiroima-minikitarra-mgt-5845","status":"publish","type":"product","link":"https:\/\/nordicmart.andreevmaster.com\/fi\/tuote\/bob-dylanin-inspiroima-minikitarra-mgt-5845\/","title":{"rendered":"Bob Dylanin inspiroima minikitarra &#8211; MGT-5845"},"content":{"rendered":"<p>Bob Dylanin inspiroima minikitarra &#8211; MGT-5845&nbsp;&nbsp;Huolellisesti valmistettu minikitarra on kunnianosoitus yhdelle musiikin suurimmista ikoneista &#8211; Bob Dylanille. Se on valmistettu korkealaatuisesta mahonki puusta ja n\u00e4ytt\u00e4\u00e4 eritt\u00e4in tyylikk\u00e4\u00e4lt\u00e4 ja esteettisesti miellytt\u00e4v\u00e4lt\u00e4.&nbsp;Sit\u00e4 voidaan k\u00e4ytt\u00e4\u00e4 palkintona musiikkikilpailussa, lahjana musiikinopettajalle tai lahjana kitaristille.&nbsp;&nbsp;Tuotetiedot:&nbsp;Mitat: korkeus 27,5 cm x leveys 9 cm x syvyys 0,8 cm Mittakaava: 1:4 Materiaali: mahonkijalusta mukana Kitaraa ei voi soittaa \u2013 se on koriste-esine Ker\u00e4ilykohdeIhanteellinen lahja:&nbsp;Bob Dylanin faneilleMini-soittimien ker\u00e4ilij\u00f6illeMuusikoille ja rock-harrastajilleHenkil\u00f6ille, jotka etsiv\u00e4t omaper\u00e4ist\u00e4 sisustustuotetta&nbsp;<\/p>\n","protected":false},"excerpt":{"rendered":"<p>Bob Dylanin inspiroima minikitarra &#8211; MGT-5845&nbsp;&nbsp;Huolellisesti valmistettu minikitarra on kunnianosoitus yhdelle musiikin suurimmista ikoneista &#8211; Bob Dylanille. Se on valmistettu korkealaatuisesta mahonki puusta ja n\u00e4ytt\u00e4\u00e4 eritt\u00e4in tyylikk\u00e4\u00e4lt\u00e4 ja esteettisesti miellytt\u00e4v\u00e4lt\u00e4.&nbsp;Sit\u00e4 voidaan k\u00e4ytt\u00e4\u00e4 palkintona musiikkikilpailussa, lahjana musiikinopettajalle tai lahjana kitaristille.&nbsp;&nbsp;Tuotetiedot:&nbsp;Mitat: korkeus 27,5 cm x leveys 9 cm x syvyys 0,8 cm Mittakaava: 1:4 Materiaali: mahonkijalusta mukana [&hellip;]<\/p>\n","protected":false},"featured_media":44744,"comment_status":"open","ping_status":"closed","template":"","meta":[],"product_brand":[],"product_cat":[32],"product_tag":[],"class_list":{"0":"post-36464","1":"product","2":"type-product","3":"status-publish","4":"has-post-thumbnail","6":"product_cat-uncategorized-fi","8":"first","9":"instock","10":"shipping-taxable","11":"purchasable","12":"product-type-simple"},"_links":{"self":[{"href":"https:\/\/nordicmart.andreevmaster.com\/fi\/wp-json\/wp\/v2\/product\/36464","targetHints":{"allow":["GET"]}}],"collection":[{"href":"https:\/\/nordicmart.andreevmaster.com\/fi\/wp-json\/wp\/v2\/product"}],"about":[{"href":"https:\/\/nordicmart.andreevmaster.com\/fi\/wp-json\/wp\/v2\/types\/product"}],"replies":[{"embeddable":true,"href":"https:\/\/nordicmart.andreevmaster.com\/fi\/wp-json\/wp\/v2\/comments?post=36464"}],"wp:featuredmedia":[{"embeddable":true,"href":"https:\/\/nordicmart.andreevmaster.com\/fi\/wp-json\/wp\/v2\/media\/44744"}],"wp:attachment":[{"href":"https:\/\/nordicmart.andreevmaster.com\/fi\/wp-json\/wp\/v2\/media?parent=36464"}],"wp:term":[{"taxonomy":"product_brand","embeddable":true,"href":"https:\/\/nordicmart.andreevmaster.com\/fi\/wp-json\/wp\/v2\/product_brand?post=36464"},{"taxonomy":"product_cat","embeddable":true,"href":"https:\/\/nordicmart.andreevmaster.com\/fi\/wp-json\/wp\/v2\/product_cat?post=36464"},{"taxonomy":"product_tag","embeddable":true,"href":"https:\/\/nordicmart.andreevmaster.com\/fi\/wp-json\/wp\/v2\/product_tag?post=36464"}],"curies":[{"name":"wp","href":"https:\/\/api.w.org\/{rel}","templated":true}]}}