{"id":36463,"date":"2026-02-27T00:34:33","date_gmt":"2026-02-27T00:34:33","guid":{"rendered":"https:\/\/nordicmart.andreevmaster.com\/product\/minikitarra-the-beatles-abbey-road-mgt-5159\/"},"modified":"2026-02-27T09:52:17","modified_gmt":"2026-02-27T09:52:17","slug":"minikitarra-the-beatles-abbey-road-mgt-5159","status":"publish","type":"product","link":"https:\/\/nordicmart.andreevmaster.com\/fi\/tuote\/minikitarra-the-beatles-abbey-road-mgt-5159\/","title":{"rendered":"Minikitarra &#8211; The Beatles &#8211; Abbey Road , MGT-5159"},"content":{"rendered":"<p>Minikitarra &#8211; The Beatles &#8211; Abbey Road , MGT-5159 &nbsp;K\u00e4sintehty mahonki mitat: K. 27,5 cm x L. 9 cm x S. 0,8 cm 1:4 mittakaava ker\u00e4ilykohde Upea lahja Beatles-fanille &nbsp;Myyj\u00e4 ei ole mill\u00e4\u00e4n tavalla yhteydess\u00e4 todellisten instrumenttien valmistajiin tai yksitt\u00e4isiin artisteihin. Mallien nimet tai artistien nimet ovat esimerkillisi\u00e4. Kuuluisat nimet palvelevat vain tietynlaisen musiikin tekemisen tyylin esittelemist\u00e4. Mik\u00e4\u00e4n instrumenteista ei ole tarkka kopio mittasuhteiden, koon ja muotoilun suhteen. Kaikki tuotteet on valmistettu k\u00e4sin.&nbsp;<\/p>\n","protected":false},"excerpt":{"rendered":"<p>Minikitarra &#8211; The Beatles &#8211; Abbey Road , MGT-5159 &nbsp;K\u00e4sintehty mahonki mitat: K. 27,5 cm x L. 9 cm x S. 0,8 cm 1:4 mittakaava ker\u00e4ilykohde Upea lahja Beatles-fanille &nbsp;Myyj\u00e4 ei ole mill\u00e4\u00e4n tavalla yhteydess\u00e4 todellisten instrumenttien valmistajiin tai yksitt\u00e4isiin artisteihin. Mallien nimet tai artistien nimet ovat esimerkillisi\u00e4. Kuuluisat nimet palvelevat vain tietynlaisen musiikin tekemisen [&hellip;]<\/p>\n","protected":false},"featured_media":44743,"comment_status":"open","ping_status":"closed","template":"","meta":[],"product_brand":[],"product_cat":[32],"product_tag":[],"class_list":{"0":"post-36463","1":"product","2":"type-product","3":"status-publish","4":"has-post-thumbnail","6":"product_cat-uncategorized-fi","8":"first","9":"instock","10":"shipping-taxable","11":"purchasable","12":"product-type-simple"},"_links":{"self":[{"href":"https:\/\/nordicmart.andreevmaster.com\/fi\/wp-json\/wp\/v2\/product\/36463","targetHints":{"allow":["GET"]}}],"collection":[{"href":"https:\/\/nordicmart.andreevmaster.com\/fi\/wp-json\/wp\/v2\/product"}],"about":[{"href":"https:\/\/nordicmart.andreevmaster.com\/fi\/wp-json\/wp\/v2\/types\/product"}],"replies":[{"embeddable":true,"href":"https:\/\/nordicmart.andreevmaster.com\/fi\/wp-json\/wp\/v2\/comments?post=36463"}],"wp:featuredmedia":[{"embeddable":true,"href":"https:\/\/nordicmart.andreevmaster.com\/fi\/wp-json\/wp\/v2\/media\/44743"}],"wp:attachment":[{"href":"https:\/\/nordicmart.andreevmaster.com\/fi\/wp-json\/wp\/v2\/media?parent=36463"}],"wp:term":[{"taxonomy":"product_brand","embeddable":true,"href":"https:\/\/nordicmart.andreevmaster.com\/fi\/wp-json\/wp\/v2\/product_brand?post=36463"},{"taxonomy":"product_cat","embeddable":true,"href":"https:\/\/nordicmart.andreevmaster.com\/fi\/wp-json\/wp\/v2\/product_cat?post=36463"},{"taxonomy":"product_tag","embeddable":true,"href":"https:\/\/nordicmart.andreevmaster.com\/fi\/wp-json\/wp\/v2\/product_tag?post=36463"}],"curies":[{"name":"wp","href":"https:\/\/api.w.org\/{rel}","templated":true}]}}