{"id":36461,"date":"2026-02-27T00:34:32","date_gmt":"2026-02-27T00:34:32","guid":{"rendered":"https:\/\/nordicmart.andreevmaster.com\/product\/kurt-cobainin-inspiroima-minikitarra-mgt-3247\/"},"modified":"2026-02-27T09:52:16","modified_gmt":"2026-02-27T09:52:16","slug":"kurt-cobainin-inspiroima-minikitarra-mgt-3247","status":"publish","type":"product","link":"https:\/\/nordicmart.andreevmaster.com\/fi\/tuote\/kurt-cobainin-inspiroima-minikitarra-mgt-3247\/","title":{"rendered":"Kurt Cobainin inspiroima minikitarra &#8211; MGT-3247"},"content":{"rendered":"<p>Kurt Cobainin inspiroima minikitarra &#8211; MGT-3247&nbsp;&nbsp;T\u00e4m\u00e4 k\u00e4sintehty mahonki-minikitarra on pakollinen hankinta kaikille Nirvanan ja Kurt Cobainin faneille. T\u00e4ydellinen ker\u00e4ilij\u00f6ille ja rockmusiikin yst\u00e4ville.&nbsp;Minikitarra on k\u00e4sintehty mahonki puusta. Ker\u00e4ilykohde. Kitara ei ole lelu. Sill\u00e4 ei voi soittaa.&nbsp;&nbsp;Tuotetiedot:&nbsp;Mitat: korkeus 27,5 cm x leveys 9 cm x syvyys 0,8 cm Mittakaava: 1:4 Materiaali: mahonki V\u00e4ri: musta, valkoinen Teline: mukana tulee muovi- ja metalliteline, jolle kitara voidaan asettaa.&nbsp;&nbsp;Huomaa, ett\u00e4 myyj\u00e4 ei ole mill\u00e4\u00e4n tavalla sidoksissa varsinaisten instrumenttien valmistajiin tai yksitt\u00e4isiin artisteihin. Mallien nimet tai artistien nimet ovat esimerkillisi\u00e4. Tunnettuja nimi\u00e4 k\u00e4ytet\u00e4\u00e4n vain tietyn musiikkityylin esittelemiseksi. Mik\u00e4\u00e4n instrumenteista ei ole mittasuhteiltaan, kooltaan tai muotoilultaan alkuper\u00e4isen kaltainen.&nbsp;&nbsp;<\/p>\n","protected":false},"excerpt":{"rendered":"<p>Kurt Cobainin inspiroima minikitarra &#8211; MGT-3247&nbsp;&nbsp;T\u00e4m\u00e4 k\u00e4sintehty mahonki-minikitarra on pakollinen hankinta kaikille Nirvanan ja Kurt Cobainin faneille. T\u00e4ydellinen ker\u00e4ilij\u00f6ille ja rockmusiikin yst\u00e4ville.&nbsp;Minikitarra on k\u00e4sintehty mahonki puusta. Ker\u00e4ilykohde. Kitara ei ole lelu. Sill\u00e4 ei voi soittaa.&nbsp;&nbsp;Tuotetiedot:&nbsp;Mitat: korkeus 27,5 cm x leveys 9 cm x syvyys 0,8 cm Mittakaava: 1:4 Materiaali: mahonki V\u00e4ri: musta, valkoinen Teline: mukana [&hellip;]<\/p>\n","protected":false},"featured_media":44742,"comment_status":"open","ping_status":"closed","template":"","meta":[],"product_brand":[],"product_cat":[32],"product_tag":[],"class_list":{"0":"post-36461","1":"product","2":"type-product","3":"status-publish","4":"has-post-thumbnail","6":"product_cat-uncategorized-fi","8":"first","9":"instock","10":"shipping-taxable","11":"purchasable","12":"product-type-simple"},"_links":{"self":[{"href":"https:\/\/nordicmart.andreevmaster.com\/fi\/wp-json\/wp\/v2\/product\/36461","targetHints":{"allow":["GET"]}}],"collection":[{"href":"https:\/\/nordicmart.andreevmaster.com\/fi\/wp-json\/wp\/v2\/product"}],"about":[{"href":"https:\/\/nordicmart.andreevmaster.com\/fi\/wp-json\/wp\/v2\/types\/product"}],"replies":[{"embeddable":true,"href":"https:\/\/nordicmart.andreevmaster.com\/fi\/wp-json\/wp\/v2\/comments?post=36461"}],"wp:featuredmedia":[{"embeddable":true,"href":"https:\/\/nordicmart.andreevmaster.com\/fi\/wp-json\/wp\/v2\/media\/44742"}],"wp:attachment":[{"href":"https:\/\/nordicmart.andreevmaster.com\/fi\/wp-json\/wp\/v2\/media?parent=36461"}],"wp:term":[{"taxonomy":"product_brand","embeddable":true,"href":"https:\/\/nordicmart.andreevmaster.com\/fi\/wp-json\/wp\/v2\/product_brand?post=36461"},{"taxonomy":"product_cat","embeddable":true,"href":"https:\/\/nordicmart.andreevmaster.com\/fi\/wp-json\/wp\/v2\/product_cat?post=36461"},{"taxonomy":"product_tag","embeddable":true,"href":"https:\/\/nordicmart.andreevmaster.com\/fi\/wp-json\/wp\/v2\/product_tag?post=36461"}],"curies":[{"name":"wp","href":"https:\/\/api.w.org\/{rel}","templated":true}]}}