{"id":36460,"date":"2026-02-27T00:34:32","date_gmt":"2026-02-27T00:34:32","guid":{"rendered":"https:\/\/nordicmart.andreevmaster.com\/product\/rollykid-deutz-fahr-rolly-toys-traktori-peravaunulla\/"},"modified":"2026-02-27T09:52:16","modified_gmt":"2026-02-27T09:52:16","slug":"rollykid-deutz-fahr-rolly-toys-traktori-peravaunulla","status":"publish","type":"product","link":"https:\/\/nordicmart.andreevmaster.com\/fi\/tuote\/rollykid-deutz-fahr-rolly-toys-traktori-peravaunulla\/","title":{"rendered":"RollyKid Deutz-Fahr Rolly Toys -traktori per\u00e4vaunulla"},"content":{"rendered":"<p>Yksi markkinoiden parhaista lelutraktoreista lapsille. T\u00e4m\u00e4 traktori on monen pienen traktorinkuljettajan unelmien t\u00e4yttymys. Huolellisesti valmistettu, pienimpi\u00e4kin yksityiskohtia my\u00f6ten. Kukaan oikea maanviljelij\u00e4 ei k\u00e4\u00e4nt\u00e4isi sille selk\u00e4\u00e4ns\u00e4. T\u00e4ydellinen lahja mihin tahansa tilaisuuteen. <\/p>\n<p>Deutz-Fahrzin lisenssill\u00e4 valmistettu RollyKid-traktori, jossa on Rolly Toysin kauha ja per\u00e4vaunu, on yksi markkinoiden parhaista lasten traktoreista. T\u00e4m\u00e4 lelu on monen pienen traktorinkuljettajan unelmien t\u00e4yttymys. Huolellisesti valmistettu, pienimpi\u00e4kin yksityiskohtia my\u00f6ten. Kukaan oikea maanviljelij\u00e4 ei k\u00e4\u00e4nt\u00e4isi t\u00e4lle selk\u00e4\u00e4ns\u00e4. T\u00e4ydellinen lahja mihin tahansa tilaisuuteen. T\u00e4m\u00e4 vihre\u00e4 polkutraktori on ihanteellinen lelu 3-vuotiaille ja sit\u00e4 vanhemmille lapsille. Lelu palvelee lapsianne monien vuosien ajan, tarjoamalla heille paitsi hauskaa puuhaa, my\u00f6s kehitt\u00e4en heid\u00e4n motorisia taitojaan ja koordinaatiotaan. Traktorin rakenne takaa t\u00e4ydellisen turvallisuuden leikin aikana, kiitos sen sis\u00e4\u00e4nrakennetun mekaanisen j\u00e4rjestelm\u00e4n, joka suojaa lasta vahingossa tapahtuvilta loukkaantumisilta. Traktorin korkealaatuinen kiilt\u00e4v\u00e4 muovi on helppo pit\u00e4\u00e4 puhtaana, joten ajoneuvo n\u00e4ytt\u00e4\u00e4 aina uudelta. Lis\u00e4ominaisuudet, kuten liikkuva kauha ja irrotettava per\u00e4vaunu, tuovat vaihtelua leikkiin ja antavat lapselle mahdollisuuden kuljettaa erilaisia esineit\u00e4 ja leikki\u00e4 maatilan t\u00f6it\u00e4. Avattava etukansi lis\u00e4\u00e4 realismia ja antaa lapselle mahdollisuuden leikki\u00e4 entist\u00e4 interaktiivisemmin. Py\u00f6r\u00e4nkapselit ja tukeva ketjuvaihteisto takaavat lelun kest\u00e4vyyden ja luotettavuuden. TUOTE VALMISTETTU T\u00c4YSIN SAKSASSA<\/p>\n<p>OMINAISUUDET: &#8211; Valmistettu Deutz-Fahrin, yhden Euroopan suurimmista maatalouskoneiden valmistajien, lisenssill\u00e4 &#8211; Liikkuva kauha &#8211; antaa lasten leikki\u00e4 rakennusty\u00f6maalla tai maatilalla, mik\u00e4 kehitt\u00e4\u00e4 heid\u00e4n mielikuvitustaan ja k\u00e4dentaitojaan &#8211; Per\u00e4vaunu mukana &#8211; Tuote on valmistettu korkealaatuisesta muovista, joka on helppo pit\u00e4\u00e4 puhtaana. &#8211; Koko mekaaninen j\u00e4rjestelm\u00e4 on turvallisesti suljettu, mik\u00e4 suojaa lapsia vahingossa tapahtuvilta loukkaantumisilta &#8211; Takakytkin &#8211; mahdollistaa lis\u00e4varusteiden tai per\u00e4vaunujen kiinnitt\u00e4misen, mik\u00e4 lis\u00e4\u00e4 traktorin toiminnallisuutta.<\/p>\n","protected":false},"excerpt":{"rendered":"<p>Yksi markkinoiden parhaista lelutraktoreista lapsille. T\u00e4m\u00e4 traktori on monen pienen traktorinkuljettajan unelmien t\u00e4yttymys. Huolellisesti valmistettu, pienimpi\u00e4kin yksityiskohtia my\u00f6ten. Kukaan oikea maanviljelij\u00e4 ei k\u00e4\u00e4nt\u00e4isi sille selk\u00e4\u00e4ns\u00e4. T\u00e4ydellinen lahja mihin tahansa tilaisuuteen. Deutz-Fahrzin lisenssill\u00e4 valmistettu RollyKid-traktori, jossa on Rolly Toysin kauha ja per\u00e4vaunu, on yksi markkinoiden parhaista lasten traktoreista. T\u00e4m\u00e4 lelu on monen pienen traktorinkuljettajan unelmien t\u00e4yttymys. [&hellip;]<\/p>\n","protected":false},"featured_media":0,"comment_status":"open","ping_status":"closed","template":"","meta":[],"product_brand":[],"product_cat":[32],"product_tag":[],"class_list":{"0":"post-36460","1":"product","2":"type-product","3":"status-publish","5":"product_cat-uncategorized-fi","7":"first","8":"instock","9":"shipping-taxable","10":"purchasable","11":"product-type-simple"},"_links":{"self":[{"href":"https:\/\/nordicmart.andreevmaster.com\/fi\/wp-json\/wp\/v2\/product\/36460","targetHints":{"allow":["GET"]}}],"collection":[{"href":"https:\/\/nordicmart.andreevmaster.com\/fi\/wp-json\/wp\/v2\/product"}],"about":[{"href":"https:\/\/nordicmart.andreevmaster.com\/fi\/wp-json\/wp\/v2\/types\/product"}],"replies":[{"embeddable":true,"href":"https:\/\/nordicmart.andreevmaster.com\/fi\/wp-json\/wp\/v2\/comments?post=36460"}],"wp:attachment":[{"href":"https:\/\/nordicmart.andreevmaster.com\/fi\/wp-json\/wp\/v2\/media?parent=36460"}],"wp:term":[{"taxonomy":"product_brand","embeddable":true,"href":"https:\/\/nordicmart.andreevmaster.com\/fi\/wp-json\/wp\/v2\/product_brand?post=36460"},{"taxonomy":"product_cat","embeddable":true,"href":"https:\/\/nordicmart.andreevmaster.com\/fi\/wp-json\/wp\/v2\/product_cat?post=36460"},{"taxonomy":"product_tag","embeddable":true,"href":"https:\/\/nordicmart.andreevmaster.com\/fi\/wp-json\/wp\/v2\/product_tag?post=36460"}],"curies":[{"name":"wp","href":"https:\/\/api.w.org\/{rel}","templated":true}]}}