{"id":36459,"date":"2026-02-27T00:34:32","date_gmt":"2026-02-27T00:34:32","guid":{"rendered":"https:\/\/nordicmart.andreevmaster.com\/product\/rolly-toys-rollykid-x-polkutraktori-jossa-on-kauha-ja-peravaunu\/"},"modified":"2026-02-27T09:52:16","modified_gmt":"2026-02-27T09:52:16","slug":"rolly-toys-rollykid-x-polkutraktori-jossa-on-kauha-ja-peravaunu","status":"publish","type":"product","link":"https:\/\/nordicmart.andreevmaster.com\/fi\/tuote\/rolly-toys-rollykid-x-polkutraktori-jossa-on-kauha-ja-peravaunu\/","title":{"rendered":"Rolly Toys rollyKid-X polkutraktori, jossa on kauha ja per\u00e4vaunu"},"content":{"rendered":"<p>Rolly Toysin rollyKid NH T 7040 -traktori, jossa on kauha ja per\u00e4vaunu, on huippulaatuinen ajettava lelu, joka on suunniteltu pienimmille k\u00e4ytt\u00e4jille. T\u00e4m\u00e4 sininen polkutraktori on t\u00e4ydellinen lelu 2,5-vuotiaille ja sit\u00e4 vanhemmille lapsille. Lelu palvelee lapsia monien vuosien ajan, tarjoaa heille hauskaa ajanvietett\u00e4 ja kehitt\u00e4\u00e4 heid\u00e4n motorisia taitojaan ja koordinaatiotaan. Traktorin rakenne takaa t\u00e4ydellisen turvallisuuden leikin aikana, sill\u00e4 sen sis\u00e4\u00e4nrakennettu mekaaninen j\u00e4rjestelm\u00e4 suojaa lasta vahingoilta. Traktorin kaunis vihre\u00e4 v\u00e4ri ja keltainen kauha her\u00e4tt\u00e4v\u00e4t lapsen huomion ja n\u00e4ytt\u00e4v\u00e4t upeilta. Lis\u00e4ominaisuudet, kuten liikkuva kauha ja irrotettava per\u00e4vaunu, tuovat leikkiin vaihtelua, sill\u00e4 lapsi voi kuljettaa erilaisia esineit\u00e4 ja leikki\u00e4 maatilan t\u00f6it\u00e4. Avattava etukansi lis\u00e4\u00e4 realismia ja mahdollistaa entist\u00e4 interaktiivisemman leikin. Py\u00f6r\u00e4nkapselit ja tukeva ketjuvaihteisto takaavat lelun kest\u00e4vyyden ja luotettavuuden. Ominaisuudet: &#8211; mekaaninen j\u00e4rjestelm\u00e4 on suljettu ja lasten ulottumattomissa &#8211; sarja sis\u00e4lt\u00e4\u00e4 traktorin, per\u00e4vaunun ja liikkuvan kauhan, mik\u00e4 tekee leikist\u00e4 entist\u00e4 hauskempaa ja mahdollistaa erilaisten esineiden kuljettamisen ja lastaamisen.- Sarja sis\u00e4lt\u00e4\u00e4 traktorin, per\u00e4vaunun ja liikkuvan kauhan, mik\u00e4 tekee leikist\u00e4 entist\u00e4 hauskempaa ja mahdollistaa erilaisten esineiden kuljettamisen ja lastaamisen. &#8211; Avaettava etukansi \u2013 lapset voivat avata traktorin konepellin ja s\u00e4ilytt\u00e4\u00e4 siell\u00e4 leikkiin tarvittavia pieni\u00e4 esineit\u00e4. &#8211; Sis\u00e4\u00e4nrakennettu, s\u00e4\u00e4dett\u00e4v\u00e4 ketjuveto \u2013 koko mekaaninen j\u00e4rjestelm\u00e4 on turvallisesti suljettu, mik\u00e4 suojaa lapsia vahingossa tapahtuvilta loukkaantumisilta.- Liikkuva kauha \u2013 lasten on helppo leikki\u00e4 rakennusty\u00f6maalla tai maatilalla, mik\u00e4 kehitt\u00e4\u00e4 heid\u00e4n mielikuvitustaan ja k\u00e4dentaitojaan. &#8211; Irrotettava per\u00e4vaunu \u2013 helposti irrotettava ja kiinnitett\u00e4v\u00e4 per\u00e4vaunu mahdollistaa erilaisten esineiden kuljettamisen, mik\u00e4 lis\u00e4\u00e4 traktorin toiminnallisuutta. &#8211; Takana on vetokoukku, jonka avulla voit kiinnitt\u00e4\u00e4 lis\u00e4varusteita tai per\u00e4vaunuja, mik\u00e4 lis\u00e4\u00e4 traktorin toiminnallisuutta.<\/p>\n","protected":false},"excerpt":{"rendered":"<p>Rolly Toysin rollyKid NH T 7040 -traktori, jossa on kauha ja per\u00e4vaunu, on huippulaatuinen ajettava lelu, joka on suunniteltu pienimmille k\u00e4ytt\u00e4jille. T\u00e4m\u00e4 sininen polkutraktori on t\u00e4ydellinen lelu 2,5-vuotiaille ja sit\u00e4 vanhemmille lapsille. Lelu palvelee lapsia monien vuosien ajan, tarjoaa heille hauskaa ajanvietett\u00e4 ja kehitt\u00e4\u00e4 heid\u00e4n motorisia taitojaan ja koordinaatiotaan. Traktorin rakenne takaa t\u00e4ydellisen turvallisuuden leikin [&hellip;]<\/p>\n","protected":false},"featured_media":0,"comment_status":"open","ping_status":"closed","template":"","meta":[],"product_brand":[],"product_cat":[32],"product_tag":[],"class_list":{"0":"post-36459","1":"product","2":"type-product","3":"status-publish","5":"product_cat-uncategorized-fi","7":"first","8":"instock","9":"shipping-taxable","10":"purchasable","11":"product-type-simple"},"_links":{"self":[{"href":"https:\/\/nordicmart.andreevmaster.com\/fi\/wp-json\/wp\/v2\/product\/36459","targetHints":{"allow":["GET"]}}],"collection":[{"href":"https:\/\/nordicmart.andreevmaster.com\/fi\/wp-json\/wp\/v2\/product"}],"about":[{"href":"https:\/\/nordicmart.andreevmaster.com\/fi\/wp-json\/wp\/v2\/types\/product"}],"replies":[{"embeddable":true,"href":"https:\/\/nordicmart.andreevmaster.com\/fi\/wp-json\/wp\/v2\/comments?post=36459"}],"wp:attachment":[{"href":"https:\/\/nordicmart.andreevmaster.com\/fi\/wp-json\/wp\/v2\/media?parent=36459"}],"wp:term":[{"taxonomy":"product_brand","embeddable":true,"href":"https:\/\/nordicmart.andreevmaster.com\/fi\/wp-json\/wp\/v2\/product_brand?post=36459"},{"taxonomy":"product_cat","embeddable":true,"href":"https:\/\/nordicmart.andreevmaster.com\/fi\/wp-json\/wp\/v2\/product_cat?post=36459"},{"taxonomy":"product_tag","embeddable":true,"href":"https:\/\/nordicmart.andreevmaster.com\/fi\/wp-json\/wp\/v2\/product_tag?post=36459"}],"curies":[{"name":"wp","href":"https:\/\/api.w.org\/{rel}","templated":true}]}}