{"id":36458,"date":"2026-02-27T00:34:32","date_gmt":"2026-02-27T00:34:32","guid":{"rendered":"https:\/\/nordicmart.andreevmaster.com\/product\/slash-tyylinen-minikitara-mgt-2653\/"},"modified":"2026-02-27T09:52:15","modified_gmt":"2026-02-27T09:52:15","slug":"slash-tyylinen-minikitara-mgt-2653","status":"publish","type":"product","link":"https:\/\/nordicmart.andreevmaster.com\/fi\/tuote\/slash-tyylinen-minikitara-mgt-2653\/","title":{"rendered":"Slash-tyylinen minikitara &#8211; MGT-2653"},"content":{"rendered":"<p>Slash-tyylinen minikitarra &#8211; MGT-2653&nbsp;&nbsp;&nbsp;Slash-tyylinen minikitarra on t\u00e4ydellinen gadget rockmusiikin yst\u00e4ville. Se on upea p\u00f6yt\u00e4koriste t\u00e4m\u00e4n legendaarisen kitaristin yst\u00e4ville. T\u00e4m\u00e4 miniatyyri on valmistettu k\u00e4sity\u00f6n\u00e4 mahonki puusta mittakaavassa 1:4.&nbsp;&nbsp;Tuotetiedot:&nbsp;Mitat: korkeus 24,5 cmMittakaava: 1:4Materiaali: mahonki puuTeline mukana&nbsp;&nbsp;Huomaa, ett\u00e4 myyj\u00e4 ei ole mill\u00e4\u00e4n tavalla sidoksissa todellisten instrumenttien valmistajiin tai yksitt\u00e4isiin artisteihin. Mallien nimet tai artistien nimet ovat esimerkkej\u00e4. Tunnettuja nimi\u00e4 k\u00e4ytet\u00e4\u00e4n vain tietyn musiikkityylin esittelemiseen. Mik\u00e4\u00e4n instrumenteista ei ole mittasuhteiltaan, kooltaan tai muotoilultaan alkuper\u00e4isen kaltainen.&nbsp;<\/p>\n","protected":false},"excerpt":{"rendered":"<p>Slash-tyylinen minikitarra &#8211; MGT-2653&nbsp;&nbsp;&nbsp;Slash-tyylinen minikitarra on t\u00e4ydellinen gadget rockmusiikin yst\u00e4ville. Se on upea p\u00f6yt\u00e4koriste t\u00e4m\u00e4n legendaarisen kitaristin yst\u00e4ville. T\u00e4m\u00e4 miniatyyri on valmistettu k\u00e4sity\u00f6n\u00e4 mahonki puusta mittakaavassa 1:4.&nbsp;&nbsp;Tuotetiedot:&nbsp;Mitat: korkeus 24,5 cmMittakaava: 1:4Materiaali: mahonki puuTeline mukana&nbsp;&nbsp;Huomaa, ett\u00e4 myyj\u00e4 ei ole mill\u00e4\u00e4n tavalla sidoksissa todellisten instrumenttien valmistajiin tai yksitt\u00e4isiin artisteihin. Mallien nimet tai artistien nimet ovat esimerkkej\u00e4. Tunnettuja [&hellip;]<\/p>\n","protected":false},"featured_media":44741,"comment_status":"open","ping_status":"closed","template":"","meta":[],"product_brand":[],"product_cat":[32],"product_tag":[],"class_list":{"0":"post-36458","1":"product","2":"type-product","3":"status-publish","4":"has-post-thumbnail","6":"product_cat-uncategorized-fi","8":"first","9":"instock","10":"shipping-taxable","11":"purchasable","12":"product-type-simple"},"_links":{"self":[{"href":"https:\/\/nordicmart.andreevmaster.com\/fi\/wp-json\/wp\/v2\/product\/36458","targetHints":{"allow":["GET"]}}],"collection":[{"href":"https:\/\/nordicmart.andreevmaster.com\/fi\/wp-json\/wp\/v2\/product"}],"about":[{"href":"https:\/\/nordicmart.andreevmaster.com\/fi\/wp-json\/wp\/v2\/types\/product"}],"replies":[{"embeddable":true,"href":"https:\/\/nordicmart.andreevmaster.com\/fi\/wp-json\/wp\/v2\/comments?post=36458"}],"wp:featuredmedia":[{"embeddable":true,"href":"https:\/\/nordicmart.andreevmaster.com\/fi\/wp-json\/wp\/v2\/media\/44741"}],"wp:attachment":[{"href":"https:\/\/nordicmart.andreevmaster.com\/fi\/wp-json\/wp\/v2\/media?parent=36458"}],"wp:term":[{"taxonomy":"product_brand","embeddable":true,"href":"https:\/\/nordicmart.andreevmaster.com\/fi\/wp-json\/wp\/v2\/product_brand?post=36458"},{"taxonomy":"product_cat","embeddable":true,"href":"https:\/\/nordicmart.andreevmaster.com\/fi\/wp-json\/wp\/v2\/product_cat?post=36458"},{"taxonomy":"product_tag","embeddable":true,"href":"https:\/\/nordicmart.andreevmaster.com\/fi\/wp-json\/wp\/v2\/product_tag?post=36458"}],"curies":[{"name":"wp","href":"https:\/\/api.w.org\/{rel}","templated":true}]}}