{"id":36457,"date":"2026-02-27T00:34:31","date_gmt":"2026-02-27T00:34:31","guid":{"rendered":"https:\/\/nordicmart.andreevmaster.com\/product\/stingin-tyylinen-minikitarra-mgt-2554\/"},"modified":"2026-02-27T09:52:15","modified_gmt":"2026-02-27T09:52:15","slug":"stingin-tyylinen-minikitarra-mgt-2554","status":"publish","type":"product","link":"https:\/\/nordicmart.andreevmaster.com\/fi\/tuote\/stingin-tyylinen-minikitarra-mgt-2554\/","title":{"rendered":"Stingin tyylinen minikitarra &#8211; MGT-2554"},"content":{"rendered":"<p>Stingin tyylinen minikitarra &#8211; MGT-2554&nbsp;&nbsp;&nbsp;Stingin innoittama minikitarra on loistava gadget musiikin yst\u00e4ville. Se on t\u00e4ydellinen lahja niille, jotka arvostavat musiikillista tunnelmaa ja haluavat lis\u00e4t\u00e4 musiikillisen kosketuksen ymp\u00e4rist\u00f6\u00f6ns\u00e4.&nbsp;&nbsp;&nbsp;Tuotetiedot:&nbsp;Mitat: korkeus 24,5 cm Mittakaava: 1:4 Materiaali: mahonki Mukana muovinen ja metallinen teline kitaran asettamista varten&nbsp;&nbsp;Huomaa, ett\u00e4 myyj\u00e4 ei ole mill\u00e4\u00e4n tavalla sidoksissa todellisten instrumenttien valmistajiin tai yksitt\u00e4isiin artisteihin. Mallien tai artistien nimet ovat esimerkillisi\u00e4. Tunnettuja nimi\u00e4 k\u00e4ytet\u00e4\u00e4n vain tietyn musiikkityylin esittelemiseen. Mik\u00e4\u00e4n instrumenteista ei ole mittasuhteiltaan, kooltaan tai muotoilultaan alkuper\u00e4isen kaltainen.&nbsp;<\/p>\n","protected":false},"excerpt":{"rendered":"<p>Stingin tyylinen minikitarra &#8211; MGT-2554&nbsp;&nbsp;&nbsp;Stingin innoittama minikitarra on loistava gadget musiikin yst\u00e4ville. Se on t\u00e4ydellinen lahja niille, jotka arvostavat musiikillista tunnelmaa ja haluavat lis\u00e4t\u00e4 musiikillisen kosketuksen ymp\u00e4rist\u00f6\u00f6ns\u00e4.&nbsp;&nbsp;&nbsp;Tuotetiedot:&nbsp;Mitat: korkeus 24,5 cm Mittakaava: 1:4 Materiaali: mahonki Mukana muovinen ja metallinen teline kitaran asettamista varten&nbsp;&nbsp;Huomaa, ett\u00e4 myyj\u00e4 ei ole mill\u00e4\u00e4n tavalla sidoksissa todellisten instrumenttien valmistajiin tai yksitt\u00e4isiin artisteihin. [&hellip;]<\/p>\n","protected":false},"featured_media":44740,"comment_status":"open","ping_status":"closed","template":"","meta":[],"product_brand":[],"product_cat":[32],"product_tag":[],"class_list":{"0":"post-36457","1":"product","2":"type-product","3":"status-publish","4":"has-post-thumbnail","6":"product_cat-uncategorized-fi","8":"first","9":"instock","10":"shipping-taxable","11":"purchasable","12":"product-type-simple"},"_links":{"self":[{"href":"https:\/\/nordicmart.andreevmaster.com\/fi\/wp-json\/wp\/v2\/product\/36457","targetHints":{"allow":["GET"]}}],"collection":[{"href":"https:\/\/nordicmart.andreevmaster.com\/fi\/wp-json\/wp\/v2\/product"}],"about":[{"href":"https:\/\/nordicmart.andreevmaster.com\/fi\/wp-json\/wp\/v2\/types\/product"}],"replies":[{"embeddable":true,"href":"https:\/\/nordicmart.andreevmaster.com\/fi\/wp-json\/wp\/v2\/comments?post=36457"}],"wp:featuredmedia":[{"embeddable":true,"href":"https:\/\/nordicmart.andreevmaster.com\/fi\/wp-json\/wp\/v2\/media\/44740"}],"wp:attachment":[{"href":"https:\/\/nordicmart.andreevmaster.com\/fi\/wp-json\/wp\/v2\/media?parent=36457"}],"wp:term":[{"taxonomy":"product_brand","embeddable":true,"href":"https:\/\/nordicmart.andreevmaster.com\/fi\/wp-json\/wp\/v2\/product_brand?post=36457"},{"taxonomy":"product_cat","embeddable":true,"href":"https:\/\/nordicmart.andreevmaster.com\/fi\/wp-json\/wp\/v2\/product_cat?post=36457"},{"taxonomy":"product_tag","embeddable":true,"href":"https:\/\/nordicmart.andreevmaster.com\/fi\/wp-json\/wp\/v2\/product_tag?post=36457"}],"curies":[{"name":"wp","href":"https:\/\/api.w.org\/{rel}","templated":true}]}}