{"id":36456,"date":"2026-02-27T00:34:31","date_gmt":"2026-02-27T00:34:31","guid":{"rendered":"https:\/\/nordicmart.andreevmaster.com\/product\/mini-kitara-prince-tyylilla-mgt-2349\/"},"modified":"2026-02-27T09:52:15","modified_gmt":"2026-02-27T09:52:15","slug":"mini-kitara-prince-tyylilla-mgt-2349","status":"publish","type":"product","link":"https:\/\/nordicmart.andreevmaster.com\/fi\/tuote\/mini-kitara-prince-tyylilla-mgt-2349\/","title":{"rendered":"Mini-kitara Prince-tyylill\u00e4 &#8211; MGT-2349"},"content":{"rendered":"<p>Mini-kitara Prince-tyylill\u00e4 &#8211; MGT-2349 &nbsp;&nbsp;&nbsp;Mini-kitara mahonki-puusta, k\u00e4sinmaalattu&nbsp;Blister-tyyppinen pakkaus&nbsp;Mitat: korkeus 24,5 cm&nbsp;Muovinen teline mukana&nbsp;Valmistettu mittakaavassa 1:4&nbsp;Ker\u00e4ilykohde&nbsp;&nbsp;&nbsp;Huomaa, ett\u00e4 tuote ei ole lelu. Se ei ole virallinen kopio soittimesta.&nbsp;&nbsp;&nbsp;Myyj\u00e4 ei ole mill\u00e4\u00e4n tavalla sidoksissa todellisten soittimien valmistajiin tai yksitt\u00e4isiin artisteihin. Mallien tai artistien nimet ovat esimerkillisi\u00e4. Mik\u00e4\u00e4n instrumenteista ei ole mittasuhteiltaan, kooltaan tai muotoilultaan uskollinen kopio.<\/p>\n","protected":false},"excerpt":{"rendered":"<p>Mini-kitara Prince-tyylill\u00e4 &#8211; MGT-2349 &nbsp;&nbsp;&nbsp;Mini-kitara mahonki-puusta, k\u00e4sinmaalattu&nbsp;Blister-tyyppinen pakkaus&nbsp;Mitat: korkeus 24,5 cm&nbsp;Muovinen teline mukana&nbsp;Valmistettu mittakaavassa 1:4&nbsp;Ker\u00e4ilykohde&nbsp;&nbsp;&nbsp;Huomaa, ett\u00e4 tuote ei ole lelu. Se ei ole virallinen kopio soittimesta.&nbsp;&nbsp;&nbsp;Myyj\u00e4 ei ole mill\u00e4\u00e4n tavalla sidoksissa todellisten soittimien valmistajiin tai yksitt\u00e4isiin artisteihin. Mallien tai artistien nimet ovat esimerkillisi\u00e4. Mik\u00e4\u00e4n instrumenteista ei ole mittasuhteiltaan, kooltaan tai muotoilultaan uskollinen kopio.<\/p>\n","protected":false},"featured_media":44739,"comment_status":"open","ping_status":"closed","template":"","meta":[],"product_brand":[],"product_cat":[32],"product_tag":[],"class_list":{"0":"post-36456","1":"product","2":"type-product","3":"status-publish","4":"has-post-thumbnail","6":"product_cat-uncategorized-fi","8":"first","9":"instock","10":"shipping-taxable","11":"purchasable","12":"product-type-simple"},"_links":{"self":[{"href":"https:\/\/nordicmart.andreevmaster.com\/fi\/wp-json\/wp\/v2\/product\/36456","targetHints":{"allow":["GET"]}}],"collection":[{"href":"https:\/\/nordicmart.andreevmaster.com\/fi\/wp-json\/wp\/v2\/product"}],"about":[{"href":"https:\/\/nordicmart.andreevmaster.com\/fi\/wp-json\/wp\/v2\/types\/product"}],"replies":[{"embeddable":true,"href":"https:\/\/nordicmart.andreevmaster.com\/fi\/wp-json\/wp\/v2\/comments?post=36456"}],"wp:featuredmedia":[{"embeddable":true,"href":"https:\/\/nordicmart.andreevmaster.com\/fi\/wp-json\/wp\/v2\/media\/44739"}],"wp:attachment":[{"href":"https:\/\/nordicmart.andreevmaster.com\/fi\/wp-json\/wp\/v2\/media?parent=36456"}],"wp:term":[{"taxonomy":"product_brand","embeddable":true,"href":"https:\/\/nordicmart.andreevmaster.com\/fi\/wp-json\/wp\/v2\/product_brand?post=36456"},{"taxonomy":"product_cat","embeddable":true,"href":"https:\/\/nordicmart.andreevmaster.com\/fi\/wp-json\/wp\/v2\/product_cat?post=36456"},{"taxonomy":"product_tag","embeddable":true,"href":"https:\/\/nordicmart.andreevmaster.com\/fi\/wp-json\/wp\/v2\/product_tag?post=36456"}],"curies":[{"name":"wp","href":"https:\/\/api.w.org\/{rel}","templated":true}]}}