{"id":36455,"date":"2026-02-27T00:34:31","date_gmt":"2026-02-27T00:34:31","guid":{"rendered":"https:\/\/nordicmart.andreevmaster.com\/product\/led-zeppelin-mini-guitar-jimmy-page-double-neck-mgt-2059-2\/"},"modified":"2026-02-27T09:52:15","modified_gmt":"2026-02-27T09:52:15","slug":"led-zeppelin-mini-guitar-jimmy-page-double-neck-mgt-2059-2","status":"publish","type":"product","link":"https:\/\/nordicmart.andreevmaster.com\/fi\/tuote\/led-zeppelin-mini-guitar-jimmy-page-double-neck-mgt-2059-2\/","title":{"rendered":"Led Zeppelin Mini Guitar &#8211; Jimmy Page &#8211; Double Neck MGT-2059"},"content":{"rendered":"<p>Led Zeppelin Mini Guitar &#8211; Jimmy Page &#8211; Double Neck MGT-2059&nbsp;Mini-kitara, joka on saanut inspiraationsa legendaarisesta kaksikaulaisesta Gibsonista, jota Jimmy Page k\u00e4ytti ikonisen Led Zeppelin -yhtyeen kanssa, on musiikillinen gadget, joka vetoaa eritt\u00e4in suositun brittil\u00e4isen yhtyeen faneihin. Se on loistava lahja hard rockin pioneerien faneille, Led Zeppelin -faneille ja kitaravirtuooseille.&nbsp;Minikitarra on k\u00e4sintehty mahonki puusta. Ker\u00e4ilykohde. Kitaralla ei voi soittaa. Led Zeppelin -minikitarra \u2013 Jimmy Page \u2013 kaksikaulainen MGT-2059 tekniset tiedot:&nbsp;&bull; Mitat: K. 27,5 cm x L. 9 cm x S. 0,8 cm&bull; Mittakaava: 1:4&bull; Materiaali: mahonki&bull; V\u00e4ri: ruskea, musta&bull; Sarjaan kuuluu muovi-metallinen teline kitaran asettamista varten&nbsp;Mini-kitara Led Zeppelin &#8211; Jimmy Page &#8211; Double Neck MGT-2059 sopii erinomaisesti:&nbsp;&bull; Lahjaksi Led Zeppelin -fanille&bull; Gadget kitaristille&bull; Lahjaksi kitaravirtuoosille&bull; Musiikillinen p\u00f6yt\u00e4koriste&nbsp;Huomio! Myyj\u00e4 ei ole mill\u00e4\u00e4n tavalla yhteydess\u00e4 todellisten instrumenttien valmistajiin tai yksitt\u00e4isiin artisteihin. Mallien nimet tai artistien nimet ovat esimerkillisi\u00e4. Kuuluisat nimet palvelevat vain tietyn musiikkityylin esittelemist\u00e4. Mik\u00e4\u00e4n instrumenteista ei ole tarkka kopio mittasuhteiden, koon ja muotoilun suhteen.&nbsp;<\/p>\n","protected":false},"excerpt":{"rendered":"<p>Led Zeppelin Mini Guitar &#8211; Jimmy Page &#8211; Double Neck MGT-2059&nbsp;Mini-kitara, joka on saanut inspiraationsa legendaarisesta kaksikaulaisesta Gibsonista, jota Jimmy Page k\u00e4ytti ikonisen Led Zeppelin -yhtyeen kanssa, on musiikillinen gadget, joka vetoaa eritt\u00e4in suositun brittil\u00e4isen yhtyeen faneihin. Se on loistava lahja hard rockin pioneerien faneille, Led Zeppelin -faneille ja kitaravirtuooseille.&nbsp;Minikitarra on k\u00e4sintehty mahonki puusta. Ker\u00e4ilykohde. [&hellip;]<\/p>\n","protected":false},"featured_media":44738,"comment_status":"open","ping_status":"closed","template":"","meta":[],"product_brand":[],"product_cat":[32],"product_tag":[],"class_list":{"0":"post-36455","1":"product","2":"type-product","3":"status-publish","4":"has-post-thumbnail","6":"product_cat-uncategorized-fi","8":"first","9":"instock","10":"shipping-taxable","11":"purchasable","12":"product-type-simple"},"_links":{"self":[{"href":"https:\/\/nordicmart.andreevmaster.com\/fi\/wp-json\/wp\/v2\/product\/36455","targetHints":{"allow":["GET"]}}],"collection":[{"href":"https:\/\/nordicmart.andreevmaster.com\/fi\/wp-json\/wp\/v2\/product"}],"about":[{"href":"https:\/\/nordicmart.andreevmaster.com\/fi\/wp-json\/wp\/v2\/types\/product"}],"replies":[{"embeddable":true,"href":"https:\/\/nordicmart.andreevmaster.com\/fi\/wp-json\/wp\/v2\/comments?post=36455"}],"wp:featuredmedia":[{"embeddable":true,"href":"https:\/\/nordicmart.andreevmaster.com\/fi\/wp-json\/wp\/v2\/media\/44738"}],"wp:attachment":[{"href":"https:\/\/nordicmart.andreevmaster.com\/fi\/wp-json\/wp\/v2\/media?parent=36455"}],"wp:term":[{"taxonomy":"product_brand","embeddable":true,"href":"https:\/\/nordicmart.andreevmaster.com\/fi\/wp-json\/wp\/v2\/product_brand?post=36455"},{"taxonomy":"product_cat","embeddable":true,"href":"https:\/\/nordicmart.andreevmaster.com\/fi\/wp-json\/wp\/v2\/product_cat?post=36455"},{"taxonomy":"product_tag","embeddable":true,"href":"https:\/\/nordicmart.andreevmaster.com\/fi\/wp-json\/wp\/v2\/product_tag?post=36455"}],"curies":[{"name":"wp","href":"https:\/\/api.w.org\/{rel}","templated":true}]}}