{"id":36454,"date":"2026-02-27T00:34:31","date_gmt":"2026-02-27T00:34:31","guid":{"rendered":"https:\/\/nordicmart.andreevmaster.com\/product\/rumpukapulat-avaimenpera-eck-2003\/"},"modified":"2026-02-27T09:52:14","modified_gmt":"2026-02-27T09:52:14","slug":"rumpukapulat-avaimenpera-eck-2003","status":"publish","type":"product","link":"https:\/\/nordicmart.andreevmaster.com\/fi\/tuote\/rumpukapulat-avaimenpera-eck-2003\/","title":{"rendered":"Rumpukapulat-avaimenper\u00e4 &#8211; ECK-2003"},"content":{"rendered":"<p>Rumpukapulat-avaimenper\u00e4 &#8211; ECK-2003&nbsp;&nbsp;Rumpukapulat-avaimenper\u00e4 on musiikillinen gadget, joka sopii pieneksi lahjaksi rumpalille. &nbsp;Avaimenper\u00e4 on valmistettu mahongista. Metallinen ketju ja rengas avainten kiinnitt\u00e4mist\u00e4 varten.&nbsp;&nbsp;&nbsp;ECK-2003 rumpukapulat-avaimenper\u00e4n tiedot:&nbsp;Mitat: 6 x 11 x 0,5 cm Materiaali: puu (mahonki), metalli V\u00e4ri: ruskea&nbsp;&nbsp;ECK-2003 rumpukapulat-avaimenper\u00e4 sopii erinomaisesti:&nbsp;pieneksi lahjaksi rumpalille lahjaksi rumpalille lahjaksi muusikolle&nbsp;&nbsp;<\/p>\n","protected":false},"excerpt":{"rendered":"<p>Rumpukapulat-avaimenper\u00e4 &#8211; ECK-2003&nbsp;&nbsp;Rumpukapulat-avaimenper\u00e4 on musiikillinen gadget, joka sopii pieneksi lahjaksi rumpalille. &nbsp;Avaimenper\u00e4 on valmistettu mahongista. Metallinen ketju ja rengas avainten kiinnitt\u00e4mist\u00e4 varten.&nbsp;&nbsp;&nbsp;ECK-2003 rumpukapulat-avaimenper\u00e4n tiedot:&nbsp;Mitat: 6 x 11 x 0,5 cm Materiaali: puu (mahonki), metalli V\u00e4ri: ruskea&nbsp;&nbsp;ECK-2003 rumpukapulat-avaimenper\u00e4 sopii erinomaisesti:&nbsp;pieneksi lahjaksi rumpalille lahjaksi rumpalille lahjaksi muusikolle&nbsp;&nbsp;<\/p>\n","protected":false},"featured_media":44737,"comment_status":"open","ping_status":"closed","template":"","meta":[],"product_brand":[],"product_cat":[32],"product_tag":[],"class_list":{"0":"post-36454","1":"product","2":"type-product","3":"status-publish","4":"has-post-thumbnail","6":"product_cat-uncategorized-fi","8":"first","9":"instock","10":"shipping-taxable","11":"purchasable","12":"product-type-simple"},"_links":{"self":[{"href":"https:\/\/nordicmart.andreevmaster.com\/fi\/wp-json\/wp\/v2\/product\/36454","targetHints":{"allow":["GET"]}}],"collection":[{"href":"https:\/\/nordicmart.andreevmaster.com\/fi\/wp-json\/wp\/v2\/product"}],"about":[{"href":"https:\/\/nordicmart.andreevmaster.com\/fi\/wp-json\/wp\/v2\/types\/product"}],"replies":[{"embeddable":true,"href":"https:\/\/nordicmart.andreevmaster.com\/fi\/wp-json\/wp\/v2\/comments?post=36454"}],"wp:featuredmedia":[{"embeddable":true,"href":"https:\/\/nordicmart.andreevmaster.com\/fi\/wp-json\/wp\/v2\/media\/44737"}],"wp:attachment":[{"href":"https:\/\/nordicmart.andreevmaster.com\/fi\/wp-json\/wp\/v2\/media?parent=36454"}],"wp:term":[{"taxonomy":"product_brand","embeddable":true,"href":"https:\/\/nordicmart.andreevmaster.com\/fi\/wp-json\/wp\/v2\/product_brand?post=36454"},{"taxonomy":"product_cat","embeddable":true,"href":"https:\/\/nordicmart.andreevmaster.com\/fi\/wp-json\/wp\/v2\/product_cat?post=36454"},{"taxonomy":"product_tag","embeddable":true,"href":"https:\/\/nordicmart.andreevmaster.com\/fi\/wp-json\/wp\/v2\/product_tag?post=36454"}],"curies":[{"name":"wp","href":"https:\/\/api.w.org\/{rel}","templated":true}]}}