{"id":36453,"date":"2026-02-27T00:34:30","date_gmt":"2026-02-27T00:34:30","guid":{"rendered":"https:\/\/nordicmart.andreevmaster.com\/product\/mini-kitara-metallica-kirk-hammett-oujia-mgt-1427\/"},"modified":"2026-02-27T09:52:14","modified_gmt":"2026-02-27T09:52:14","slug":"mini-kitara-metallica-kirk-hammett-oujia-mgt-1427","status":"publish","type":"product","link":"https:\/\/nordicmart.andreevmaster.com\/fi\/tuote\/mini-kitara-metallica-kirk-hammett-oujia-mgt-1427\/","title":{"rendered":"Mini-kitara \u2013 Metallica \u2013 Kirk Hammett, Oujia; MGT-1427"},"content":{"rendered":"<p>Mini-kitara &#8211; Metallica &#8211; Kirk Hammett, Oujia; MGT-1427&nbsp;&nbsp;Tuotetiedot:&nbsp;K\u00e4sintehty Mahonki Mitat: K. 27,5 cm x L. 9 cm x S. 0,8 cm Mittakaava 1:4 Ker\u00e4ilykohde&nbsp;Myyj\u00e4 ei ole mill\u00e4\u00e4n tavalla yhteydess\u00e4 todellisten instrumenttien valmistajiin tai yksitt\u00e4isiin artisteihin. Mallien nimet tai artistien nimet ovat esimerkillisi\u00e4. Kuuluisat nimet palvelevat vain tietynlaisen musiikin tekemisen tyylin esittelemist\u00e4. Mik\u00e4\u00e4n instrumenteista ei ole tarkka kopio mittasuhteiden, koon ja muotoilun suhteen. Kaikki tuotteet on valmistettu k\u00e4sin.&nbsp;<\/p>\n","protected":false},"excerpt":{"rendered":"<p>Mini-kitara &#8211; Metallica &#8211; Kirk Hammett, Oujia; MGT-1427&nbsp;&nbsp;Tuotetiedot:&nbsp;K\u00e4sintehty Mahonki Mitat: K. 27,5 cm x L. 9 cm x S. 0,8 cm Mittakaava 1:4 Ker\u00e4ilykohde&nbsp;Myyj\u00e4 ei ole mill\u00e4\u00e4n tavalla yhteydess\u00e4 todellisten instrumenttien valmistajiin tai yksitt\u00e4isiin artisteihin. Mallien nimet tai artistien nimet ovat esimerkillisi\u00e4. Kuuluisat nimet palvelevat vain tietynlaisen musiikin tekemisen tyylin esittelemist\u00e4. Mik\u00e4\u00e4n instrumenteista ei ole [&hellip;]<\/p>\n","protected":false},"featured_media":44736,"comment_status":"open","ping_status":"closed","template":"","meta":[],"product_brand":[],"product_cat":[32],"product_tag":[],"class_list":{"0":"post-36453","1":"product","2":"type-product","3":"status-publish","4":"has-post-thumbnail","6":"product_cat-uncategorized-fi","8":"first","9":"instock","10":"shipping-taxable","11":"purchasable","12":"product-type-simple"},"_links":{"self":[{"href":"https:\/\/nordicmart.andreevmaster.com\/fi\/wp-json\/wp\/v2\/product\/36453","targetHints":{"allow":["GET"]}}],"collection":[{"href":"https:\/\/nordicmart.andreevmaster.com\/fi\/wp-json\/wp\/v2\/product"}],"about":[{"href":"https:\/\/nordicmart.andreevmaster.com\/fi\/wp-json\/wp\/v2\/types\/product"}],"replies":[{"embeddable":true,"href":"https:\/\/nordicmart.andreevmaster.com\/fi\/wp-json\/wp\/v2\/comments?post=36453"}],"wp:featuredmedia":[{"embeddable":true,"href":"https:\/\/nordicmart.andreevmaster.com\/fi\/wp-json\/wp\/v2\/media\/44736"}],"wp:attachment":[{"href":"https:\/\/nordicmart.andreevmaster.com\/fi\/wp-json\/wp\/v2\/media?parent=36453"}],"wp:term":[{"taxonomy":"product_brand","embeddable":true,"href":"https:\/\/nordicmart.andreevmaster.com\/fi\/wp-json\/wp\/v2\/product_brand?post=36453"},{"taxonomy":"product_cat","embeddable":true,"href":"https:\/\/nordicmart.andreevmaster.com\/fi\/wp-json\/wp\/v2\/product_cat?post=36453"},{"taxonomy":"product_tag","embeddable":true,"href":"https:\/\/nordicmart.andreevmaster.com\/fi\/wp-json\/wp\/v2\/product_tag?post=36453"}],"curies":[{"name":"wp","href":"https:\/\/api.w.org\/{rel}","templated":true}]}}