{"id":36451,"date":"2026-02-27T00:34:30","date_gmt":"2026-02-27T00:34:30","guid":{"rendered":"https:\/\/nordicmart.andreevmaster.com\/product\/mini-guitar-jimi-hendrix-psychedelic-f-v-mgt-1182-2\/"},"modified":"2026-02-27T09:52:14","modified_gmt":"2026-02-27T09:52:14","slug":"mini-guitar-jimi-hendrix-psychedelic-f-v-mgt-1182-2","status":"publish","type":"product","link":"https:\/\/nordicmart.andreevmaster.com\/fi\/tuote\/mini-guitar-jimi-hendrix-psychedelic-f-v-mgt-1182-2\/","title":{"rendered":"Mini Guitar Jimi Hendrix Psychedelic F. V &#8211; MGT-1182"},"content":{"rendered":"<p>Mini Guitar Jimi Hendrix Psychedelic F. V &#8211; MGT-1182Miniatyyrikitarra, joka on saanut inspiraationsa yhden historian kuuluisimman muusikon, Jimi Hendrixin, ty\u00f6st\u00e4, on musiikillinen gadget, joka vie fanien syd\u00e4met. Minikitarra on loistava lahja vanhan rockin yst\u00e4ville, kitaristeille ja Hendrixin taiteilijan tyylin faneille. Minikitarra sopii erinomaisesti omaper\u00e4iseksi musiikilliseksi koristeeksi.&nbsp;Minikitarra on valmistettu k\u00e4sity\u00f6n\u00e4 mahonki-puusta. Ker\u00e4ilykohde. Kitara ei ole lelu. Ei soi.&nbsp;Mini Guitar Jimi Hendrix Psychedelic F. V &#8211; MGT-1182 tekniset tiedot:&nbsp;&bull; Mitat: K. 27,5 cm x L. 9 cm x S. 0,8 cm&bull; Mittakaava: 1:4&bull; Materiaali: mahonki&bull; V\u00e4ri: moniv\u00e4rinen&bull; Sarjaan kuuluu muovi-metallinen teline kitaran asettamista varten&nbsp;Mini-kitara Jimi Hendrix Psychedelic F. V &#8211; MGT-1182 sopii erinomaisesti:&nbsp;&bull; Lahjaksi Jimi Hendrix -fanille&bull; Musiikilliseksi gadgetiksi kitaristille&bull; Lahjaksi kitaravirtuoosille&bull; Musiikilliseksi koristeeksi kotiisi&nbsp;Huomio! Myyj\u00e4 ei ole mill\u00e4\u00e4n tavalla yhteydess\u00e4 todellisten instrumenttien valmistajiin tai yksitt\u00e4isiin artisteihin. Mallien nimet tai artistien nimet ovat esimerkillisi\u00e4. Kuuluisat nimet palvelevat vain tietyn musiikkityylin esittelemist\u00e4. Mik\u00e4\u00e4n instrumenteista ei ole tarkka kopio mittasuhteiden, koon ja muotoilun suhteen.&nbsp;&nbsp;<\/p>\n","protected":false},"excerpt":{"rendered":"<p>Mini Guitar Jimi Hendrix Psychedelic F. V &#8211; MGT-1182Miniatyyrikitarra, joka on saanut inspiraationsa yhden historian kuuluisimman muusikon, Jimi Hendrixin, ty\u00f6st\u00e4, on musiikillinen gadget, joka vie fanien syd\u00e4met. Minikitarra on loistava lahja vanhan rockin yst\u00e4ville, kitaristeille ja Hendrixin taiteilijan tyylin faneille. Minikitarra sopii erinomaisesti omaper\u00e4iseksi musiikilliseksi koristeeksi.&nbsp;Minikitarra on valmistettu k\u00e4sity\u00f6n\u00e4 mahonki-puusta. Ker\u00e4ilykohde. Kitara ei ole lelu. [&hellip;]<\/p>\n","protected":false},"featured_media":44734,"comment_status":"open","ping_status":"closed","template":"","meta":[],"product_brand":[],"product_cat":[32],"product_tag":[],"class_list":{"0":"post-36451","1":"product","2":"type-product","3":"status-publish","4":"has-post-thumbnail","6":"product_cat-uncategorized-fi","8":"first","9":"instock","10":"shipping-taxable","11":"purchasable","12":"product-type-simple"},"_links":{"self":[{"href":"https:\/\/nordicmart.andreevmaster.com\/fi\/wp-json\/wp\/v2\/product\/36451","targetHints":{"allow":["GET"]}}],"collection":[{"href":"https:\/\/nordicmart.andreevmaster.com\/fi\/wp-json\/wp\/v2\/product"}],"about":[{"href":"https:\/\/nordicmart.andreevmaster.com\/fi\/wp-json\/wp\/v2\/types\/product"}],"replies":[{"embeddable":true,"href":"https:\/\/nordicmart.andreevmaster.com\/fi\/wp-json\/wp\/v2\/comments?post=36451"}],"wp:featuredmedia":[{"embeddable":true,"href":"https:\/\/nordicmart.andreevmaster.com\/fi\/wp-json\/wp\/v2\/media\/44734"}],"wp:attachment":[{"href":"https:\/\/nordicmart.andreevmaster.com\/fi\/wp-json\/wp\/v2\/media?parent=36451"}],"wp:term":[{"taxonomy":"product_brand","embeddable":true,"href":"https:\/\/nordicmart.andreevmaster.com\/fi\/wp-json\/wp\/v2\/product_brand?post=36451"},{"taxonomy":"product_cat","embeddable":true,"href":"https:\/\/nordicmart.andreevmaster.com\/fi\/wp-json\/wp\/v2\/product_cat?post=36451"},{"taxonomy":"product_tag","embeddable":true,"href":"https:\/\/nordicmart.andreevmaster.com\/fi\/wp-json\/wp\/v2\/product_tag?post=36451"}],"curies":[{"name":"wp","href":"https:\/\/api.w.org\/{rel}","templated":true}]}}