{"id":36450,"date":"2026-02-27T00:34:30","date_gmt":"2026-02-27T00:34:30","guid":{"rendered":"https:\/\/nordicmart.andreevmaster.com\/product\/knopler-tyylinen-minikitarra-mgt-0901\/"},"modified":"2026-02-27T09:52:14","modified_gmt":"2026-02-27T09:52:14","slug":"knopler-tyylinen-minikitarra-mgt-0901","status":"publish","type":"product","link":"https:\/\/nordicmart.andreevmaster.com\/fi\/tuote\/knopler-tyylinen-minikitarra-mgt-0901\/","title":{"rendered":"Knopler-tyylinen minikitarra &#8211; MGT-0901"},"content":{"rendered":"<p>Knopler-tyylinen minikitarra &#8211; MGT-0901 &nbsp;&nbsp;&nbsp;Tuotetiedot:&nbsp;Mahonki-puusta valmistettu minikitarra, k\u00e4sin maalattuBlister-tyyppinen pakkausMitat: noin 24,5 cmMuovinen teline mukana1:4-mittakaavaKer\u00e4ilykohde&nbsp;&nbsp;&nbsp;Huomaa, ett\u00e4 tuote ei ole lelu. Se ei ole virallinen kopio alkuper\u00e4isest\u00e4 soittimesta.&nbsp;Myyj\u00e4 ei ole mill\u00e4\u00e4n tavalla sidoksissa alkuper\u00e4isten soittimien valmistajiin tai yksitt\u00e4isiin artisteihin. Mallien tai artistien nimet ovat esimerkkej\u00e4. &nbsp;Mik\u00e4\u00e4n soittimista ei ole mittasuhteiltaan, kooltaan tai muotoilultaan alkuper\u00e4isen soittimen tarkka kopio.<\/p>\n","protected":false},"excerpt":{"rendered":"<p>Knopler-tyylinen minikitarra &#8211; MGT-0901 &nbsp;&nbsp;&nbsp;Tuotetiedot:&nbsp;Mahonki-puusta valmistettu minikitarra, k\u00e4sin maalattuBlister-tyyppinen pakkausMitat: noin 24,5 cmMuovinen teline mukana1:4-mittakaavaKer\u00e4ilykohde&nbsp;&nbsp;&nbsp;Huomaa, ett\u00e4 tuote ei ole lelu. Se ei ole virallinen kopio alkuper\u00e4isest\u00e4 soittimesta.&nbsp;Myyj\u00e4 ei ole mill\u00e4\u00e4n tavalla sidoksissa alkuper\u00e4isten soittimien valmistajiin tai yksitt\u00e4isiin artisteihin. Mallien tai artistien nimet ovat esimerkkej\u00e4. &nbsp;Mik\u00e4\u00e4n soittimista ei ole mittasuhteiltaan, kooltaan tai muotoilultaan alkuper\u00e4isen soittimen tarkka [&hellip;]<\/p>\n","protected":false},"featured_media":44733,"comment_status":"open","ping_status":"closed","template":"","meta":[],"product_brand":[],"product_cat":[32],"product_tag":[],"class_list":{"0":"post-36450","1":"product","2":"type-product","3":"status-publish","4":"has-post-thumbnail","6":"product_cat-uncategorized-fi","8":"first","9":"instock","10":"shipping-taxable","11":"purchasable","12":"product-type-simple"},"_links":{"self":[{"href":"https:\/\/nordicmart.andreevmaster.com\/fi\/wp-json\/wp\/v2\/product\/36450","targetHints":{"allow":["GET"]}}],"collection":[{"href":"https:\/\/nordicmart.andreevmaster.com\/fi\/wp-json\/wp\/v2\/product"}],"about":[{"href":"https:\/\/nordicmart.andreevmaster.com\/fi\/wp-json\/wp\/v2\/types\/product"}],"replies":[{"embeddable":true,"href":"https:\/\/nordicmart.andreevmaster.com\/fi\/wp-json\/wp\/v2\/comments?post=36450"}],"wp:featuredmedia":[{"embeddable":true,"href":"https:\/\/nordicmart.andreevmaster.com\/fi\/wp-json\/wp\/v2\/media\/44733"}],"wp:attachment":[{"href":"https:\/\/nordicmart.andreevmaster.com\/fi\/wp-json\/wp\/v2\/media?parent=36450"}],"wp:term":[{"taxonomy":"product_brand","embeddable":true,"href":"https:\/\/nordicmart.andreevmaster.com\/fi\/wp-json\/wp\/v2\/product_brand?post=36450"},{"taxonomy":"product_cat","embeddable":true,"href":"https:\/\/nordicmart.andreevmaster.com\/fi\/wp-json\/wp\/v2\/product_cat?post=36450"},{"taxonomy":"product_tag","embeddable":true,"href":"https:\/\/nordicmart.andreevmaster.com\/fi\/wp-json\/wp\/v2\/product_tag?post=36450"}],"curies":[{"name":"wp","href":"https:\/\/api.w.org\/{rel}","templated":true}]}}