{"id":36449,"date":"2026-02-27T00:34:29","date_gmt":"2026-02-27T00:34:29","guid":{"rendered":"https:\/\/nordicmart.andreevmaster.com\/product\/iron-maiden-kitaran-avaimenpera-eddie-tribute-egk-0900\/"},"modified":"2026-02-27T09:52:13","modified_gmt":"2026-02-27T09:52:13","slug":"iron-maiden-kitaran-avaimenpera-eddie-tribute-egk-0900","status":"publish","type":"product","link":"https:\/\/nordicmart.andreevmaster.com\/fi\/tuote\/iron-maiden-kitaran-avaimenpera-eddie-tribute-egk-0900\/","title":{"rendered":"Iron Maiden -kitaran avaimenper\u00e4 &#8211; Eddie &#8211; Tribute EGK-0900"},"content":{"rendered":"<p>Iron Maiden -kitaran avaimenper\u00e4 &#8211; Eddie &#8211; Tribute EGK-0900 &nbsp;&nbsp;Kitaran avaimenper\u00e4, joka on saanut inspiraationsa ikonisen heavy metal -yhtye Iron Maidenin tuotannosta, on todellinen herkkupala Eddie- ja Brave New World -faneille. Se on edullinen gadget Iron Maiden -faneille, heavy metal -musiikin yst\u00e4ville ja kitaristeille. &nbsp;&nbsp;&nbsp;Tuotetiedot:&nbsp;Mitat: 6 x 11 x 0,5 cmMateriaali: puu (mahonki), metalliV\u00e4ri: ruskea, keltainen, musta, punainenKiinnitys: rengas&nbsp;&nbsp;Huomio! Myyj\u00e4 ei ole mill\u00e4\u00e4n tavalla yhteydess\u00e4 todellisten instrumenttien valmistajiin tai yksitt\u00e4isiin artisteihin. Mallien nimet tai artistien nimet ovat esimerkillisi\u00e4. Kuuluisat nimet palvelevat vain tietyn musiikkityylin esittelemist\u00e4. Mik\u00e4\u00e4n instrumenteista ei ole tarkka kopio mittasuhteiden, koon ja muotoilun suhteen.&nbsp;<\/p>\n","protected":false},"excerpt":{"rendered":"<p>Iron Maiden -kitaran avaimenper\u00e4 &#8211; Eddie &#8211; Tribute EGK-0900 &nbsp;&nbsp;Kitaran avaimenper\u00e4, joka on saanut inspiraationsa ikonisen heavy metal -yhtye Iron Maidenin tuotannosta, on todellinen herkkupala Eddie- ja Brave New World -faneille. Se on edullinen gadget Iron Maiden -faneille, heavy metal -musiikin yst\u00e4ville ja kitaristeille. &nbsp;&nbsp;&nbsp;Tuotetiedot:&nbsp;Mitat: 6 x 11 x 0,5 cmMateriaali: puu (mahonki), metalliV\u00e4ri: ruskea, [&hellip;]<\/p>\n","protected":false},"featured_media":44732,"comment_status":"open","ping_status":"closed","template":"","meta":[],"product_brand":[],"product_cat":[32],"product_tag":[],"class_list":{"0":"post-36449","1":"product","2":"type-product","3":"status-publish","4":"has-post-thumbnail","6":"product_cat-uncategorized-fi","8":"first","9":"instock","10":"shipping-taxable","11":"purchasable","12":"product-type-simple"},"_links":{"self":[{"href":"https:\/\/nordicmart.andreevmaster.com\/fi\/wp-json\/wp\/v2\/product\/36449","targetHints":{"allow":["GET"]}}],"collection":[{"href":"https:\/\/nordicmart.andreevmaster.com\/fi\/wp-json\/wp\/v2\/product"}],"about":[{"href":"https:\/\/nordicmart.andreevmaster.com\/fi\/wp-json\/wp\/v2\/types\/product"}],"replies":[{"embeddable":true,"href":"https:\/\/nordicmart.andreevmaster.com\/fi\/wp-json\/wp\/v2\/comments?post=36449"}],"wp:featuredmedia":[{"embeddable":true,"href":"https:\/\/nordicmart.andreevmaster.com\/fi\/wp-json\/wp\/v2\/media\/44732"}],"wp:attachment":[{"href":"https:\/\/nordicmart.andreevmaster.com\/fi\/wp-json\/wp\/v2\/media?parent=36449"}],"wp:term":[{"taxonomy":"product_brand","embeddable":true,"href":"https:\/\/nordicmart.andreevmaster.com\/fi\/wp-json\/wp\/v2\/product_brand?post=36449"},{"taxonomy":"product_cat","embeddable":true,"href":"https:\/\/nordicmart.andreevmaster.com\/fi\/wp-json\/wp\/v2\/product_cat?post=36449"},{"taxonomy":"product_tag","embeddable":true,"href":"https:\/\/nordicmart.andreevmaster.com\/fi\/wp-json\/wp\/v2\/product_tag?post=36449"}],"curies":[{"name":"wp","href":"https:\/\/api.w.org\/{rel}","templated":true}]}}