{"id":36448,"date":"2026-02-27T00:34:29","date_gmt":"2026-02-27T00:34:29","guid":{"rendered":"https:\/\/nordicmart.andreevmaster.com\/product\/the-beatles-kitaran-avaimenpera-egk-0894\/"},"modified":"2026-02-27T09:52:13","modified_gmt":"2026-02-27T09:52:13","slug":"the-beatles-kitaran-avaimenpera-egk-0894","status":"publish","type":"product","link":"https:\/\/nordicmart.andreevmaster.com\/fi\/tuote\/the-beatles-kitaran-avaimenpera-egk-0894\/","title":{"rendered":"The Beatles -kitaran avaimenper\u00e4 EGK-0894"},"content":{"rendered":"<p>The Beatles -kitaran avaimenper\u00e4 EGK-0894 &nbsp;&nbsp;Legendaarisesta The Beatles -yhtyeest\u00e4 inspiraationsa saanut kitaran avaimenper\u00e4 on pieni gadget jokaiselle ikonisen brittil\u00e4isen yhtyeen fanille. Se sopii edulliseksi lahjaksi kitaristille ja Beatles-fanille.&nbsp;Avaimenper\u00e4 on valmistettu mahongista. Metallinen ketju ja rengas avainten kiinnitt\u00e4mist\u00e4 varten.&nbsp;&nbsp;Tuotetiedot:&nbsp;Mitat: 6 x 11 x 0,5 cmMateriaali: puu (mahonki), metalliV\u00e4ri: valkoinen, musta, ruskeaKiinnitys: rengas&nbsp;Upea lahja The Beatlesin fanilleEdullinen lahja kitaristilleGadget muusikolle&nbsp;&nbsp;Huomio! Myyj\u00e4 ei ole mill\u00e4\u00e4n tavalla yhteydess\u00e4 todellisten instrumenttien valmistajiin tai yksitt\u00e4isiin artisteihin. Mallien nimet tai artistien nimet ovat esimerkillisi\u00e4. Kuuluisat nimet palvelevat vain tietynlaisen musiikin tekemisen tyylin esittelemist\u00e4. Mik\u00e4\u00e4n instrumenteista ei ole tarkka kopio mittasuhteiden, koon ja muotoilun suhteen.<\/p>\n","protected":false},"excerpt":{"rendered":"<p>The Beatles -kitaran avaimenper\u00e4 EGK-0894 &nbsp;&nbsp;Legendaarisesta The Beatles -yhtyeest\u00e4 inspiraationsa saanut kitaran avaimenper\u00e4 on pieni gadget jokaiselle ikonisen brittil\u00e4isen yhtyeen fanille. Se sopii edulliseksi lahjaksi kitaristille ja Beatles-fanille.&nbsp;Avaimenper\u00e4 on valmistettu mahongista. Metallinen ketju ja rengas avainten kiinnitt\u00e4mist\u00e4 varten.&nbsp;&nbsp;Tuotetiedot:&nbsp;Mitat: 6 x 11 x 0,5 cmMateriaali: puu (mahonki), metalliV\u00e4ri: valkoinen, musta, ruskeaKiinnitys: rengas&nbsp;Upea lahja The Beatlesin fanilleEdullinen [&hellip;]<\/p>\n","protected":false},"featured_media":44731,"comment_status":"open","ping_status":"closed","template":"","meta":[],"product_brand":[],"product_cat":[32],"product_tag":[],"class_list":{"0":"post-36448","1":"product","2":"type-product","3":"status-publish","4":"has-post-thumbnail","6":"product_cat-uncategorized-fi","8":"first","9":"instock","10":"shipping-taxable","11":"purchasable","12":"product-type-simple"},"_links":{"self":[{"href":"https:\/\/nordicmart.andreevmaster.com\/fi\/wp-json\/wp\/v2\/product\/36448","targetHints":{"allow":["GET"]}}],"collection":[{"href":"https:\/\/nordicmart.andreevmaster.com\/fi\/wp-json\/wp\/v2\/product"}],"about":[{"href":"https:\/\/nordicmart.andreevmaster.com\/fi\/wp-json\/wp\/v2\/types\/product"}],"replies":[{"embeddable":true,"href":"https:\/\/nordicmart.andreevmaster.com\/fi\/wp-json\/wp\/v2\/comments?post=36448"}],"wp:featuredmedia":[{"embeddable":true,"href":"https:\/\/nordicmart.andreevmaster.com\/fi\/wp-json\/wp\/v2\/media\/44731"}],"wp:attachment":[{"href":"https:\/\/nordicmart.andreevmaster.com\/fi\/wp-json\/wp\/v2\/media?parent=36448"}],"wp:term":[{"taxonomy":"product_brand","embeddable":true,"href":"https:\/\/nordicmart.andreevmaster.com\/fi\/wp-json\/wp\/v2\/product_brand?post=36448"},{"taxonomy":"product_cat","embeddable":true,"href":"https:\/\/nordicmart.andreevmaster.com\/fi\/wp-json\/wp\/v2\/product_cat?post=36448"},{"taxonomy":"product_tag","embeddable":true,"href":"https:\/\/nordicmart.andreevmaster.com\/fi\/wp-json\/wp\/v2\/product_tag?post=36448"}],"curies":[{"name":"wp","href":"https:\/\/api.w.org\/{rel}","templated":true}]}}