{"id":36446,"date":"2026-02-27T00:34:29","date_gmt":"2026-02-27T00:34:29","guid":{"rendered":"https:\/\/nordicmart.andreevmaster.com\/product\/barometri-messinkikehyksessa-o-110-mm-27-6245\/"},"modified":"2026-02-27T09:52:13","modified_gmt":"2026-02-27T09:52:13","slug":"barometri-messinkikehyksessa-o-110-mm-27-6245","status":"publish","type":"product","link":"https:\/\/nordicmart.andreevmaster.com\/fi\/tuote\/barometri-messinkikehyksessa-o-110-mm-27-6245\/","title":{"rendered":"Barometri messinkikehyksess\u00e4 o 110 mm &#8211; 27.6245"},"content":{"rendered":"<p>Barometri messinkikehyksess\u00e4 &oslash; 110 mm &#8211; 27.6245&nbsp;&nbsp;Esittelyss\u00e4 kauniisti muotoiltu barometri, joka on ajaton lis\u00e4 mihin tahansa kodin sisustukseen. T\u00e4m\u00e4 barometri on suunniteltu tarjoamaan korkealaatuista s\u00e4\u00e4mittausta yksinkertaisessa, selke\u00e4ss\u00e4 ja helppolukuisessa muodossa. Messinkikehys lis\u00e4\u00e4 eleganssia mihin tahansa huoneeseen ja sopii t\u00e4ydellisesti niille, jotka arvostavat yksinkertaista mutta hienostunutta kodin sisustusta. Olitpa sitten s\u00e4\u00e4harrastaja tai etsit vain k\u00e4yt\u00e4nn\u00f6llist\u00e4 tapaa seurata ilmanpainetta, t\u00e4m\u00e4 barometri on t\u00e4ydellinen valinta. Lahjana se on k\u00e4yt\u00e4nn\u00f6llinen ja tyylik\u00e4s tapa osoittaa, ett\u00e4 v\u00e4lit\u00e4t l\u00e4heisesi mukavuudesta ja hyvinvoinnista. Miksi siis odottaa? Paranna kotisi ilmett\u00e4 t\u00e4ll\u00e4 hienolla barometrill\u00e4 jo t\u00e4n\u00e4\u00e4n ja koe ero laadussa ja tarkkuudessa.&nbsp;Mitat:&nbsp;Halkaisija: 110 mm&nbsp;K\u00e4ytt\u00f6alue:&nbsp;Paine: 1060 hPa &#8211; 960 hPa&nbsp;Tarkkuus: 1060 hPa \u2013 1030 hPa +\/-10 hPa 1030 hPa \u2013 990 hPa +\/- 5 hPa 990 hPa \u2013 960 hPa +\/-10 hPa Suosittelemme sijoittamaan barometrin aurinkoon p\u00e4\u00e4sem\u00e4tt\u00f6m\u00e4\u00e4n paikkaan, jossa on raitista ilmaa ja korroosiosuoja. V\u00e4lt\u00e4 kosketusta veden, h\u00f6yryn tai t\u00e4rin\u00e4n kanssa.&nbsp;Mukana toimitetaan k\u00e4ytt\u00f6ohjeet puolaksi, englanniksi, espanjaksi, ranskaksi ja saksaksi.&nbsp;<\/p>\n","protected":false},"excerpt":{"rendered":"<p>Barometri messinkikehyksess\u00e4 &oslash; 110 mm &#8211; 27.6245&nbsp;&nbsp;Esittelyss\u00e4 kauniisti muotoiltu barometri, joka on ajaton lis\u00e4 mihin tahansa kodin sisustukseen. T\u00e4m\u00e4 barometri on suunniteltu tarjoamaan korkealaatuista s\u00e4\u00e4mittausta yksinkertaisessa, selke\u00e4ss\u00e4 ja helppolukuisessa muodossa. Messinkikehys lis\u00e4\u00e4 eleganssia mihin tahansa huoneeseen ja sopii t\u00e4ydellisesti niille, jotka arvostavat yksinkertaista mutta hienostunutta kodin sisustusta. Olitpa sitten s\u00e4\u00e4harrastaja tai etsit vain k\u00e4yt\u00e4nn\u00f6llist\u00e4 tapaa [&hellip;]<\/p>\n","protected":false},"featured_media":44729,"comment_status":"open","ping_status":"closed","template":"","meta":[],"product_brand":[],"product_cat":[32],"product_tag":[],"class_list":{"0":"post-36446","1":"product","2":"type-product","3":"status-publish","4":"has-post-thumbnail","6":"product_cat-uncategorized-fi","8":"first","9":"instock","10":"shipping-taxable","11":"purchasable","12":"product-type-simple"},"_links":{"self":[{"href":"https:\/\/nordicmart.andreevmaster.com\/fi\/wp-json\/wp\/v2\/product\/36446","targetHints":{"allow":["GET"]}}],"collection":[{"href":"https:\/\/nordicmart.andreevmaster.com\/fi\/wp-json\/wp\/v2\/product"}],"about":[{"href":"https:\/\/nordicmart.andreevmaster.com\/fi\/wp-json\/wp\/v2\/types\/product"}],"replies":[{"embeddable":true,"href":"https:\/\/nordicmart.andreevmaster.com\/fi\/wp-json\/wp\/v2\/comments?post=36446"}],"wp:featuredmedia":[{"embeddable":true,"href":"https:\/\/nordicmart.andreevmaster.com\/fi\/wp-json\/wp\/v2\/media\/44729"}],"wp:attachment":[{"href":"https:\/\/nordicmart.andreevmaster.com\/fi\/wp-json\/wp\/v2\/media?parent=36446"}],"wp:term":[{"taxonomy":"product_brand","embeddable":true,"href":"https:\/\/nordicmart.andreevmaster.com\/fi\/wp-json\/wp\/v2\/product_brand?post=36446"},{"taxonomy":"product_cat","embeddable":true,"href":"https:\/\/nordicmart.andreevmaster.com\/fi\/wp-json\/wp\/v2\/product_cat?post=36446"},{"taxonomy":"product_tag","embeddable":true,"href":"https:\/\/nordicmart.andreevmaster.com\/fi\/wp-json\/wp\/v2\/product_tag?post=36446"}],"curies":[{"name":"wp","href":"https:\/\/api.w.org\/{rel}","templated":true}]}}