{"id":36445,"date":"2026-02-27T00:34:28","date_gmt":"2026-02-27T00:34:28","guid":{"rendered":"https:\/\/nordicmart.andreevmaster.com\/product\/bob-marley-kitaran-avaimenpera-egk-0641\/"},"modified":"2026-02-27T09:52:13","modified_gmt":"2026-02-27T09:52:13","slug":"bob-marley-kitaran-avaimenpera-egk-0641","status":"publish","type":"product","link":"https:\/\/nordicmart.andreevmaster.com\/fi\/tuote\/bob-marley-kitaran-avaimenpera-egk-0641\/","title":{"rendered":"Bob Marley -kitaran avaimenper\u00e4 EGK-0641"},"content":{"rendered":"<p>Bob Marley -kitaran avaimenper\u00e4 EGK-0641&nbsp;&nbsp;Maailman reggae-musiikin legendasta Bob Marleyst\u00e4 inspiraationsa saanut kitaran avaimenper\u00e4 on musiikillinen gadget, joka ilahduttaa Jamaikan musiikin yst\u00e4vi\u00e4. Se sopii edulliseksi lahjaksi reggae-fanille, joka tykk\u00e4\u00e4 keinua miellytt\u00e4vien \u00e4\u00e4nien rytmiin.&nbsp;Riipus on valmistettu mahongista. Metallinen ketju ja rengas avainten kiinnitt\u00e4mist\u00e4 varten.&nbsp;&nbsp;Bob Marley -kitaran avaimenper\u00e4 EGK-0641 Tekniset tiedot:&nbsp;Mitat: 6 x 11 x 0,5 cmMateriaali: puu (mahonki), metalliV\u00e4ri: ruskea, keltainen, musta, vihre\u00e4, punainenKiinnitys: rengas&nbsp;&nbsp;Huomio! Myyj\u00e4 ei ole mill\u00e4\u00e4n tavalla yhteydess\u00e4 todellisten instrumenttien valmistajiin tai yksitt\u00e4isiin artisteihin. Mallien nimet tai artistien nimet ovat esimerkillisi\u00e4. Kuuluisat nimet palvelevat vain tietynlaisen musiikin tekemisen tyylin esittelemist\u00e4. Mik\u00e4\u00e4n instrumenteista ei ole tarkka kopio mittasuhteiden, koon ja muotoilun suhteen.<\/p>\n","protected":false},"excerpt":{"rendered":"<p>Bob Marley -kitaran avaimenper\u00e4 EGK-0641&nbsp;&nbsp;Maailman reggae-musiikin legendasta Bob Marleyst\u00e4 inspiraationsa saanut kitaran avaimenper\u00e4 on musiikillinen gadget, joka ilahduttaa Jamaikan musiikin yst\u00e4vi\u00e4. Se sopii edulliseksi lahjaksi reggae-fanille, joka tykk\u00e4\u00e4 keinua miellytt\u00e4vien \u00e4\u00e4nien rytmiin.&nbsp;Riipus on valmistettu mahongista. Metallinen ketju ja rengas avainten kiinnitt\u00e4mist\u00e4 varten.&nbsp;&nbsp;Bob Marley -kitaran avaimenper\u00e4 EGK-0641 Tekniset tiedot:&nbsp;Mitat: 6 x 11 x 0,5 cmMateriaali: puu [&hellip;]<\/p>\n","protected":false},"featured_media":0,"comment_status":"open","ping_status":"closed","template":"","meta":[],"product_brand":[],"product_cat":[32],"product_tag":[],"class_list":{"0":"post-36445","1":"product","2":"type-product","3":"status-publish","5":"product_cat-uncategorized-fi","7":"first","8":"instock","9":"shipping-taxable","10":"purchasable","11":"product-type-simple"},"_links":{"self":[{"href":"https:\/\/nordicmart.andreevmaster.com\/fi\/wp-json\/wp\/v2\/product\/36445","targetHints":{"allow":["GET"]}}],"collection":[{"href":"https:\/\/nordicmart.andreevmaster.com\/fi\/wp-json\/wp\/v2\/product"}],"about":[{"href":"https:\/\/nordicmart.andreevmaster.com\/fi\/wp-json\/wp\/v2\/types\/product"}],"replies":[{"embeddable":true,"href":"https:\/\/nordicmart.andreevmaster.com\/fi\/wp-json\/wp\/v2\/comments?post=36445"}],"wp:attachment":[{"href":"https:\/\/nordicmart.andreevmaster.com\/fi\/wp-json\/wp\/v2\/media?parent=36445"}],"wp:term":[{"taxonomy":"product_brand","embeddable":true,"href":"https:\/\/nordicmart.andreevmaster.com\/fi\/wp-json\/wp\/v2\/product_brand?post=36445"},{"taxonomy":"product_cat","embeddable":true,"href":"https:\/\/nordicmart.andreevmaster.com\/fi\/wp-json\/wp\/v2\/product_cat?post=36445"},{"taxonomy":"product_tag","embeddable":true,"href":"https:\/\/nordicmart.andreevmaster.com\/fi\/wp-json\/wp\/v2\/product_tag?post=36445"}],"curies":[{"name":"wp","href":"https:\/\/api.w.org\/{rel}","templated":true}]}}