{"id":36444,"date":"2026-02-27T00:34:28","date_gmt":"2026-02-27T00:34:28","guid":{"rendered":"https:\/\/nordicmart.andreevmaster.com\/product\/ac-dc-kitaran-avaimenpera-angus-young-tribute-egk-0597\/"},"modified":"2026-02-27T09:52:12","modified_gmt":"2026-02-27T09:52:12","slug":"ac-dc-kitaran-avaimenpera-angus-young-tribute-egk-0597","status":"publish","type":"product","link":"https:\/\/nordicmart.andreevmaster.com\/fi\/tuote\/ac-dc-kitaran-avaimenpera-angus-young-tribute-egk-0597\/","title":{"rendered":"AC\/DC-kitaran avaimenper\u00e4 &#8211; Angus Young &#8211; Tribute &#8211; EGK-0597"},"content":{"rendered":"<p>AC\/DC-kitaran avaimenper\u00e4 &#8211; Angus Young &#8211; Tribute &#8211; EGK-0597&nbsp;&nbsp;Kitaran avaimenper\u00e4, joka on saanut inspiraationsa australialaisen AC\/DC-yhtyeen legendasta Angus Youngista, on musiikillinen gadget, joka vetoaa t\u00e4m\u00e4n hard rock -yhtyeen keulahahmon yst\u00e4viin. Se sopii edulliseksi lahjaksi AC\/DC-fanille, kitaristille ja musiikin yst\u00e4v\u00e4lle.&nbsp;Avaimenper\u00e4 on valmistettu mahongista. Metallinen ketju ja rengas avainten kiinnitt\u00e4mist\u00e4 varten. &nbsp;&nbsp;Tuotetiedot:&nbsp;Mitat: 6 x 11 x 0,5 cmMateriaali: puu (mahonki), metalliV\u00e4ri: ruskea, keltainen, mustaKiinnitys: rengasEdullinen lahja hard rock -fanilleGadget kitaristille&nbsp;Huomio! Myyj\u00e4 ei ole mill\u00e4\u00e4n tavalla yhteydess\u00e4 todellisten instrumenttien valmistajiin tai yksitt\u00e4isiin artisteihin. Mallien nimet tai artistien nimet ovat esimerkillisi\u00e4. Tunnetut nimet palvelevat vain tietynlaisen musiikin tekemisen tyylin esittelemist\u00e4. Mik\u00e4\u00e4n instrumenteista ei ole tarkka kopio mittasuhteiden, koon ja muotoilun suhteen.<\/p>\n","protected":false},"excerpt":{"rendered":"<p>AC\/DC-kitaran avaimenper\u00e4 &#8211; Angus Young &#8211; Tribute &#8211; EGK-0597&nbsp;&nbsp;Kitaran avaimenper\u00e4, joka on saanut inspiraationsa australialaisen AC\/DC-yhtyeen legendasta Angus Youngista, on musiikillinen gadget, joka vetoaa t\u00e4m\u00e4n hard rock -yhtyeen keulahahmon yst\u00e4viin. Se sopii edulliseksi lahjaksi AC\/DC-fanille, kitaristille ja musiikin yst\u00e4v\u00e4lle.&nbsp;Avaimenper\u00e4 on valmistettu mahongista. Metallinen ketju ja rengas avainten kiinnitt\u00e4mist\u00e4 varten. &nbsp;&nbsp;Tuotetiedot:&nbsp;Mitat: 6 x 11 x 0,5 [&hellip;]<\/p>\n","protected":false},"featured_media":44728,"comment_status":"open","ping_status":"closed","template":"","meta":[],"product_brand":[],"product_cat":[32],"product_tag":[],"class_list":{"0":"post-36444","1":"product","2":"type-product","3":"status-publish","4":"has-post-thumbnail","6":"product_cat-uncategorized-fi","8":"first","9":"instock","10":"shipping-taxable","11":"purchasable","12":"product-type-simple"},"_links":{"self":[{"href":"https:\/\/nordicmart.andreevmaster.com\/fi\/wp-json\/wp\/v2\/product\/36444","targetHints":{"allow":["GET"]}}],"collection":[{"href":"https:\/\/nordicmart.andreevmaster.com\/fi\/wp-json\/wp\/v2\/product"}],"about":[{"href":"https:\/\/nordicmart.andreevmaster.com\/fi\/wp-json\/wp\/v2\/types\/product"}],"replies":[{"embeddable":true,"href":"https:\/\/nordicmart.andreevmaster.com\/fi\/wp-json\/wp\/v2\/comments?post=36444"}],"wp:featuredmedia":[{"embeddable":true,"href":"https:\/\/nordicmart.andreevmaster.com\/fi\/wp-json\/wp\/v2\/media\/44728"}],"wp:attachment":[{"href":"https:\/\/nordicmart.andreevmaster.com\/fi\/wp-json\/wp\/v2\/media?parent=36444"}],"wp:term":[{"taxonomy":"product_brand","embeddable":true,"href":"https:\/\/nordicmart.andreevmaster.com\/fi\/wp-json\/wp\/v2\/product_brand?post=36444"},{"taxonomy":"product_cat","embeddable":true,"href":"https:\/\/nordicmart.andreevmaster.com\/fi\/wp-json\/wp\/v2\/product_cat?post=36444"},{"taxonomy":"product_tag","embeddable":true,"href":"https:\/\/nordicmart.andreevmaster.com\/fi\/wp-json\/wp\/v2\/product_tag?post=36444"}],"curies":[{"name":"wp","href":"https:\/\/api.w.org\/{rel}","templated":true}]}}