{"id":36443,"date":"2026-02-27T00:34:28","date_gmt":"2026-02-27T00:34:28","guid":{"rendered":"https:\/\/nordicmart.andreevmaster.com\/product\/mini-guitar-dire-straits-mark-knopfler-mgt-0581-2\/"},"modified":"2026-02-27T09:52:12","modified_gmt":"2026-02-27T09:52:12","slug":"mini-guitar-dire-straits-mark-knopfler-mgt-0581-2","status":"publish","type":"product","link":"https:\/\/nordicmart.andreevmaster.com\/fi\/tuote\/mini-guitar-dire-straits-mark-knopfler-mgt-0581-2\/","title":{"rendered":"Mini Guitar Dire Straits Mark Knopfler MGT-0581"},"content":{"rendered":"<p>Mini-kitara Dire Straits Mark Knopfler MGT-0581&nbsp;Mark Knopflerin ja Sultans Swingin fanit rakastavat t\u00e4t\u00e4 Dire Straitsin inspiroimaa mini-kitaraa. Kitara sopii musiikkiv\u00e4lineeksi Dire Straitsin, brittil\u00e4isen rockin ja kitaristien faneille. Mini-kitara n\u00e4ytt\u00e4\u00e4 upealta kotistudion levykokoelman keskell\u00e4.&nbsp;Mini-kitara on k\u00e4sintehty mahonki-puusta. Ker\u00e4ilykohde. Kitara ei ole lelu. Ei soi.&nbsp;Mini-kitara Dire Straits Mark Knopfler MGT-0581 Tekniset tiedot:&nbsp;&bull; Mitat: K. 27,5 cm x L. 9 cm x S. 0,8 cm&bull; Mittakaava: 1:4&bull; Materiaali: mahonki&bull; V\u00e4ri: punainen, valkoinen, musta&bull; Sarjaan kuuluu muovi-metallinen teline kitaran asettamista varten&nbsp;Mini-kitara Dire Straits Mark Knopfler MGT-0581 mini-kitara sopii erinomaisesti:&nbsp;&bull; Dire Straits -fanin gadgetiksi&bull; Kitaristin musiikkigadgetiksi&bull; Rockmusiikin fanin lahjaksi&bull; Musiikilliseksi koristeeksi&nbsp;Huomio! Myyj\u00e4 ei ole mill\u00e4\u00e4n tavalla yhteydess\u00e4 todellisten instrumenttien valmistajiin tai yksitt\u00e4isiin artisteihin. Mallien nimet tai artistien nimet ovat esimerkillisi\u00e4. Tunnetut nimet palvelevat vain tietyn musiikkityylin esittelemist\u00e4. Mik\u00e4\u00e4n instrumenteista ei ole tarkka kopio mittasuhteiden, koon ja muotoilun suhteen.<\/p>\n","protected":false},"excerpt":{"rendered":"<p>Mini-kitara Dire Straits Mark Knopfler MGT-0581&nbsp;Mark Knopflerin ja Sultans Swingin fanit rakastavat t\u00e4t\u00e4 Dire Straitsin inspiroimaa mini-kitaraa. Kitara sopii musiikkiv\u00e4lineeksi Dire Straitsin, brittil\u00e4isen rockin ja kitaristien faneille. Mini-kitara n\u00e4ytt\u00e4\u00e4 upealta kotistudion levykokoelman keskell\u00e4.&nbsp;Mini-kitara on k\u00e4sintehty mahonki-puusta. Ker\u00e4ilykohde. Kitara ei ole lelu. Ei soi.&nbsp;Mini-kitara Dire Straits Mark Knopfler MGT-0581 Tekniset tiedot:&nbsp;&bull; Mitat: K. 27,5 cm x [&hellip;]<\/p>\n","protected":false},"featured_media":44727,"comment_status":"open","ping_status":"closed","template":"","meta":[],"product_brand":[],"product_cat":[32],"product_tag":[],"class_list":{"0":"post-36443","1":"product","2":"type-product","3":"status-publish","4":"has-post-thumbnail","6":"product_cat-uncategorized-fi","8":"first","9":"instock","10":"shipping-taxable","11":"purchasable","12":"product-type-simple"},"_links":{"self":[{"href":"https:\/\/nordicmart.andreevmaster.com\/fi\/wp-json\/wp\/v2\/product\/36443","targetHints":{"allow":["GET"]}}],"collection":[{"href":"https:\/\/nordicmart.andreevmaster.com\/fi\/wp-json\/wp\/v2\/product"}],"about":[{"href":"https:\/\/nordicmart.andreevmaster.com\/fi\/wp-json\/wp\/v2\/types\/product"}],"replies":[{"embeddable":true,"href":"https:\/\/nordicmart.andreevmaster.com\/fi\/wp-json\/wp\/v2\/comments?post=36443"}],"wp:featuredmedia":[{"embeddable":true,"href":"https:\/\/nordicmart.andreevmaster.com\/fi\/wp-json\/wp\/v2\/media\/44727"}],"wp:attachment":[{"href":"https:\/\/nordicmart.andreevmaster.com\/fi\/wp-json\/wp\/v2\/media?parent=36443"}],"wp:term":[{"taxonomy":"product_brand","embeddable":true,"href":"https:\/\/nordicmart.andreevmaster.com\/fi\/wp-json\/wp\/v2\/product_brand?post=36443"},{"taxonomy":"product_cat","embeddable":true,"href":"https:\/\/nordicmart.andreevmaster.com\/fi\/wp-json\/wp\/v2\/product_cat?post=36443"},{"taxonomy":"product_tag","embeddable":true,"href":"https:\/\/nordicmart.andreevmaster.com\/fi\/wp-json\/wp\/v2\/product_tag?post=36443"}],"curies":[{"name":"wp","href":"https:\/\/api.w.org\/{rel}","templated":true}]}}