{"id":36442,"date":"2026-02-27T00:34:28","date_gmt":"2026-02-27T00:34:28","guid":{"rendered":"https:\/\/nordicmart.andreevmaster.com\/product\/ulkona-kaytettava-saaasema-kellolla-29-0723\/"},"modified":"2026-02-27T09:52:12","modified_gmt":"2026-02-27T09:52:12","slug":"ulkona-kaytettava-saaasema-kellolla-29-0723","status":"publish","type":"product","link":"https:\/\/nordicmart.andreevmaster.com\/fi\/tuote\/ulkona-kaytettava-saaasema-kellolla-29-0723\/","title":{"rendered":"Ulkona k\u00e4ytett\u00e4v\u00e4 s\u00e4\u00e4asema kellolla &#8211; 29.0723"},"content":{"rendered":"<p>Ulkona k\u00e4ytett\u00e4v\u00e4 s\u00e4\u00e4asema kellolla &#8211; 29.0723&nbsp;&nbsp;T\u00e4m\u00e4 tyylik\u00e4s ulkona k\u00e4ytett\u00e4v\u00e4 s\u00e4\u00e4asema yhdist\u00e4\u00e4 barometrin, l\u00e4mp\u00f6mittarin ja kosteusmittarin toiminnot, ja siin\u00e4 on lis\u00e4ksi kello. T\u00e4m\u00e4 ainutlaatuinen tuote on yhdistelm\u00e4 esteettisyytt\u00e4 ja toiminnallisuutta, ja se on suunniteltu tarjoamaan tarkat mittaukset ja tyylikk\u00e4\u00e4n ulkon\u00e4\u00f6n. Valmistettu ruostumattomasta ter\u00e4ksest\u00e4.&nbsp;Barometri antaa tarkat tiedot ilmanpaineesta, joten voit ennustaa s\u00e4\u00e4t\u00e4 ja suunnitella ulkoilma-aktiviteetteja. L\u00e4mp\u00f6mittari auttaa seuraamaan l\u00e4mp\u00f6tilaa sek\u00e4 huoneen sis\u00e4ll\u00e4 ett\u00e4 ulkona, mik\u00e4 on eritt\u00e4in hy\u00f6dyllist\u00e4 l\u00e4mp\u00f6mukavuudesta huolehtiville. Kosteusmittari antaa tietoa kosteudesta, mik\u00e4 on t\u00e4rke\u00e4\u00e4 niille, jotka haluavat yll\u00e4pit\u00e4\u00e4 oikeat olosuhteet kotonaan tai ulkona. Lis\u00e4ksi t\u00e4ss\u00e4 s\u00e4\u00e4asemassa on kello, jonka avulla voit paitsi lukea kellonajan, my\u00f6s lis\u00e4t\u00e4 eleganssia.&nbsp;T\u00e4m\u00e4n s\u00e4\u00e4aseman mittausten laatu on eritt\u00e4in korkea, mik\u00e4 takaa tulosten tarkkuuden ja luotettavuuden. T\u00e4m\u00e4 on v\u00e4ltt\u00e4m\u00e4t\u00f6n ty\u00f6kalu meteorologian harrastajille, puutarhureille, ulkoilmaurheilijoille ja niille, jotka yksinkertaisesti arvostavat hyvin suunniteltuja ja toimivia esineit\u00e4.&nbsp;T\u00e4m\u00e4 tyylik\u00e4s ulkoilma-s\u00e4\u00e4asema voi olla my\u00f6s t\u00e4ydellinen lahja s\u00e4\u00e4st\u00e4 kiinnostuneelle rakkaalle tai jollekin, joka arvostaa kauneutta ja k\u00e4yt\u00e4nn\u00f6llisyytt\u00e4 samassa tuotteessa. Olipa tilaisuus mik\u00e4 tahansa, t\u00e4m\u00e4 s\u00e4\u00e4asema t\u00e4ytt\u00e4\u00e4 varmasti odotukset ja on kest\u00e4v\u00e4 muistoesine.&nbsp;&nbsp;Mitat:&nbsp;38 x 12,2 cm&nbsp;Toimintatila: L\u00e4mp\u00f6tila: -20 \u00b0C \u2013 50 \u00b0C Kosteus: 20 % \u2013 98 % RH Ilmanpaine: 1060 hPA \u2013 960 hPA<\/p>\n","protected":false},"excerpt":{"rendered":"<p>Ulkona k\u00e4ytett\u00e4v\u00e4 s\u00e4\u00e4asema kellolla &#8211; 29.0723&nbsp;&nbsp;T\u00e4m\u00e4 tyylik\u00e4s ulkona k\u00e4ytett\u00e4v\u00e4 s\u00e4\u00e4asema yhdist\u00e4\u00e4 barometrin, l\u00e4mp\u00f6mittarin ja kosteusmittarin toiminnot, ja siin\u00e4 on lis\u00e4ksi kello. T\u00e4m\u00e4 ainutlaatuinen tuote on yhdistelm\u00e4 esteettisyytt\u00e4 ja toiminnallisuutta, ja se on suunniteltu tarjoamaan tarkat mittaukset ja tyylikk\u00e4\u00e4n ulkon\u00e4\u00f6n. Valmistettu ruostumattomasta ter\u00e4ksest\u00e4.&nbsp;Barometri antaa tarkat tiedot ilmanpaineesta, joten voit ennustaa s\u00e4\u00e4t\u00e4 ja suunnitella ulkoilma-aktiviteetteja. L\u00e4mp\u00f6mittari auttaa [&hellip;]<\/p>\n","protected":false},"featured_media":44726,"comment_status":"open","ping_status":"closed","template":"","meta":[],"product_brand":[],"product_cat":[32],"product_tag":[],"class_list":{"0":"post-36442","1":"product","2":"type-product","3":"status-publish","4":"has-post-thumbnail","6":"product_cat-uncategorized-fi","8":"first","9":"instock","10":"shipping-taxable","11":"purchasable","12":"product-type-simple"},"_links":{"self":[{"href":"https:\/\/nordicmart.andreevmaster.com\/fi\/wp-json\/wp\/v2\/product\/36442","targetHints":{"allow":["GET"]}}],"collection":[{"href":"https:\/\/nordicmart.andreevmaster.com\/fi\/wp-json\/wp\/v2\/product"}],"about":[{"href":"https:\/\/nordicmart.andreevmaster.com\/fi\/wp-json\/wp\/v2\/types\/product"}],"replies":[{"embeddable":true,"href":"https:\/\/nordicmart.andreevmaster.com\/fi\/wp-json\/wp\/v2\/comments?post=36442"}],"wp:featuredmedia":[{"embeddable":true,"href":"https:\/\/nordicmart.andreevmaster.com\/fi\/wp-json\/wp\/v2\/media\/44726"}],"wp:attachment":[{"href":"https:\/\/nordicmart.andreevmaster.com\/fi\/wp-json\/wp\/v2\/media?parent=36442"}],"wp:term":[{"taxonomy":"product_brand","embeddable":true,"href":"https:\/\/nordicmart.andreevmaster.com\/fi\/wp-json\/wp\/v2\/product_brand?post=36442"},{"taxonomy":"product_cat","embeddable":true,"href":"https:\/\/nordicmart.andreevmaster.com\/fi\/wp-json\/wp\/v2\/product_cat?post=36442"},{"taxonomy":"product_tag","embeddable":true,"href":"https:\/\/nordicmart.andreevmaster.com\/fi\/wp-json\/wp\/v2\/product_tag?post=36442"}],"curies":[{"name":"wp","href":"https:\/\/api.w.org\/{rel}","templated":true}]}}