{"id":36441,"date":"2026-02-27T00:34:27","date_gmt":"2026-02-27T00:34:27","guid":{"rendered":"https:\/\/nordicmart.andreevmaster.com\/product\/avaimenpera-kitara-dire-straits-mark-knopfler-mahonki-egk-0474\/"},"modified":"2026-02-27T09:52:12","modified_gmt":"2026-02-27T09:52:12","slug":"avaimenpera-kitara-dire-straits-mark-knopfler-mahonki-egk-0474","status":"publish","type":"product","link":"https:\/\/nordicmart.andreevmaster.com\/fi\/tuote\/avaimenpera-kitara-dire-straits-mark-knopfler-mahonki-egk-0474\/","title":{"rendered":"Avaimenper\u00e4 &#8211; kitara &#8211; Dire Straits &#8211; Mark Knopfler, mahonki, EGK-0474"},"content":{"rendered":"<p>Avaimenper\u00e4 &#8211; kitara &#8211; Dire Straits &#8211; Mark Knopfler, mahonki, EGK-0474&nbsp;&nbsp;&nbsp;Tunne Dire Straitsin musiikin henki aina mukanasi! Mark Knopflerin soittotyylist\u00e4 inspiraationsa saanut kitaran muotoinen avaimenper\u00e4 on paitsi k\u00e4yt\u00e4nn\u00f6llinen lis\u00e4 avaimiisi, my\u00f6s ainutlaatuinen koriste. Puu- ja metalliyhdistelm\u00e4st\u00e4 valmistettu avaimenper\u00e4 tekee vaikutuksen tarkalla valmistuksellaan ja yksityiskohtien huolellisella viimeistelyll\u00e4.&nbsp;&nbsp;Tuotetiedot:&nbsp;Mitat: 6x11x0,5cm Materiaali: Puu- ja metallinen avaimenper\u00e4 Upea lahja musiikin ja Dire Straitsin faneille &nbsp;&nbsp;Myyj\u00e4 ei ole mill\u00e4\u00e4n tavalla sidoksissa todellisten soittimien valmistajiin tai yksitt\u00e4isiin artisteihin. Mallien nimet tai artistien nimet ovat esimerkillisi\u00e4. Kuuluisat nimet palvelevat vain tietynlaisen musiikin tekemisen tyylin esittelemist\u00e4. Mik\u00e4\u00e4n soittimista ei ole tarkka kopio mittasuhteiden, koon ja muotoilun suhteen.<\/p>\n","protected":false},"excerpt":{"rendered":"<p>Avaimenper\u00e4 &#8211; kitara &#8211; Dire Straits &#8211; Mark Knopfler, mahonki, EGK-0474&nbsp;&nbsp;&nbsp;Tunne Dire Straitsin musiikin henki aina mukanasi! Mark Knopflerin soittotyylist\u00e4 inspiraationsa saanut kitaran muotoinen avaimenper\u00e4 on paitsi k\u00e4yt\u00e4nn\u00f6llinen lis\u00e4 avaimiisi, my\u00f6s ainutlaatuinen koriste. Puu- ja metalliyhdistelm\u00e4st\u00e4 valmistettu avaimenper\u00e4 tekee vaikutuksen tarkalla valmistuksellaan ja yksityiskohtien huolellisella viimeistelyll\u00e4.&nbsp;&nbsp;Tuotetiedot:&nbsp;Mitat: 6x11x0,5cm Materiaali: Puu- ja metallinen avaimenper\u00e4 Upea lahja musiikin [&hellip;]<\/p>\n","protected":false},"featured_media":44725,"comment_status":"open","ping_status":"closed","template":"","meta":[],"product_brand":[],"product_cat":[32],"product_tag":[],"class_list":{"0":"post-36441","1":"product","2":"type-product","3":"status-publish","4":"has-post-thumbnail","6":"product_cat-uncategorized-fi","8":"first","9":"instock","10":"shipping-taxable","11":"purchasable","12":"product-type-simple"},"_links":{"self":[{"href":"https:\/\/nordicmart.andreevmaster.com\/fi\/wp-json\/wp\/v2\/product\/36441","targetHints":{"allow":["GET"]}}],"collection":[{"href":"https:\/\/nordicmart.andreevmaster.com\/fi\/wp-json\/wp\/v2\/product"}],"about":[{"href":"https:\/\/nordicmart.andreevmaster.com\/fi\/wp-json\/wp\/v2\/types\/product"}],"replies":[{"embeddable":true,"href":"https:\/\/nordicmart.andreevmaster.com\/fi\/wp-json\/wp\/v2\/comments?post=36441"}],"wp:featuredmedia":[{"embeddable":true,"href":"https:\/\/nordicmart.andreevmaster.com\/fi\/wp-json\/wp\/v2\/media\/44725"}],"wp:attachment":[{"href":"https:\/\/nordicmart.andreevmaster.com\/fi\/wp-json\/wp\/v2\/media?parent=36441"}],"wp:term":[{"taxonomy":"product_brand","embeddable":true,"href":"https:\/\/nordicmart.andreevmaster.com\/fi\/wp-json\/wp\/v2\/product_brand?post=36441"},{"taxonomy":"product_cat","embeddable":true,"href":"https:\/\/nordicmart.andreevmaster.com\/fi\/wp-json\/wp\/v2\/product_cat?post=36441"},{"taxonomy":"product_tag","embeddable":true,"href":"https:\/\/nordicmart.andreevmaster.com\/fi\/wp-json\/wp\/v2\/product_tag?post=36441"}],"curies":[{"name":"wp","href":"https:\/\/api.w.org\/{rel}","templated":true}]}}