{"id":36440,"date":"2026-02-27T00:34:27","date_gmt":"2026-02-27T00:34:27","guid":{"rendered":"https:\/\/nordicmart.andreevmaster.com\/product\/bob-marley-tribute-ganja-mini-guitar-mgt-0468-2\/"},"modified":"2026-02-27T09:52:11","modified_gmt":"2026-02-27T09:52:11","slug":"bob-marley-tribute-ganja-mini-guitar-mgt-0468-2","status":"publish","type":"product","link":"https:\/\/nordicmart.andreevmaster.com\/fi\/tuote\/bob-marley-tribute-ganja-mini-guitar-mgt-0468-2\/","title":{"rendered":"Bob Marley Tribute Ganja Mini Guitar MGT-0468"},"content":{"rendered":"<p>Bob Marley Tribute Ganja Mini Guitar MGT-0468&nbsp;&nbsp;&quot;Iron, Lion, Zion&#8230;&quot;. Reggae-musiikin gurun Bob Marleyn k\u00e4ytt\u00e4m\u00e4st\u00e4 varusteesta tyylitelty minikitarra vieh\u00e4tt\u00e4\u00e4 jamaikalaisen musiikin yst\u00e4vi\u00e4. Kitarasta tulee loistava lahja Marleyn faneille, reggae-musiikin yst\u00e4ville ja kitaristeille. Mini-kitara on upea koriste muusikon huoneeseen. Mini-kitara on k\u00e4sintehty mahonki-puusta. Ker\u00e4ilykohde. Kitara ei ole lelu. Ei soi.&nbsp;&nbsp;Tuotetiedot:&nbsp;Mitat: K. 27,5 cm x L. 9 cm x S. 0,8 cmMittakaava: 1:4Materiaali: mahonkiV\u00e4ritys: keltainen, punainen, vihre\u00e4, valkoinenSetti sis\u00e4lt\u00e4\u00e4 muovi-metallisen telineen kitaran asettamista varten&nbsp;&nbsp;Huomio! Myyj\u00e4 ei ole mill\u00e4\u00e4n tavalla yhteydess\u00e4 todellisten soittimien valmistajiin tai yksitt\u00e4isiin artisteihin. Mallien nimet tai artistien nimet ovat esimerkillisi\u00e4. Tunnetut nimet palvelevat vain tietyn musiikkityylin esittelemist\u00e4. Mik\u00e4\u00e4n soittimista ei ole tarkka kopio mittasuhteiden, koon ja muotoilun suhteen.&nbsp;<\/p>\n","protected":false},"excerpt":{"rendered":"<p>Bob Marley Tribute Ganja Mini Guitar MGT-0468&nbsp;&nbsp;&quot;Iron, Lion, Zion&#8230;&quot;. Reggae-musiikin gurun Bob Marleyn k\u00e4ytt\u00e4m\u00e4st\u00e4 varusteesta tyylitelty minikitarra vieh\u00e4tt\u00e4\u00e4 jamaikalaisen musiikin yst\u00e4vi\u00e4. Kitarasta tulee loistava lahja Marleyn faneille, reggae-musiikin yst\u00e4ville ja kitaristeille. Mini-kitara on upea koriste muusikon huoneeseen. Mini-kitara on k\u00e4sintehty mahonki-puusta. Ker\u00e4ilykohde. Kitara ei ole lelu. Ei soi.&nbsp;&nbsp;Tuotetiedot:&nbsp;Mitat: K. 27,5 cm x L. 9 cm [&hellip;]<\/p>\n","protected":false},"featured_media":44724,"comment_status":"open","ping_status":"closed","template":"","meta":[],"product_brand":[],"product_cat":[32],"product_tag":[],"class_list":{"0":"post-36440","1":"product","2":"type-product","3":"status-publish","4":"has-post-thumbnail","6":"product_cat-uncategorized-fi","8":"first","9":"instock","10":"shipping-taxable","11":"purchasable","12":"product-type-simple"},"_links":{"self":[{"href":"https:\/\/nordicmart.andreevmaster.com\/fi\/wp-json\/wp\/v2\/product\/36440","targetHints":{"allow":["GET"]}}],"collection":[{"href":"https:\/\/nordicmart.andreevmaster.com\/fi\/wp-json\/wp\/v2\/product"}],"about":[{"href":"https:\/\/nordicmart.andreevmaster.com\/fi\/wp-json\/wp\/v2\/types\/product"}],"replies":[{"embeddable":true,"href":"https:\/\/nordicmart.andreevmaster.com\/fi\/wp-json\/wp\/v2\/comments?post=36440"}],"wp:featuredmedia":[{"embeddable":true,"href":"https:\/\/nordicmart.andreevmaster.com\/fi\/wp-json\/wp\/v2\/media\/44724"}],"wp:attachment":[{"href":"https:\/\/nordicmart.andreevmaster.com\/fi\/wp-json\/wp\/v2\/media?parent=36440"}],"wp:term":[{"taxonomy":"product_brand","embeddable":true,"href":"https:\/\/nordicmart.andreevmaster.com\/fi\/wp-json\/wp\/v2\/product_brand?post=36440"},{"taxonomy":"product_cat","embeddable":true,"href":"https:\/\/nordicmart.andreevmaster.com\/fi\/wp-json\/wp\/v2\/product_cat?post=36440"},{"taxonomy":"product_tag","embeddable":true,"href":"https:\/\/nordicmart.andreevmaster.com\/fi\/wp-json\/wp\/v2\/product_tag?post=36440"}],"curies":[{"name":"wp","href":"https:\/\/api.w.org\/{rel}","templated":true}]}}