{"id":36439,"date":"2026-02-27T00:34:27","date_gmt":"2026-02-27T00:34:27","guid":{"rendered":"https:\/\/nordicmart.andreevmaster.com\/product\/mini-kitara-u2-bono-irish-falcon-mgt-0444\/"},"modified":"2026-02-27T09:52:11","modified_gmt":"2026-02-27T09:52:11","slug":"mini-kitara-u2-bono-irish-falcon-mgt-0444","status":"publish","type":"product","link":"https:\/\/nordicmart.andreevmaster.com\/fi\/tuote\/mini-kitara-u2-bono-irish-falcon-mgt-0444\/","title":{"rendered":"Mini-kitara U2 &#8211; Bono &#8211; Irish Falcon &#8211; MGT-0444"},"content":{"rendered":"<p>Mini-kitara U2 &#8211; Bono &#8211; Irish Falcon, MGT-0444 &#8211; mittakaava 1:4&nbsp;&nbsp;&nbsp;Tuotetiedot:&nbsp;K\u00e4sintehtyMahonkiMitat: korkeus 27,5 cm x leveys 9 cm x syvyys. 0,8 cm Mittakaava 1:4 Ker\u00e4ilykohde &nbsp;&nbsp;&nbsp;Myyj\u00e4 ei ole mill\u00e4\u00e4n tavalla yhteydess\u00e4 todellisten instrumenttien valmistajiin tai yksitt\u00e4isiin artisteihin. Mallien nimet tai artistien nimet ovat esimerkillisi\u00e4. Kuuluisat nimet palvelevat vain tietynlaisen musiikin tekemisen tyylin esittelemist\u00e4. Mik\u00e4\u00e4n instrumenteista ei ole tarkka kopio mittasuhteiden, koon ja muotoilun suhteen. Kaikki tuotteet on valmistettu k\u00e4sin.&nbsp;<\/p>\n","protected":false},"excerpt":{"rendered":"<p>Mini-kitara U2 &#8211; Bono &#8211; Irish Falcon, MGT-0444 &#8211; mittakaava 1:4&nbsp;&nbsp;&nbsp;Tuotetiedot:&nbsp;K\u00e4sintehtyMahonkiMitat: korkeus 27,5 cm x leveys 9 cm x syvyys. 0,8 cm Mittakaava 1:4 Ker\u00e4ilykohde &nbsp;&nbsp;&nbsp;Myyj\u00e4 ei ole mill\u00e4\u00e4n tavalla yhteydess\u00e4 todellisten instrumenttien valmistajiin tai yksitt\u00e4isiin artisteihin. Mallien nimet tai artistien nimet ovat esimerkillisi\u00e4. Kuuluisat nimet palvelevat vain tietynlaisen musiikin tekemisen tyylin esittelemist\u00e4. Mik\u00e4\u00e4n instrumenteista [&hellip;]<\/p>\n","protected":false},"featured_media":44723,"comment_status":"open","ping_status":"closed","template":"","meta":[],"product_brand":[],"product_cat":[32],"product_tag":[],"class_list":{"0":"post-36439","1":"product","2":"type-product","3":"status-publish","4":"has-post-thumbnail","6":"product_cat-uncategorized-fi","8":"first","9":"instock","10":"shipping-taxable","11":"purchasable","12":"product-type-simple"},"_links":{"self":[{"href":"https:\/\/nordicmart.andreevmaster.com\/fi\/wp-json\/wp\/v2\/product\/36439","targetHints":{"allow":["GET"]}}],"collection":[{"href":"https:\/\/nordicmart.andreevmaster.com\/fi\/wp-json\/wp\/v2\/product"}],"about":[{"href":"https:\/\/nordicmart.andreevmaster.com\/fi\/wp-json\/wp\/v2\/types\/product"}],"replies":[{"embeddable":true,"href":"https:\/\/nordicmart.andreevmaster.com\/fi\/wp-json\/wp\/v2\/comments?post=36439"}],"wp:featuredmedia":[{"embeddable":true,"href":"https:\/\/nordicmart.andreevmaster.com\/fi\/wp-json\/wp\/v2\/media\/44723"}],"wp:attachment":[{"href":"https:\/\/nordicmart.andreevmaster.com\/fi\/wp-json\/wp\/v2\/media?parent=36439"}],"wp:term":[{"taxonomy":"product_brand","embeddable":true,"href":"https:\/\/nordicmart.andreevmaster.com\/fi\/wp-json\/wp\/v2\/product_brand?post=36439"},{"taxonomy":"product_cat","embeddable":true,"href":"https:\/\/nordicmart.andreevmaster.com\/fi\/wp-json\/wp\/v2\/product_cat?post=36439"},{"taxonomy":"product_tag","embeddable":true,"href":"https:\/\/nordicmart.andreevmaster.com\/fi\/wp-json\/wp\/v2\/product_tag?post=36439"}],"curies":[{"name":"wp","href":"https:\/\/api.w.org\/{rel}","templated":true}]}}