{"id":36438,"date":"2026-02-27T00:34:27","date_gmt":"2026-02-27T00:34:27","guid":{"rendered":"https:\/\/nordicmart.andreevmaster.com\/product\/avaimenpera-j-hendrixin-kitara-mahonki-egk-0320\/"},"modified":"2026-02-27T09:52:11","modified_gmt":"2026-02-27T09:52:11","slug":"avaimenpera-j-hendrixin-kitara-mahonki-egk-0320","status":"publish","type":"product","link":"https:\/\/nordicmart.andreevmaster.com\/fi\/tuote\/avaimenpera-j-hendrixin-kitara-mahonki-egk-0320\/","title":{"rendered":"Avaimenper\u00e4 &#8211; J. Hendrixin kitara; mahonki &#8211; EGK-0320"},"content":{"rendered":"<p>Avaimenper\u00e4 &#8211; J. Hendrixin kitara; mahonki &#8211; EGK-0320&nbsp;6x11x0,5cm Puinen ja metallinen avaimenper\u00e4&nbsp;lahja musiikin yst\u00e4v\u00e4lle ja J. Hendrixin faneille&nbsp;Myyj\u00e4 ei ole mill\u00e4\u00e4n tavalla yhteydess\u00e4 aitojen instrumenttien valmistajiin tai yksitt\u00e4isiin artisteihin. Mallien nimet tai artistien nimet ovat esimerkillisi\u00e4. Kuuluisat nimet palvelevat vain tietyn musiikkityylin esittelemist\u00e4. Mik\u00e4\u00e4n soittimista ei ole tarkka kopio mittasuhteiden, koon ja muotoilun suhteen.&nbsp;<\/p>\n","protected":false},"excerpt":{"rendered":"<p>Avaimenper\u00e4 &#8211; J. Hendrixin kitara; mahonki &#8211; EGK-0320&nbsp;6x11x0,5cm Puinen ja metallinen avaimenper\u00e4&nbsp;lahja musiikin yst\u00e4v\u00e4lle ja J. Hendrixin faneille&nbsp;Myyj\u00e4 ei ole mill\u00e4\u00e4n tavalla yhteydess\u00e4 aitojen instrumenttien valmistajiin tai yksitt\u00e4isiin artisteihin. Mallien nimet tai artistien nimet ovat esimerkillisi\u00e4. Kuuluisat nimet palvelevat vain tietyn musiikkityylin esittelemist\u00e4. Mik\u00e4\u00e4n soittimista ei ole tarkka kopio mittasuhteiden, koon ja muotoilun suhteen.&nbsp;<\/p>\n","protected":false},"featured_media":44722,"comment_status":"open","ping_status":"closed","template":"","meta":[],"product_brand":[],"product_cat":[32],"product_tag":[],"class_list":{"0":"post-36438","1":"product","2":"type-product","3":"status-publish","4":"has-post-thumbnail","6":"product_cat-uncategorized-fi","8":"first","9":"instock","10":"shipping-taxable","11":"purchasable","12":"product-type-simple"},"_links":{"self":[{"href":"https:\/\/nordicmart.andreevmaster.com\/fi\/wp-json\/wp\/v2\/product\/36438","targetHints":{"allow":["GET"]}}],"collection":[{"href":"https:\/\/nordicmart.andreevmaster.com\/fi\/wp-json\/wp\/v2\/product"}],"about":[{"href":"https:\/\/nordicmart.andreevmaster.com\/fi\/wp-json\/wp\/v2\/types\/product"}],"replies":[{"embeddable":true,"href":"https:\/\/nordicmart.andreevmaster.com\/fi\/wp-json\/wp\/v2\/comments?post=36438"}],"wp:featuredmedia":[{"embeddable":true,"href":"https:\/\/nordicmart.andreevmaster.com\/fi\/wp-json\/wp\/v2\/media\/44722"}],"wp:attachment":[{"href":"https:\/\/nordicmart.andreevmaster.com\/fi\/wp-json\/wp\/v2\/media?parent=36438"}],"wp:term":[{"taxonomy":"product_brand","embeddable":true,"href":"https:\/\/nordicmart.andreevmaster.com\/fi\/wp-json\/wp\/v2\/product_brand?post=36438"},{"taxonomy":"product_cat","embeddable":true,"href":"https:\/\/nordicmart.andreevmaster.com\/fi\/wp-json\/wp\/v2\/product_cat?post=36438"},{"taxonomy":"product_tag","embeddable":true,"href":"https:\/\/nordicmart.andreevmaster.com\/fi\/wp-json\/wp\/v2\/product_tag?post=36438"}],"curies":[{"name":"wp","href":"https:\/\/api.w.org\/{rel}","templated":true}]}}