{"id":36437,"date":"2026-02-27T00:34:26","date_gmt":"2026-02-27T00:34:26","guid":{"rendered":"https:\/\/nordicmart.andreevmaster.com\/product\/metallica-kitaran-avaimenpera-james-hetfield-iron-cross-egk-0191\/"},"modified":"2026-02-27T09:52:11","modified_gmt":"2026-02-27T09:52:11","slug":"metallica-kitaran-avaimenpera-james-hetfield-iron-cross-egk-0191","status":"publish","type":"product","link":"https:\/\/nordicmart.andreevmaster.com\/fi\/tuote\/metallica-kitaran-avaimenpera-james-hetfield-iron-cross-egk-0191\/","title":{"rendered":"Metallica-kitaran avaimenper\u00e4 &#8211; James Hetfield &#8211; Iron Cross EGK-0191"},"content":{"rendered":"<p>Metallica-kitaran avaimenper\u00e4 &#8211; James Hetfield &#8211; Iron Cross EGK-0191&nbsp;&nbsp;Ikonisen heavy- ja thrash metal -yhtye Metallican innoittama kitaran avaimenper\u00e4 on loistava gadget raskaamman musiikin yst\u00e4ville. Se sopii edulliseksi lahjaksi Metallica-fanille, metallimusiikin yst\u00e4v\u00e4lle ja kitaristille. &nbsp;Avaimenper\u00e4 on valmistettu mahongista. Metallinen ketju ja rengas avainten kiinnitt\u00e4mist\u00e4 varten.&nbsp;&nbsp;Tuotetiedot:&nbsp;Mitat: 6 x 11 x 0,5 cmMateriaali: puu (mahonki), metalliV\u00e4ri: musta, keltainenKiinnitys: rengasGadget raskaamman musiikin yst\u00e4villeLahja Metallica-fanille&nbsp;Huomio! Myyj\u00e4 ei ole mill\u00e4\u00e4n tavalla yhteydess\u00e4 todellisten instrumenttien valmistajiin tai yksitt\u00e4isiin artisteihin. Mallien nimet tai artistien nimet ovat esimerkillisi\u00e4. Kuuluisat nimet palvelevat vain tietynlaisen musiikin tekemisen tyylin esittelemist\u00e4. Mik\u00e4\u00e4n instrumenteista ei ole tarkka kopio mittasuhteiden, koon ja muotoilun suhteen.<\/p>\n","protected":false},"excerpt":{"rendered":"<p>Metallica-kitaran avaimenper\u00e4 &#8211; James Hetfield &#8211; Iron Cross EGK-0191&nbsp;&nbsp;Ikonisen heavy- ja thrash metal -yhtye Metallican innoittama kitaran avaimenper\u00e4 on loistava gadget raskaamman musiikin yst\u00e4ville. Se sopii edulliseksi lahjaksi Metallica-fanille, metallimusiikin yst\u00e4v\u00e4lle ja kitaristille. &nbsp;Avaimenper\u00e4 on valmistettu mahongista. Metallinen ketju ja rengas avainten kiinnitt\u00e4mist\u00e4 varten.&nbsp;&nbsp;Tuotetiedot:&nbsp;Mitat: 6 x 11 x 0,5 cmMateriaali: puu (mahonki), metalliV\u00e4ri: musta, keltainenKiinnitys: [&hellip;]<\/p>\n","protected":false},"featured_media":0,"comment_status":"open","ping_status":"closed","template":"","meta":[],"product_brand":[],"product_cat":[32],"product_tag":[],"class_list":{"0":"post-36437","1":"product","2":"type-product","3":"status-publish","5":"product_cat-uncategorized-fi","7":"first","8":"instock","9":"shipping-taxable","10":"purchasable","11":"product-type-simple"},"_links":{"self":[{"href":"https:\/\/nordicmart.andreevmaster.com\/fi\/wp-json\/wp\/v2\/product\/36437","targetHints":{"allow":["GET"]}}],"collection":[{"href":"https:\/\/nordicmart.andreevmaster.com\/fi\/wp-json\/wp\/v2\/product"}],"about":[{"href":"https:\/\/nordicmart.andreevmaster.com\/fi\/wp-json\/wp\/v2\/types\/product"}],"replies":[{"embeddable":true,"href":"https:\/\/nordicmart.andreevmaster.com\/fi\/wp-json\/wp\/v2\/comments?post=36437"}],"wp:attachment":[{"href":"https:\/\/nordicmart.andreevmaster.com\/fi\/wp-json\/wp\/v2\/media?parent=36437"}],"wp:term":[{"taxonomy":"product_brand","embeddable":true,"href":"https:\/\/nordicmart.andreevmaster.com\/fi\/wp-json\/wp\/v2\/product_brand?post=36437"},{"taxonomy":"product_cat","embeddable":true,"href":"https:\/\/nordicmart.andreevmaster.com\/fi\/wp-json\/wp\/v2\/product_cat?post=36437"},{"taxonomy":"product_tag","embeddable":true,"href":"https:\/\/nordicmart.andreevmaster.com\/fi\/wp-json\/wp\/v2\/product_tag?post=36437"}],"curies":[{"name":"wp","href":"https:\/\/api.w.org\/{rel}","templated":true}]}}