{"id":36436,"date":"2026-02-27T00:34:26","date_gmt":"2026-02-27T00:34:26","guid":{"rendered":"https:\/\/nordicmart.andreevmaster.com\/product\/led-zeppelin-kitaran-avaimenpera-jimmy-page-egk-0115\/"},"modified":"2026-02-27T09:52:11","modified_gmt":"2026-02-27T09:52:11","slug":"led-zeppelin-kitaran-avaimenpera-jimmy-page-egk-0115","status":"publish","type":"product","link":"https:\/\/nordicmart.andreevmaster.com\/fi\/tuote\/led-zeppelin-kitaran-avaimenpera-jimmy-page-egk-0115\/","title":{"rendered":"Led Zeppelin -kitaran avaimenper\u00e4 &#8211; Jimmy Page &#8211; EGK-0115"},"content":{"rendered":"<p>Led Zeppelin -kitaran avaimenper\u00e4 &#8211; Jimmy Page &#8211; EGK-0115&nbsp;&nbsp;Kitaran avaimenper\u00e4, joka on saanut inspiraationsa Gibson Doubleneck -kaksoiskaulakitarasta, jonka Jimmy Page Led Zeppelin popularisoi 70-luvun live-esiintymisiss\u00e4\u00e4n. Kitara yhdistyy b\u00e4ndin ikonisimpiin kappaleisiin, kuten &#8221;Stairway to Heaven&#8221;, &#8221;The Song Remains the Same&#8221;, &#8221;Tangerine&#8221; ja &#8221;The Rain Song&#8221;. Avaimenper\u00e4 sopii lahjaksi kitaristille, Zeppelin-fanille ja Jimmy Pagen taiteilijalle. &nbsp;Riipus on valmistettu mahongista. Metalliketju ja rengas avainten kiinnitt\u00e4mist\u00e4 varten.&nbsp;&nbsp;Tuotetiedot:&nbsp;Mitat: 6 x 11 x 0,5 cmMateriaali: puu (mahonki), metalliV\u00e4ri: punainen, musta, valkoinenKiinnitys: rengas Lahja kitaristilleLahja Zeppelin-fanille&nbsp;Huomio! Myyj\u00e4 ei ole mill\u00e4\u00e4n tavalla yhteydess\u00e4 todellisten instrumenttien valmistajiin tai yksitt\u00e4isiin artisteihin. Mallien nimet tai artistien nimet ovat esimerkillisi\u00e4. Kuuluisat nimet palvelevat vain tietynlaisen musiikin tekemisen tyylin esittelemist\u00e4. Mik\u00e4\u00e4n instrumenteista ei ole tarkka kopio mittasuhteiden, koon ja muotoilun suhteen.<\/p>\n","protected":false},"excerpt":{"rendered":"<p>Led Zeppelin -kitaran avaimenper\u00e4 &#8211; Jimmy Page &#8211; EGK-0115&nbsp;&nbsp;Kitaran avaimenper\u00e4, joka on saanut inspiraationsa Gibson Doubleneck -kaksoiskaulakitarasta, jonka Jimmy Page Led Zeppelin popularisoi 70-luvun live-esiintymisiss\u00e4\u00e4n. Kitara yhdistyy b\u00e4ndin ikonisimpiin kappaleisiin, kuten &#8221;Stairway to Heaven&#8221;, &#8221;The Song Remains the Same&#8221;, &#8221;Tangerine&#8221; ja &#8221;The Rain Song&#8221;. Avaimenper\u00e4 sopii lahjaksi kitaristille, Zeppelin-fanille ja Jimmy Pagen taiteilijalle. &nbsp;Riipus on [&hellip;]<\/p>\n","protected":false},"featured_media":0,"comment_status":"open","ping_status":"closed","template":"","meta":[],"product_brand":[],"product_cat":[32],"product_tag":[],"class_list":{"0":"post-36436","1":"product","2":"type-product","3":"status-publish","5":"product_cat-uncategorized-fi","7":"first","8":"instock","9":"shipping-taxable","10":"purchasable","11":"product-type-simple"},"_links":{"self":[{"href":"https:\/\/nordicmart.andreevmaster.com\/fi\/wp-json\/wp\/v2\/product\/36436","targetHints":{"allow":["GET"]}}],"collection":[{"href":"https:\/\/nordicmart.andreevmaster.com\/fi\/wp-json\/wp\/v2\/product"}],"about":[{"href":"https:\/\/nordicmart.andreevmaster.com\/fi\/wp-json\/wp\/v2\/types\/product"}],"replies":[{"embeddable":true,"href":"https:\/\/nordicmart.andreevmaster.com\/fi\/wp-json\/wp\/v2\/comments?post=36436"}],"wp:attachment":[{"href":"https:\/\/nordicmart.andreevmaster.com\/fi\/wp-json\/wp\/v2\/media?parent=36436"}],"wp:term":[{"taxonomy":"product_brand","embeddable":true,"href":"https:\/\/nordicmart.andreevmaster.com\/fi\/wp-json\/wp\/v2\/product_brand?post=36436"},{"taxonomy":"product_cat","embeddable":true,"href":"https:\/\/nordicmart.andreevmaster.com\/fi\/wp-json\/wp\/v2\/product_cat?post=36436"},{"taxonomy":"product_tag","embeddable":true,"href":"https:\/\/nordicmart.andreevmaster.com\/fi\/wp-json\/wp\/v2\/product_tag?post=36436"}],"curies":[{"name":"wp","href":"https:\/\/api.w.org\/{rel}","templated":true}]}}