{"id":36435,"date":"2026-02-27T00:34:26","date_gmt":"2026-02-27T00:34:26","guid":{"rendered":"https:\/\/nordicmart.andreevmaster.com\/product\/merisaaasema-barometri-lampomittari-kosteusmittari-messinkikehyksessa-32-0370\/"},"modified":"2026-02-27T09:52:10","modified_gmt":"2026-02-27T09:52:10","slug":"merisaaasema-barometri-lampomittari-kosteusmittari-messinkikehyksessa-32-0370","status":"publish","type":"product","link":"https:\/\/nordicmart.andreevmaster.com\/fi\/tuote\/merisaaasema-barometri-lampomittari-kosteusmittari-messinkikehyksessa-32-0370\/","title":{"rendered":"Meris\u00e4\u00e4asema: barometri, l\u00e4mp\u00f6mittari, kosteusmittari messinkikehyksess\u00e4 &#8211; 32.0370"},"content":{"rendered":"<p>Meris\u00e4\u00e4asema: barometri, l\u00e4mp\u00f6mittari, kosteusmittari messinkikehyksess\u00e4 &#8211; 32.0370&nbsp;&nbsp;Elegantti meris\u00e4\u00e4asema on t\u00e4ydellinen lahja kaikille, jotka rakastavat merellist\u00e4 el\u00e4m\u00e4ntapaa. T\u00e4m\u00e4 kauniisti muotoiltu s\u00e4\u00e4asema sis\u00e4lt\u00e4\u00e4 barometrin, l\u00e4mp\u00f6mittarin ja kosteusmittarin, jotka kaikki on sijoitettu messinkikehykseen. Sen ajaton muotoilu sopii t\u00e4ydellisesti mihin tahansa merelliseen sisustukseen. Olitpa sitten merimies tai vain rakastat merellisi\u00e4 lahjoja, t\u00e4m\u00e4 s\u00e4\u00e4asema on t\u00e4ydellinen valinta. Se antaa tarkat lukemat ilmanpaineesta, l\u00e4mp\u00f6tilasta ja kosteudesta, mik\u00e4 tekee siit\u00e4 k\u00e4yt\u00e4nn\u00f6llisen lis\u00e4varusteen kotiin tai toimistoon. Se on my\u00f6s loistava lahja kaikille, jotka arvostavat merihenkisen sisustuksen kauneutta ja toiminnallisuutta.&nbsp;&nbsp;Mitat:&nbsp;150x120x45mm&nbsp;K\u00e4ytt\u00f6alue:&nbsp;L\u00e4mp\u00f6tila &#8211; -20\u00b0C &#8211; 50\u00b0C CelsiusKosteus 20 % &#8211; 98 %Paine: 1060 hPa &#8211; 960 hPaTarkkuus: L\u00e4mp\u00f6tila: +\/- 2 astetta. Kosteus: 20 %\u201345 % \u2013 tarkkuus +\/-9 % 45 %\u201375 % \u2013 tarkkuus +\/-6 % 75 %\u201398 % \u2013 tarkkuus +\/-9 % Ilmanpaine: 1060 hPa &#8211; 1030 hPa +\/-10 hPa1030 hPa &#8211; 990 hPa +\/- 5 hPa990 hPa &#8211; 960 hPa +\/-10 hPa&nbsp;&nbsp;Suosittelemme sijoittamaan s\u00e4\u00e4aseman aurinkoon altistumattomaan paikkaan, jossa on raitista ilmaa ja korroosiosuoja.&nbsp;V\u00e4lt\u00e4 kosketusta veden, h\u00f6yryn tai t\u00e4rin\u00e4n kanssa. Barometri on asetettu tehtaalla. Tehtaan paineenmittaus on kuitenkin tarkistettava. Se riippuu sijainnistamme \u2013 merenpinnan yl\u00e4puolella olevasta korkeudesta. Paine vaihtelee esimerkiksi meren ja vuorten v\u00e4lill\u00e4. Siksi ennen laitteen k\u00e4ynnist\u00e4mist\u00e4 on asetettava barometrin l\u00e4ht\u00f6laite laitteen takana olevalla kullatulla ruuvilla. Tarvitset pienen ruuvimeisselin. T\u00e4t\u00e4 varten on parasta tarkistaa toisen barometrin lukema tai tarkistaa paine omalla paikkakunnallasi, esimerkiksi Internetist\u00e4. Kun oikea paine on asetettu, suosittelemme koputtamaan kevyesti lasia, jotta barometri alkaa toimia.<\/p>\n","protected":false},"excerpt":{"rendered":"<p>Meris\u00e4\u00e4asema: barometri, l\u00e4mp\u00f6mittari, kosteusmittari messinkikehyksess\u00e4 &#8211; 32.0370&nbsp;&nbsp;Elegantti meris\u00e4\u00e4asema on t\u00e4ydellinen lahja kaikille, jotka rakastavat merellist\u00e4 el\u00e4m\u00e4ntapaa. T\u00e4m\u00e4 kauniisti muotoiltu s\u00e4\u00e4asema sis\u00e4lt\u00e4\u00e4 barometrin, l\u00e4mp\u00f6mittarin ja kosteusmittarin, jotka kaikki on sijoitettu messinkikehykseen. Sen ajaton muotoilu sopii t\u00e4ydellisesti mihin tahansa merelliseen sisustukseen. Olitpa sitten merimies tai vain rakastat merellisi\u00e4 lahjoja, t\u00e4m\u00e4 s\u00e4\u00e4asema on t\u00e4ydellinen valinta. Se antaa tarkat [&hellip;]<\/p>\n","protected":false},"featured_media":44721,"comment_status":"open","ping_status":"closed","template":"","meta":[],"product_brand":[],"product_cat":[32],"product_tag":[],"class_list":{"0":"post-36435","1":"product","2":"type-product","3":"status-publish","4":"has-post-thumbnail","6":"product_cat-uncategorized-fi","8":"first","9":"instock","10":"shipping-taxable","11":"purchasable","12":"product-type-simple"},"_links":{"self":[{"href":"https:\/\/nordicmart.andreevmaster.com\/fi\/wp-json\/wp\/v2\/product\/36435","targetHints":{"allow":["GET"]}}],"collection":[{"href":"https:\/\/nordicmart.andreevmaster.com\/fi\/wp-json\/wp\/v2\/product"}],"about":[{"href":"https:\/\/nordicmart.andreevmaster.com\/fi\/wp-json\/wp\/v2\/types\/product"}],"replies":[{"embeddable":true,"href":"https:\/\/nordicmart.andreevmaster.com\/fi\/wp-json\/wp\/v2\/comments?post=36435"}],"wp:featuredmedia":[{"embeddable":true,"href":"https:\/\/nordicmart.andreevmaster.com\/fi\/wp-json\/wp\/v2\/media\/44721"}],"wp:attachment":[{"href":"https:\/\/nordicmart.andreevmaster.com\/fi\/wp-json\/wp\/v2\/media?parent=36435"}],"wp:term":[{"taxonomy":"product_brand","embeddable":true,"href":"https:\/\/nordicmart.andreevmaster.com\/fi\/wp-json\/wp\/v2\/product_brand?post=36435"},{"taxonomy":"product_cat","embeddable":true,"href":"https:\/\/nordicmart.andreevmaster.com\/fi\/wp-json\/wp\/v2\/product_cat?post=36435"},{"taxonomy":"product_tag","embeddable":true,"href":"https:\/\/nordicmart.andreevmaster.com\/fi\/wp-json\/wp\/v2\/product_tag?post=36435"}],"curies":[{"name":"wp","href":"https:\/\/api.w.org\/{rel}","templated":true}]}}