{"id":36434,"date":"2026-02-27T00:34:26","date_gmt":"2026-02-27T00:34:26","guid":{"rendered":"https:\/\/nordicmart.andreevmaster.com\/product\/ulkona-kaytettava-saaasema-29-0367\/"},"modified":"2026-02-27T09:52:10","modified_gmt":"2026-02-27T09:52:10","slug":"ulkona-kaytettava-saaasema-29-0367","status":"publish","type":"product","link":"https:\/\/nordicmart.andreevmaster.com\/fi\/tuote\/ulkona-kaytettava-saaasema-29-0367\/","title":{"rendered":"Ulkona k\u00e4ytett\u00e4v\u00e4 s\u00e4\u00e4asema &#8211; 29.0367"},"content":{"rendered":"<p>Ulkona k\u00e4ytett\u00e4v\u00e4 s\u00e4\u00e4asema &#8211; 29.0367&nbsp;&nbsp;&nbsp;T\u00e4m\u00e4 tyylik\u00e4s, ajaton ulkona k\u00e4ytett\u00e4v\u00e4 s\u00e4\u00e4asema on valmistettu korkealaatuisista materiaaleista. Sen sis\u00e4ll\u00e4 on barometri, kosteusmittari ja l\u00e4mp\u00f6mittari \u2013 kaikki tarvittavat mekanismit s\u00e4\u00e4n havainnoimiseen ja analysoimiseen. Sen etuja ovat yksinkertaisuus, luotettavuus ja helppolukuisuus. Tuote on tunnettu korkealaatuisista mittauksistaan. Se ei vaadi erityist\u00e4 huoltoa pitk\u00e4aikaisessa k\u00e4yt\u00f6ss\u00e4.&nbsp;S\u00e4\u00e4aseman avulla voidaan seurata nykyisi\u00e4 s\u00e4\u00e4olosuhteita reaaliajassa. N\u00e4in vastaanottaja voi olla tietoinen nykyisest\u00e4 l\u00e4mp\u00f6tilasta, kosteudesta, ilmanpaineesta ja muista s\u00e4\u00e4tekij\u00f6ist\u00e4 ilman, ett\u00e4 h\u00e4nen tarvitsee tarkistaa ennustetta puhelimesta tai tietokoneelta. Ne eiv\u00e4t ole vain toiminnallisia, vaan my\u00f6s esteettisi\u00e4 koriste-elementtej\u00e4. Ne voivat olla tyylik\u00e4s lis\u00e4 puutarhaan, terassille tai parvekkeelle ja tuovat kauneutta ulkotilaan. Jos lahjan saaja on kiinnostunut meteorologiasta, puutarhanhoidosta, maisemavalokuvauksesta tai muista s\u00e4\u00e4h\u00e4n liittyvist\u00e4 aloista, ulkoilma-s\u00e4\u00e4asema on h\u00e4nelle t\u00e4ydellinen lahja. Se tarjoaa mahdollisuuden ker\u00e4t\u00e4 ja analysoida s\u00e4\u00e4tietoja ja parantaa taitojaan alalla.Toimintal\u00e4mp\u00f6tila-alue: L\u00e4mp\u00f6tila: -20 \u00b0C \u2013 50 \u00b0C Kosteus: 20 % \u2013 98 % RH Ilmanpaine: 1060 hPA \u2013 960 hPA Mitat: 23 x 4,7 cm<\/p>\n","protected":false},"excerpt":{"rendered":"<p>Ulkona k\u00e4ytett\u00e4v\u00e4 s\u00e4\u00e4asema &#8211; 29.0367&nbsp;&nbsp;&nbsp;T\u00e4m\u00e4 tyylik\u00e4s, ajaton ulkona k\u00e4ytett\u00e4v\u00e4 s\u00e4\u00e4asema on valmistettu korkealaatuisista materiaaleista. Sen sis\u00e4ll\u00e4 on barometri, kosteusmittari ja l\u00e4mp\u00f6mittari \u2013 kaikki tarvittavat mekanismit s\u00e4\u00e4n havainnoimiseen ja analysoimiseen. Sen etuja ovat yksinkertaisuus, luotettavuus ja helppolukuisuus. Tuote on tunnettu korkealaatuisista mittauksistaan. Se ei vaadi erityist\u00e4 huoltoa pitk\u00e4aikaisessa k\u00e4yt\u00f6ss\u00e4.&nbsp;S\u00e4\u00e4aseman avulla voidaan seurata nykyisi\u00e4 s\u00e4\u00e4olosuhteita reaaliajassa. N\u00e4in [&hellip;]<\/p>\n","protected":false},"featured_media":44720,"comment_status":"open","ping_status":"closed","template":"","meta":[],"product_brand":[],"product_cat":[32],"product_tag":[],"class_list":{"0":"post-36434","1":"product","2":"type-product","3":"status-publish","4":"has-post-thumbnail","6":"product_cat-uncategorized-fi","8":"first","9":"instock","10":"shipping-taxable","11":"purchasable","12":"product-type-simple"},"_links":{"self":[{"href":"https:\/\/nordicmart.andreevmaster.com\/fi\/wp-json\/wp\/v2\/product\/36434","targetHints":{"allow":["GET"]}}],"collection":[{"href":"https:\/\/nordicmart.andreevmaster.com\/fi\/wp-json\/wp\/v2\/product"}],"about":[{"href":"https:\/\/nordicmart.andreevmaster.com\/fi\/wp-json\/wp\/v2\/types\/product"}],"replies":[{"embeddable":true,"href":"https:\/\/nordicmart.andreevmaster.com\/fi\/wp-json\/wp\/v2\/comments?post=36434"}],"wp:featuredmedia":[{"embeddable":true,"href":"https:\/\/nordicmart.andreevmaster.com\/fi\/wp-json\/wp\/v2\/media\/44720"}],"wp:attachment":[{"href":"https:\/\/nordicmart.andreevmaster.com\/fi\/wp-json\/wp\/v2\/media?parent=36434"}],"wp:term":[{"taxonomy":"product_brand","embeddable":true,"href":"https:\/\/nordicmart.andreevmaster.com\/fi\/wp-json\/wp\/v2\/product_brand?post=36434"},{"taxonomy":"product_cat","embeddable":true,"href":"https:\/\/nordicmart.andreevmaster.com\/fi\/wp-json\/wp\/v2\/product_cat?post=36434"},{"taxonomy":"product_tag","embeddable":true,"href":"https:\/\/nordicmart.andreevmaster.com\/fi\/wp-json\/wp\/v2\/product_tag?post=36434"}],"curies":[{"name":"wp","href":"https:\/\/api.w.org\/{rel}","templated":true}]}}