{"id":36433,"date":"2026-02-27T00:34:25","date_gmt":"2026-02-27T00:34:25","guid":{"rendered":"https:\/\/nordicmart.andreevmaster.com\/product\/rolly-toys-rollykid-case-1170-cvx-polkutraktori-ja-peravaunu-punainen\/"},"modified":"2026-02-27T09:52:10","modified_gmt":"2026-02-27T09:52:10","slug":"rolly-toys-rollykid-case-1170-cvx-polkutraktori-ja-peravaunu-punainen","status":"publish","type":"product","link":"https:\/\/nordicmart.andreevmaster.com\/fi\/tuote\/rolly-toys-rollykid-case-1170-cvx-polkutraktori-ja-peravaunu-punainen\/","title":{"rendered":"Rolly Toys rollyKid Case 1170 CVX polkutraktori ja per\u00e4vaunu, punainen"},"content":{"rendered":"<p>Rolly Toysin rollyKid Case 1170 CV polkutraktori ja per\u00e4vaunu on korkealaatuinen ajettava lelu, joka on suunniteltu pienimmille k\u00e4ytt\u00e4jille. Lelu palvelee lapsia monien vuosien ajan, tarjoaa heille hauskaa ajanvietett\u00e4 ja kehitt\u00e4\u00e4 samalla heid\u00e4n motorisia taitojaan ja koordinaatiotaan. T\u00e4m\u00e4 punainen polkutraktori on t\u00e4ydellinen tapa aloittaa seikkailu ajoneuvojen parissa, ja sen muotoilu takaa t\u00e4ydellisen turvallisuuden leikin aikana. Sis\u00e4\u00e4nrakennettu mekaaninen j\u00e4rjestelm\u00e4 tekee siit\u00e4 t\u00e4ysin turvallisen, ja monipuoliset toiminnot ja lis\u00e4varusteet mahdollistavat lelun r\u00e4\u00e4t\u00e4l\u00f6imisen kunkin lapsen yksil\u00f6llisiin tarpeisiin. Traktorissa on avattava konepelti, jonka alla on s\u00e4ilytystila pienille leluille. Lis\u00e4ksi traktoriin voidaan kiinnitt\u00e4\u00e4 tilava py\u00f6rill\u00e4 varustettu per\u00e4vaunu, joka tuo vaihtelua lapsen leikkeihin. Ominaisuudet: &#8211; Sarja \u2013 sarja sis\u00e4lt\u00e4\u00e4 sek\u00e4 traktorin ett\u00e4 per\u00e4vaunun, mik\u00e4 tekee leikist\u00e4 viel\u00e4 hauskempaa ja mahdollistaa erilaisten esineiden kuljettamisen.<\/p>\n<p>&#8211; Mukava lis\u00e4selk\u00e4noja istuimessa<\/p>\n<p>&#8211; Avaettava etukatto \u2013 lapsi voi avata traktorin katon, jonka alla on k\u00e4tev\u00e4 s\u00e4ilytyslokero<\/p>\n<p>&#8211; Sis\u00e4\u00e4nrakennettu, s\u00e4\u00e4dett\u00e4v\u00e4 ketjuveto \u2013 koko mekaaninen j\u00e4rjestelm\u00e4 on turvallisesti suljettu, mik\u00e4 suojaa lasta vahingossa tapahtuvilta loukkaantumisilta.- Takakouku &#8211; takakoukun ansiosta traktorin toimintoja voidaan laajentaa lis\u00e4\u00e4m\u00e4ll\u00e4 lis\u00e4varusteita tai per\u00e4vaunuja. &#8211; Lis\u00e4varusteita saatavilla &#8211; traktorille on saatavilla erilaisia Rolly Toys -lis\u00e4varusteita, joiden avulla lelua voidaan laajentaa ja parantaa entisest\u00e4\u00e4n.<\/p>\n","protected":false},"excerpt":{"rendered":"<p>Rolly Toysin rollyKid Case 1170 CV polkutraktori ja per\u00e4vaunu on korkealaatuinen ajettava lelu, joka on suunniteltu pienimmille k\u00e4ytt\u00e4jille. Lelu palvelee lapsia monien vuosien ajan, tarjoaa heille hauskaa ajanvietett\u00e4 ja kehitt\u00e4\u00e4 samalla heid\u00e4n motorisia taitojaan ja koordinaatiotaan. T\u00e4m\u00e4 punainen polkutraktori on t\u00e4ydellinen tapa aloittaa seikkailu ajoneuvojen parissa, ja sen muotoilu takaa t\u00e4ydellisen turvallisuuden leikin aikana. Sis\u00e4\u00e4nrakennettu [&hellip;]<\/p>\n","protected":false},"featured_media":0,"comment_status":"open","ping_status":"closed","template":"","meta":[],"product_brand":[],"product_cat":[32],"product_tag":[],"class_list":{"0":"post-36433","1":"product","2":"type-product","3":"status-publish","5":"product_cat-uncategorized-fi","7":"first","8":"instock","9":"shipping-taxable","10":"purchasable","11":"product-type-simple"},"_links":{"self":[{"href":"https:\/\/nordicmart.andreevmaster.com\/fi\/wp-json\/wp\/v2\/product\/36433","targetHints":{"allow":["GET"]}}],"collection":[{"href":"https:\/\/nordicmart.andreevmaster.com\/fi\/wp-json\/wp\/v2\/product"}],"about":[{"href":"https:\/\/nordicmart.andreevmaster.com\/fi\/wp-json\/wp\/v2\/types\/product"}],"replies":[{"embeddable":true,"href":"https:\/\/nordicmart.andreevmaster.com\/fi\/wp-json\/wp\/v2\/comments?post=36433"}],"wp:attachment":[{"href":"https:\/\/nordicmart.andreevmaster.com\/fi\/wp-json\/wp\/v2\/media?parent=36433"}],"wp:term":[{"taxonomy":"product_brand","embeddable":true,"href":"https:\/\/nordicmart.andreevmaster.com\/fi\/wp-json\/wp\/v2\/product_brand?post=36433"},{"taxonomy":"product_cat","embeddable":true,"href":"https:\/\/nordicmart.andreevmaster.com\/fi\/wp-json\/wp\/v2\/product_cat?post=36433"},{"taxonomy":"product_tag","embeddable":true,"href":"https:\/\/nordicmart.andreevmaster.com\/fi\/wp-json\/wp\/v2\/product_tag?post=36433"}],"curies":[{"name":"wp","href":"https:\/\/api.w.org\/{rel}","templated":true}]}}