{"id":36432,"date":"2026-02-27T00:34:25","date_gmt":"2026-02-27T00:34:25","guid":{"rendered":"https:\/\/nordicmart.andreevmaster.com\/product\/mini-viulu-korkeus-18-cm-min-0030\/"},"modified":"2026-02-27T09:52:09","modified_gmt":"2026-02-27T09:52:09","slug":"mini-viulu-korkeus-18-cm-min-0030","status":"publish","type":"product","link":"https:\/\/nordicmart.andreevmaster.com\/fi\/tuote\/mini-viulu-korkeus-18-cm-min-0030\/","title":{"rendered":"Mini-viulu, korkeus 18 cm &#8211; MIN-0030"},"content":{"rendered":"<p>Mini-viulu, korkeus 18 cm &#8211; MIN-0030 &nbsp;&nbsp;Mini-viulu MIN-0030 on mielenkiintoinen ker\u00e4ilykohde, joka ilahduttaa musiikin ja taidek\u00e4sity\u00f6n yst\u00e4vi\u00e4. Se sopii erinomaisesti pieneksi lahjaksi musiikin yst\u00e4ville.&nbsp;&nbsp;Tuotetiedot: &nbsp;Korkeus 18 cmK\u00e4sintehtyMateriaali: hartsi, ker\u00e4ilytuoteK\u00e4sintehty tuoteTaiteellisen k\u00e4sity\u00f6n tuote. T\u00e4m\u00e4 tuote ei ole lelu.&nbsp;<\/p>\n","protected":false},"excerpt":{"rendered":"<p>Mini-viulu, korkeus 18 cm &#8211; MIN-0030 &nbsp;&nbsp;Mini-viulu MIN-0030 on mielenkiintoinen ker\u00e4ilykohde, joka ilahduttaa musiikin ja taidek\u00e4sity\u00f6n yst\u00e4vi\u00e4. Se sopii erinomaisesti pieneksi lahjaksi musiikin yst\u00e4ville.&nbsp;&nbsp;Tuotetiedot: &nbsp;Korkeus 18 cmK\u00e4sintehtyMateriaali: hartsi, ker\u00e4ilytuoteK\u00e4sintehty tuoteTaiteellisen k\u00e4sity\u00f6n tuote. T\u00e4m\u00e4 tuote ei ole lelu.&nbsp;<\/p>\n","protected":false},"featured_media":44719,"comment_status":"open","ping_status":"closed","template":"","meta":[],"product_brand":[],"product_cat":[32],"product_tag":[],"class_list":{"0":"post-36432","1":"product","2":"type-product","3":"status-publish","4":"has-post-thumbnail","6":"product_cat-uncategorized-fi","8":"first","9":"instock","10":"shipping-taxable","11":"purchasable","12":"product-type-simple"},"_links":{"self":[{"href":"https:\/\/nordicmart.andreevmaster.com\/fi\/wp-json\/wp\/v2\/product\/36432","targetHints":{"allow":["GET"]}}],"collection":[{"href":"https:\/\/nordicmart.andreevmaster.com\/fi\/wp-json\/wp\/v2\/product"}],"about":[{"href":"https:\/\/nordicmart.andreevmaster.com\/fi\/wp-json\/wp\/v2\/types\/product"}],"replies":[{"embeddable":true,"href":"https:\/\/nordicmart.andreevmaster.com\/fi\/wp-json\/wp\/v2\/comments?post=36432"}],"wp:featuredmedia":[{"embeddable":true,"href":"https:\/\/nordicmart.andreevmaster.com\/fi\/wp-json\/wp\/v2\/media\/44719"}],"wp:attachment":[{"href":"https:\/\/nordicmart.andreevmaster.com\/fi\/wp-json\/wp\/v2\/media?parent=36432"}],"wp:term":[{"taxonomy":"product_brand","embeddable":true,"href":"https:\/\/nordicmart.andreevmaster.com\/fi\/wp-json\/wp\/v2\/product_brand?post=36432"},{"taxonomy":"product_cat","embeddable":true,"href":"https:\/\/nordicmart.andreevmaster.com\/fi\/wp-json\/wp\/v2\/product_cat?post=36432"},{"taxonomy":"product_tag","embeddable":true,"href":"https:\/\/nordicmart.andreevmaster.com\/fi\/wp-json\/wp\/v2\/product_tag?post=36432"}],"curies":[{"name":"wp","href":"https:\/\/api.w.org\/{rel}","templated":true}]}}