{"id":36431,"date":"2026-02-27T00:34:25","date_gmt":"2026-02-27T00:34:25","guid":{"rendered":"https:\/\/nordicmart.andreevmaster.com\/product\/ylellinen-poytasetti-barometri-ja-kello-28-5161\/"},"modified":"2026-02-27T09:52:09","modified_gmt":"2026-02-27T09:52:09","slug":"ylellinen-poytasetti-barometri-ja-kello-28-5161","status":"publish","type":"product","link":"https:\/\/nordicmart.andreevmaster.com\/fi\/tuote\/ylellinen-poytasetti-barometri-ja-kello-28-5161\/","title":{"rendered":"Ylellinen p\u00f6yt\u00e4setti: barometri ja kello &#8211; 28.5161"},"content":{"rendered":"<p>Eksklusiivinen p\u00f6yt\u00e4setti: barometri ja kello &#8211; 28.5161&nbsp;&nbsp;Esittelyss\u00e4 eksklusiivinen ja hienostunut p\u00f6yt\u00e4setti, joka on t\u00e4ydellinen yhdistelm\u00e4 tyyli\u00e4 ja toiminnallisuutta. T\u00e4m\u00e4 kauniisti muotoiltu p\u00f6yt\u00e4setti sis\u00e4lt\u00e4\u00e4 barometrin ja kellon, jotka on sijoitettu tummanruskeaan puurunkoon, jossa on messinkiset koristeet kunkin instrumentin ymp\u00e4rill\u00e4. Klassinen ja tyylik\u00e4s muoto sopii t\u00e4ydellisesti mihin tahansa toimistoon, jossa arvostetaan hienostuneisuutta ja tyyli\u00e4. Olitpa sitten s\u00e4\u00e4harrastaja tai etsit vain k\u00e4yt\u00e4nn\u00f6llist\u00e4 ja tyylik\u00e4st\u00e4 tapaa seurata aikaa ja ilmanpainetta, t\u00e4m\u00e4 p\u00f6yt\u00e4setti on t\u00e4ydellinen valinta. Se on my\u00f6s loistava lahja kaikille, jotka arvostavat el\u00e4m\u00e4n hienouksia ja haluavat lis\u00e4t\u00e4 ripauksen eleganssia ty\u00f6ymp\u00e4rist\u00f6\u00f6ns\u00e4.&nbsp;&nbsp;Mitat:&nbsp;190x120x55 mm&nbsp;K\u00e4ytt\u00f6alue:&nbsp;L\u00e4mp\u00f6tila &#8211; -20 \u00b0C \u2013 50 \u00b0C CelsiusKosteus 20 % &#8211; 98 %Paine: 1060 hPa &#8211; 960 hPaTarkkuus: L\u00e4mp\u00f6tila: +\/- 2 astetta. Kosteus: 20 %\u201345 % \u2013 tarkkuus +\/-9 % 45 %\u201375 % \u2013 tarkkuus +\/-6 % 75 %\u201398 % \u2013 tarkkuus +\/-9 % Ilmanpaine: 1060 hPa &#8211; 1030 hPa +\/-10 hPa1030 hPa &#8211; 990 hPa +\/- 5 hPa990 hPa &#8211; 960 hPa +\/-10 hPa&nbsp;&nbsp;Suosittelemme sijoittamaan s\u00e4\u00e4aseman aurinkoon altistumattomaan paikkaan, jossa on raitista ilmaa ja korroosiosuoja.&nbsp;V\u00e4lt\u00e4 kosketusta veden, h\u00f6yryn tai t\u00e4rin\u00e4n kanssa. Barometri on asetettu tehtaalla. Tehtaan paineenmittaus on kuitenkin tarkistettava. Se riippuu sijainnistamme \u2013 merenpinnan yl\u00e4puolella olevasta korkeudesta. Paine vaihtelee esimerkiksi meren ja vuorten v\u00e4lill\u00e4. Siksi ennen laitteen k\u00e4ynnist\u00e4mist\u00e4 on asetettava barometrin l\u00e4ht\u00f6laite laitteen takana olevalla kullatulla ruuvilla. Tarvitset pienen ruuvimeisselin. T\u00e4t\u00e4 varten on parasta tarkistaa toisen barometrin lukema tai tarkistaa paine omalla paikkakunnallasi esimerkiksi Internetist\u00e4. Kun oikea paine on asetettu, suosittelemme koputtamaan kevyesti lasia, jotta barometri alkaa toimia.<\/p>\n","protected":false},"excerpt":{"rendered":"<p>Eksklusiivinen p\u00f6yt\u00e4setti: barometri ja kello &#8211; 28.5161&nbsp;&nbsp;Esittelyss\u00e4 eksklusiivinen ja hienostunut p\u00f6yt\u00e4setti, joka on t\u00e4ydellinen yhdistelm\u00e4 tyyli\u00e4 ja toiminnallisuutta. T\u00e4m\u00e4 kauniisti muotoiltu p\u00f6yt\u00e4setti sis\u00e4lt\u00e4\u00e4 barometrin ja kellon, jotka on sijoitettu tummanruskeaan puurunkoon, jossa on messinkiset koristeet kunkin instrumentin ymp\u00e4rill\u00e4. Klassinen ja tyylik\u00e4s muoto sopii t\u00e4ydellisesti mihin tahansa toimistoon, jossa arvostetaan hienostuneisuutta ja tyyli\u00e4. Olitpa sitten s\u00e4\u00e4harrastaja [&hellip;]<\/p>\n","protected":false},"featured_media":44718,"comment_status":"open","ping_status":"closed","template":"","meta":[],"product_brand":[],"product_cat":[32],"product_tag":[],"class_list":{"0":"post-36431","1":"product","2":"type-product","3":"status-publish","4":"has-post-thumbnail","6":"product_cat-uncategorized-fi","8":"first","9":"instock","10":"shipping-taxable","11":"purchasable","12":"product-type-simple"},"_links":{"self":[{"href":"https:\/\/nordicmart.andreevmaster.com\/fi\/wp-json\/wp\/v2\/product\/36431","targetHints":{"allow":["GET"]}}],"collection":[{"href":"https:\/\/nordicmart.andreevmaster.com\/fi\/wp-json\/wp\/v2\/product"}],"about":[{"href":"https:\/\/nordicmart.andreevmaster.com\/fi\/wp-json\/wp\/v2\/types\/product"}],"replies":[{"embeddable":true,"href":"https:\/\/nordicmart.andreevmaster.com\/fi\/wp-json\/wp\/v2\/comments?post=36431"}],"wp:featuredmedia":[{"embeddable":true,"href":"https:\/\/nordicmart.andreevmaster.com\/fi\/wp-json\/wp\/v2\/media\/44718"}],"wp:attachment":[{"href":"https:\/\/nordicmart.andreevmaster.com\/fi\/wp-json\/wp\/v2\/media?parent=36431"}],"wp:term":[{"taxonomy":"product_brand","embeddable":true,"href":"https:\/\/nordicmart.andreevmaster.com\/fi\/wp-json\/wp\/v2\/product_brand?post=36431"},{"taxonomy":"product_cat","embeddable":true,"href":"https:\/\/nordicmart.andreevmaster.com\/fi\/wp-json\/wp\/v2\/product_cat?post=36431"},{"taxonomy":"product_tag","embeddable":true,"href":"https:\/\/nordicmart.andreevmaster.com\/fi\/wp-json\/wp\/v2\/product_tag?post=36431"}],"curies":[{"name":"wp","href":"https:\/\/api.w.org\/{rel}","templated":true}]}}