{"id":36427,"date":"2026-02-27T00:34:24","date_gmt":"2026-02-27T00:34:24","guid":{"rendered":"https:\/\/nordicmart.andreevmaster.com\/product\/classic-world-edu-musiikillinen-seinataulu-tiger\/"},"modified":"2026-02-27T09:52:08","modified_gmt":"2026-02-27T09:52:08","slug":"classic-world-edu-musiikillinen-seinataulu-tiger","status":"publish","type":"product","link":"https:\/\/nordicmart.andreevmaster.com\/fi\/tuote\/classic-world-edu-musiikillinen-seinataulu-tiger\/","title":{"rendered":"CLASSIC WORLD EDU Musiikillinen sein\u00e4taulu TIGER"},"content":{"rendered":"<p>CLASSIC WORLDin Tygrysek-musiikkitaulu on t\u00e4ydellinen lis\u00e4 jokaiselle luokkahuoneelle. Se kannustaa lapsia kokeilemaan musiikkia ja kehitt\u00e4\u00e4 heid\u00e4n kuuntelutaitojaan. Musiikki on erinomainen v\u00e4line lasten kokonaisvaltaisen kehityksen stimuloimiseen. Ammattimainen setti lapsellesi. Ominaisuudet: * &#8211; lelu 3-vuotiaille ja sit\u00e4 vanhemmille lapsille * &#8211; t\u00e4ydellinen lis\u00e4 jokaiselle luokkahuoneelle * &#8211; kannustaa musiikkikasvatuksen kehitykseen<br \/>\n* &#8211; helppo koota<br \/>\n* &#8211; valmistettu korkealaatuisesta puusta &#8211; ammattimainen<br \/>\n* &#8211; maalattu myrkytt\u00f6m\u00e4ll\u00e4 kyll\u00e4stysaineella<\/p>\n<p>Eco-lelut on suunniteltu pienimmille lapsille, ja ne on valmistettu t\u00e4ysin luonnollisista, biohajoavista ja hypoallergeenisista materiaaleista, joten ne ovat 100 % turvallisia ja vaarattomia paitsi ymp\u00e4rist\u00f6lle my\u00f6s lapsellesi.<\/p>\n","protected":false},"excerpt":{"rendered":"<p>CLASSIC WORLDin Tygrysek-musiikkitaulu on t\u00e4ydellinen lis\u00e4 jokaiselle luokkahuoneelle. Se kannustaa lapsia kokeilemaan musiikkia ja kehitt\u00e4\u00e4 heid\u00e4n kuuntelutaitojaan. Musiikki on erinomainen v\u00e4line lasten kokonaisvaltaisen kehityksen stimuloimiseen. Ammattimainen setti lapsellesi. Ominaisuudet: * &#8211; lelu 3-vuotiaille ja sit\u00e4 vanhemmille lapsille * &#8211; t\u00e4ydellinen lis\u00e4 jokaiselle luokkahuoneelle * &#8211; kannustaa musiikkikasvatuksen kehitykseen * &#8211; helppo koota * &#8211; valmistettu [&hellip;]<\/p>\n","protected":false},"featured_media":0,"comment_status":"open","ping_status":"closed","template":"","meta":[],"product_brand":[],"product_cat":[32],"product_tag":[],"class_list":{"0":"post-36427","1":"product","2":"type-product","3":"status-publish","5":"product_cat-uncategorized-fi","7":"first","8":"instock","9":"shipping-taxable","10":"purchasable","11":"product-type-simple"},"_links":{"self":[{"href":"https:\/\/nordicmart.andreevmaster.com\/fi\/wp-json\/wp\/v2\/product\/36427","targetHints":{"allow":["GET"]}}],"collection":[{"href":"https:\/\/nordicmart.andreevmaster.com\/fi\/wp-json\/wp\/v2\/product"}],"about":[{"href":"https:\/\/nordicmart.andreevmaster.com\/fi\/wp-json\/wp\/v2\/types\/product"}],"replies":[{"embeddable":true,"href":"https:\/\/nordicmart.andreevmaster.com\/fi\/wp-json\/wp\/v2\/comments?post=36427"}],"wp:attachment":[{"href":"https:\/\/nordicmart.andreevmaster.com\/fi\/wp-json\/wp\/v2\/media?parent=36427"}],"wp:term":[{"taxonomy":"product_brand","embeddable":true,"href":"https:\/\/nordicmart.andreevmaster.com\/fi\/wp-json\/wp\/v2\/product_brand?post=36427"},{"taxonomy":"product_cat","embeddable":true,"href":"https:\/\/nordicmart.andreevmaster.com\/fi\/wp-json\/wp\/v2\/product_cat?post=36427"},{"taxonomy":"product_tag","embeddable":true,"href":"https:\/\/nordicmart.andreevmaster.com\/fi\/wp-json\/wp\/v2\/product_tag?post=36427"}],"curies":[{"name":"wp","href":"https:\/\/api.w.org\/{rel}","templated":true}]}}