{"id":36426,"date":"2026-02-27T00:34:24","date_gmt":"2026-02-27T00:34:24","guid":{"rendered":"https:\/\/nordicmart.andreevmaster.com\/product\/woopie-artfun-luova-setti-magic-bag-koristetarrat-yli-109-kappaletta-10-kpln-sarja\/"},"modified":"2026-02-27T09:52:08","modified_gmt":"2026-02-27T09:52:08","slug":"woopie-artfun-luova-setti-magic-bag-koristetarrat-yli-109-kappaletta-10-kpln-sarja","status":"publish","type":"product","link":"https:\/\/nordicmart.andreevmaster.com\/fi\/tuote\/woopie-artfun-luova-setti-magic-bag-koristetarrat-yli-109-kappaletta-10-kpln-sarja\/","title":{"rendered":"WOOPIE ART&amp;FUN Luova setti Magic Bag + koristetarrat, yli 109 kappaletta (10 KPL:N SARJA)"},"content":{"rendered":"<p>TARJOUS KOSKEE 10 KPL:N SARJAA!<\/p>\n<p>WOOPIE&#8217;s ART&amp;FUN -sarjan koristeellinen laukku tarroilla tarjoaa lapsellesi loputtomia mahdollisuuksia luovaan leikkiin. T\u00e4m\u00e4n luovan sarjan avulla lapsesi voi luoda oman ainutlaatuisen laukunsa. Laukun lis\u00e4ksi sarja sis\u00e4lt\u00e4\u00e4 yli 109 tarraa koristeluun ja puisen tikun tarrojen kiinnitt\u00e4miseen. T\u00e4m\u00e4n lelun kanssa ainoat rajat ovat lapsen mielikuvitus ja luovuus \u2013 h\u00e4n voi koristella upean laukkunsa miten haluaa. Tarrat ovat eritt\u00e4in kest\u00e4vi\u00e4 ja helppoja kiinnitt\u00e4\u00e4 (vain muutama vaihe \u2013 ohjeet alla). Sarja voi inspiroida lapsia aloittamaan vaatteiden suunnittelun ja koristelun. Lelu kehitt\u00e4\u00e4 lapsen k\u00e4den taitoja, eli \u201dhienomotoriikkaa\u201d, keskittymiskyky\u00e4, mielikuvitusta ja luovuutta. Ominaisuudet: * &#8211; lelu 4-vuotiaille ja sit\u00e4 vanhemmille * &#8211; sis\u00e4lt\u00e4\u00e4 yli 109 tarraa * &#8211; helppo k\u00e4ytt\u00e4\u00e4 \u2013 ei tarvitse liimaa tai saksia * &#8211; koristele miten haluat!* &#8211; stimuloi luovuutta, mielikuvitusta ja kehitt\u00e4\u00e4 k\u00e4den taitoja<\/p>\n<p>Sarja sis\u00e4lt\u00e4\u00e4:<\/p>\n<p>* &#8211; laukun<br \/>\n* &#8211; puutikun<br \/>\n* &#8211; 5 tarra-arkkia (yli 109 tarraa)<\/p>\n<p>Ohjeet:<\/p>\n<p>* &#8211; poista tarran taustapaperi<br \/>\n* &#8211; kiinnit\u00e4 se pussiin<br \/>\n* &#8211; hiero tarraa puutikulla ja paina se tiukasti kiinni<br \/>\n* &#8211; poista folio tarran p\u00e4\u00e4lt\u00e4 ja valmista on<\/p>\n<p>TARJOUS KOSKEE 10 TUOTTEEN SARJAA!<\/p>\n","protected":false},"excerpt":{"rendered":"<p>TARJOUS KOSKEE 10 KPL:N SARJAA! WOOPIE&#8217;s ART&amp;FUN -sarjan koristeellinen laukku tarroilla tarjoaa lapsellesi loputtomia mahdollisuuksia luovaan leikkiin. T\u00e4m\u00e4n luovan sarjan avulla lapsesi voi luoda oman ainutlaatuisen laukunsa. Laukun lis\u00e4ksi sarja sis\u00e4lt\u00e4\u00e4 yli 109 tarraa koristeluun ja puisen tikun tarrojen kiinnitt\u00e4miseen. T\u00e4m\u00e4n lelun kanssa ainoat rajat ovat lapsen mielikuvitus ja luovuus \u2013 h\u00e4n voi koristella upean [&hellip;]<\/p>\n","protected":false},"featured_media":0,"comment_status":"open","ping_status":"closed","template":"","meta":[],"product_brand":[],"product_cat":[32],"product_tag":[],"class_list":{"0":"post-36426","1":"product","2":"type-product","3":"status-publish","5":"product_cat-uncategorized-fi","7":"first","8":"instock","9":"shipping-taxable","10":"purchasable","11":"product-type-simple"},"_links":{"self":[{"href":"https:\/\/nordicmart.andreevmaster.com\/fi\/wp-json\/wp\/v2\/product\/36426","targetHints":{"allow":["GET"]}}],"collection":[{"href":"https:\/\/nordicmart.andreevmaster.com\/fi\/wp-json\/wp\/v2\/product"}],"about":[{"href":"https:\/\/nordicmart.andreevmaster.com\/fi\/wp-json\/wp\/v2\/types\/product"}],"replies":[{"embeddable":true,"href":"https:\/\/nordicmart.andreevmaster.com\/fi\/wp-json\/wp\/v2\/comments?post=36426"}],"wp:attachment":[{"href":"https:\/\/nordicmart.andreevmaster.com\/fi\/wp-json\/wp\/v2\/media?parent=36426"}],"wp:term":[{"taxonomy":"product_brand","embeddable":true,"href":"https:\/\/nordicmart.andreevmaster.com\/fi\/wp-json\/wp\/v2\/product_brand?post=36426"},{"taxonomy":"product_cat","embeddable":true,"href":"https:\/\/nordicmart.andreevmaster.com\/fi\/wp-json\/wp\/v2\/product_cat?post=36426"},{"taxonomy":"product_tag","embeddable":true,"href":"https:\/\/nordicmart.andreevmaster.com\/fi\/wp-json\/wp\/v2\/product_tag?post=36426"}],"curies":[{"name":"wp","href":"https:\/\/api.w.org\/{rel}","templated":true}]}}