{"id":36425,"date":"2026-02-27T00:34:23","date_gmt":"2026-02-27T00:34:23","guid":{"rendered":"https:\/\/nordicmart.andreevmaster.com\/product\/rolly-toys-xxl-garden-chess-giant-set-jossa-64-cmn-shakkilauta\/"},"modified":"2026-02-27T09:52:08","modified_gmt":"2026-02-27T09:52:08","slug":"rolly-toys-xxl-garden-chess-giant-set-jossa-64-cmn-shakkilauta","status":"publish","type":"product","link":"https:\/\/nordicmart.andreevmaster.com\/fi\/tuote\/rolly-toys-xxl-garden-chess-giant-set-jossa-64-cmn-shakkilauta\/","title":{"rendered":"ROLLY TOYS XXL Garden Chess Giant Set, jossa 64 cm:n shakkilauta"},"content":{"rendered":"<p>Laadukas puutarhashakkisetti ulkoilupeleihin, jota voi pelata miss\u00e4 tahansa, miss\u00e4 on tarpeeksi tilaa pelata. Suuri muovinen shakkilauta puutarhashakkiin (mukana) on my\u00f6s ihanteellinen lis\u00e4 puutarhashakkisettiin. Ulkona j\u00e4rjestett\u00e4v\u00e4t kokoontumiset perheen ja yst\u00e4vien kanssa, esimerkiksi grillijuhlat, voivat nyt olla entist\u00e4kin hauskempia upeiden pelien ansiosta, joita vieraat varmasti mielell\u00e4\u00e4n kannustavat. Uusi ulottuvuus shakkiin on liikkuminen ja aktiivisuus ulkona, ja koska liikkuminen on terveellist\u00e4, puutarhashakin pelaaminen kehitt\u00e4\u00e4 paitsi mielt\u00e4 my\u00f6s vaikuttaa my\u00f6nteisesti kehoon. T\u00e4m\u00e4 ainutlaatuinen viihde houkuttelee yst\u00e4vi\u00e4 ja tuttavia, sill\u00e4 harvoin on mahdollisuutta pelata t\u00e4llaista peli\u00e4 n\u00e4in upealla tavalla. Ominaisuudet: muoviset nappulat kuninkaan korkeus: noin 47 cm sotilaan korkeus: 43 cm (kuningatar &#8211; 63 cm, ratsu &#8211; 46 cm, l\u00e4hetin &#8211; 45 cm, torni &#8211; 42 cm) nappuloiden pohjan halkaisija noin 22 cm v\u00e4ri: valkoinen ja musta paino: 25,00 kg nappuloiden pohja voidaan avata, jotta niiden sis\u00e4\u00e4n voidaan kaataa hiekkaa, joka tekee nappuloista vakaampia muovimattojen nopea kokoaminen yhden maton mitat noin 35&#215;35 cm Pakkaus: Laatikko: 72 x 49 x 77 korkeus \/cm\/ Laatikko: 75 x 50 x 64 korkeus \/cm\/<\/p>\n","protected":false},"excerpt":{"rendered":"<p>Laadukas puutarhashakkisetti ulkoilupeleihin, jota voi pelata miss\u00e4 tahansa, miss\u00e4 on tarpeeksi tilaa pelata. Suuri muovinen shakkilauta puutarhashakkiin (mukana) on my\u00f6s ihanteellinen lis\u00e4 puutarhashakkisettiin. Ulkona j\u00e4rjestett\u00e4v\u00e4t kokoontumiset perheen ja yst\u00e4vien kanssa, esimerkiksi grillijuhlat, voivat nyt olla entist\u00e4kin hauskempia upeiden pelien ansiosta, joita vieraat varmasti mielell\u00e4\u00e4n kannustavat. Uusi ulottuvuus shakkiin on liikkuminen ja aktiivisuus ulkona, ja koska [&hellip;]<\/p>\n","protected":false},"featured_media":0,"comment_status":"open","ping_status":"closed","template":"","meta":[],"product_brand":[],"product_cat":[32],"product_tag":[],"class_list":{"0":"post-36425","1":"product","2":"type-product","3":"status-publish","5":"product_cat-uncategorized-fi","7":"first","8":"instock","9":"shipping-taxable","10":"purchasable","11":"product-type-simple"},"_links":{"self":[{"href":"https:\/\/nordicmart.andreevmaster.com\/fi\/wp-json\/wp\/v2\/product\/36425","targetHints":{"allow":["GET"]}}],"collection":[{"href":"https:\/\/nordicmart.andreevmaster.com\/fi\/wp-json\/wp\/v2\/product"}],"about":[{"href":"https:\/\/nordicmart.andreevmaster.com\/fi\/wp-json\/wp\/v2\/types\/product"}],"replies":[{"embeddable":true,"href":"https:\/\/nordicmart.andreevmaster.com\/fi\/wp-json\/wp\/v2\/comments?post=36425"}],"wp:attachment":[{"href":"https:\/\/nordicmart.andreevmaster.com\/fi\/wp-json\/wp\/v2\/media?parent=36425"}],"wp:term":[{"taxonomy":"product_brand","embeddable":true,"href":"https:\/\/nordicmart.andreevmaster.com\/fi\/wp-json\/wp\/v2\/product_brand?post=36425"},{"taxonomy":"product_cat","embeddable":true,"href":"https:\/\/nordicmart.andreevmaster.com\/fi\/wp-json\/wp\/v2\/product_cat?post=36425"},{"taxonomy":"product_tag","embeddable":true,"href":"https:\/\/nordicmart.andreevmaster.com\/fi\/wp-json\/wp\/v2\/product_tag?post=36425"}],"curies":[{"name":"wp","href":"https:\/\/api.w.org\/{rel}","templated":true}]}}