{"id":36424,"date":"2026-02-27T00:34:23","date_gmt":"2026-02-27T00:34:23","guid":{"rendered":"https:\/\/nordicmart.andreevmaster.com\/product\/songmics-jakkara-360-kaannettava-seisomajakkara\/"},"modified":"2026-02-27T09:52:08","modified_gmt":"2026-02-27T09:52:08","slug":"songmics-jakkara-360-kaannettava-seisomajakkara","status":"publish","type":"product","link":"https:\/\/nordicmart.andreevmaster.com\/fi\/tuote\/songmics-jakkara-360-kaannettava-seisomajakkara\/","title":{"rendered":"SONGMICS jakkara, 360\u00b0 k\u00e4\u00e4nnett\u00e4v\u00e4, seisomajakkara"},"content":{"rendered":"<p>SONGMICS jakkara, 360\u00b0 k\u00e4\u00e4nnett\u00e4v\u00e4 seisomajakkara, ty\u00f6tuoli, korkeuss\u00e4\u00e4dett\u00e4v\u00e4 58\u201383 cm, suuri jalusta, liukumaton, moderni<\/p>\n<p>Tekniset tiedot:<br \/>\n&#8211; Mitat: istuinkorkeus: 58\u201383 cm; istuimen pituus: 34 cm; jalustan halkaisija: 36 cm<br \/>\n&#8211; Paino: 5,9 kg<br \/>\n&#8211; Maks. staattinen kantavuus: 120 kg<br \/>\n&#8211; Materiaali: muovi, vaahtomuovi, vaneri, ter\u00e4s<br \/>\n&#8211; V\u00e4ri: musta<\/p>\n","protected":false},"excerpt":{"rendered":"<p>SONGMICS jakkara, 360\u00b0 k\u00e4\u00e4nnett\u00e4v\u00e4 seisomajakkara, ty\u00f6tuoli, korkeuss\u00e4\u00e4dett\u00e4v\u00e4 58\u201383 cm, suuri jalusta, liukumaton, moderni<\/p>\n","protected":false},"featured_media":44717,"comment_status":"open","ping_status":"closed","template":"","meta":[],"product_brand":[],"product_cat":[32],"product_tag":[],"class_list":{"0":"post-36424","1":"product","2":"type-product","3":"status-publish","4":"has-post-thumbnail","6":"product_cat-uncategorized-fi","8":"first","9":"instock","10":"shipping-taxable","11":"purchasable","12":"product-type-simple"},"_links":{"self":[{"href":"https:\/\/nordicmart.andreevmaster.com\/fi\/wp-json\/wp\/v2\/product\/36424","targetHints":{"allow":["GET"]}}],"collection":[{"href":"https:\/\/nordicmart.andreevmaster.com\/fi\/wp-json\/wp\/v2\/product"}],"about":[{"href":"https:\/\/nordicmart.andreevmaster.com\/fi\/wp-json\/wp\/v2\/types\/product"}],"replies":[{"embeddable":true,"href":"https:\/\/nordicmart.andreevmaster.com\/fi\/wp-json\/wp\/v2\/comments?post=36424"}],"wp:featuredmedia":[{"embeddable":true,"href":"https:\/\/nordicmart.andreevmaster.com\/fi\/wp-json\/wp\/v2\/media\/44717"}],"wp:attachment":[{"href":"https:\/\/nordicmart.andreevmaster.com\/fi\/wp-json\/wp\/v2\/media?parent=36424"}],"wp:term":[{"taxonomy":"product_brand","embeddable":true,"href":"https:\/\/nordicmart.andreevmaster.com\/fi\/wp-json\/wp\/v2\/product_brand?post=36424"},{"taxonomy":"product_cat","embeddable":true,"href":"https:\/\/nordicmart.andreevmaster.com\/fi\/wp-json\/wp\/v2\/product_cat?post=36424"},{"taxonomy":"product_tag","embeddable":true,"href":"https:\/\/nordicmart.andreevmaster.com\/fi\/wp-json\/wp\/v2\/product_tag?post=36424"}],"curies":[{"name":"wp","href":"https:\/\/api.w.org\/{rel}","templated":true}]}}