{"id":36423,"date":"2026-02-27T00:34:23","date_gmt":"2026-02-27T00:34:23","guid":{"rendered":"https:\/\/nordicmart.andreevmaster.com\/product\/songmics-ergonominen-tyojakkara-korkeussaadettava\/"},"modified":"2026-02-27T09:52:07","modified_gmt":"2026-02-27T09:52:07","slug":"songmics-ergonominen-tyojakkara-korkeussaadettava","status":"publish","type":"product","link":"https:\/\/nordicmart.andreevmaster.com\/fi\/tuote\/songmics-ergonominen-tyojakkara-korkeussaadettava\/","title":{"rendered":"SONGMICS Ergonominen ty\u00f6jakkara, korkeuss\u00e4\u00e4dett\u00e4v\u00e4"},"content":{"rendered":"<p>J\u00e4ykk\u00e4 istuminen on menneisyytt\u00e4: nykyaikaisissa toimistoissa on nyt py\u00f6rill\u00e4 varustetut jakkarat, jotka mahdollistavat aktiivisen ty\u00f6skentelyn. Istu mukavasti t\u00e4m\u00e4n ty\u00f6jakkaran 42 cm:n halkaisijaltaan olevalla, hyvin pehmustetulla istuimella ja pysy aina liikkeess\u00e4. Tuoli k\u00e4\u00e4ntyy 360\u00b0, kallistuu 10\u00b0 kaikkiin suuntiin ja liikkuu vakaiden rullien ansiosta luonnollisesti my\u00f6s poikittain huoneessa. Nouse yl\u00f6s ja ved\u00e4 jakkara integroidusta kahvasta toimistosi poikki. Muita t\u00e4m\u00e4n ty\u00f6jakkaran etuja: Istuinkorkeus s\u00e4\u00e4dett\u00e4viss\u00e4 55\u201373 cm; voit k\u00e4ytt\u00e4\u00e4 jakkaraa my\u00f6s istuma-seisomap\u00f6yd\u00e4n \u00e4\u00e4ress\u00e4 Istuimen jarruj\u00e4rjestelm\u00e4; turvallisuussyist\u00e4 py\u00f6r\u00e4t lukittuvat, kun istut tuolille Tukeva, \u00d8 50 cm:n kokoinen jalusta, joka muistuttaa ohjauspy\u00f6r\u00e4\u00e4 SGS-testattu kaasusylinteri Mahtuu tilaa s\u00e4\u00e4st\u00e4en ty\u00f6p\u00f6yd\u00e4n alle Tuotetiedot:V\u00e4ri: musta Materiaali: polyesteri, vaahtomuovi, nailon, alumiini, rauta Kokonaismitat: 50 x 55\u201373 cm (\u00d8 x K) Istuimen halkaisija: 42 cm Istuimen halkaisija ilman kahvaa: 35 cm Jalustan halkaisija: 50 cm Istuinkorkeus: 55\u201373 cm Istuintyynyn paksuus: 5 cm Paino: 9 kg Maks. staattinen kantavuus: 110 kg Toimitus sis\u00e4lt\u00e4\u00e4: 1 x istuintyyny 1 x jalusta 5 x rulla 1 x kaasusylinteri 1 x kumityyny SONGMICS-ohjeet: \u00c4l\u00e4 k\u00e4yt\u00e4 t\u00e4t\u00e4 jakkaraa ep\u00e4tasaisella tai liukkaalla lattialla.Pid\u00e4 aina yksi tai molemmat jalat lattialla, kun istut jakkaralla. Jakkaraa voi kallistaa 10\u00b0. \u00c4l\u00e4 ylit\u00e4 t\u00e4t\u00e4 liikealuetta. Kaatumisvaara! \u00c4l\u00e4 istu jakkaran reunalle. Lapset saavat k\u00e4ytt\u00e4\u00e4 jakkaraa vain aikuisen valvonnassa. My\u00f6s raskaana olevat naiset saavat k\u00e4ytt\u00e4\u00e4 jakkaraa vain varoen.<\/p>\n","protected":false},"excerpt":{"rendered":"<p>SONGMICS toimistotuoli, ergonominen ty\u00f6tuoli, py\u00f6rill\u00e4 varustettu tuoli, py\u00f6rill\u00e4 varustettu py\u00f6riv\u00e4 tuoli, erityisen suuri istuin, 10\u00b0 kallistus, korkeuss\u00e4\u00e4dett\u00e4v\u00e4, ty\u00f6huone, toimisto, paksu pehmuste, musta OSC06BK<\/p>\n","protected":false},"featured_media":44716,"comment_status":"open","ping_status":"closed","template":"","meta":[],"product_brand":[],"product_cat":[32],"product_tag":[],"class_list":{"0":"post-36423","1":"product","2":"type-product","3":"status-publish","4":"has-post-thumbnail","6":"product_cat-uncategorized-fi","8":"first","9":"instock","10":"shipping-taxable","11":"purchasable","12":"product-type-simple"},"_links":{"self":[{"href":"https:\/\/nordicmart.andreevmaster.com\/fi\/wp-json\/wp\/v2\/product\/36423","targetHints":{"allow":["GET"]}}],"collection":[{"href":"https:\/\/nordicmart.andreevmaster.com\/fi\/wp-json\/wp\/v2\/product"}],"about":[{"href":"https:\/\/nordicmart.andreevmaster.com\/fi\/wp-json\/wp\/v2\/types\/product"}],"replies":[{"embeddable":true,"href":"https:\/\/nordicmart.andreevmaster.com\/fi\/wp-json\/wp\/v2\/comments?post=36423"}],"wp:featuredmedia":[{"embeddable":true,"href":"https:\/\/nordicmart.andreevmaster.com\/fi\/wp-json\/wp\/v2\/media\/44716"}],"wp:attachment":[{"href":"https:\/\/nordicmart.andreevmaster.com\/fi\/wp-json\/wp\/v2\/media?parent=36423"}],"wp:term":[{"taxonomy":"product_brand","embeddable":true,"href":"https:\/\/nordicmart.andreevmaster.com\/fi\/wp-json\/wp\/v2\/product_brand?post=36423"},{"taxonomy":"product_cat","embeddable":true,"href":"https:\/\/nordicmart.andreevmaster.com\/fi\/wp-json\/wp\/v2\/product_cat?post=36423"},{"taxonomy":"product_tag","embeddable":true,"href":"https:\/\/nordicmart.andreevmaster.com\/fi\/wp-json\/wp\/v2\/product_tag?post=36423"}],"curies":[{"name":"wp","href":"https:\/\/api.w.org\/{rel}","templated":true}]}}