{"id":36421,"date":"2026-02-27T00:34:22","date_gmt":"2026-02-27T00:34:22","guid":{"rendered":"https:\/\/nordicmart.andreevmaster.com\/product\/songmics-tyojakkara-50-65-cm-musta\/"},"modified":"2026-02-27T09:52:07","modified_gmt":"2026-02-27T09:52:07","slug":"songmics-tyojakkara-50-65-cm-musta","status":"publish","type":"product","link":"https:\/\/nordicmart.andreevmaster.com\/fi\/tuote\/songmics-tyojakkara-50-65-cm-musta\/","title":{"rendered":"SONGMICS ty\u00f6jakkara 50\u201365 cm musta"},"content":{"rendered":"<p>Huolellinen valmistus: T\u00e4m\u00e4 toimistojakkara on valmistettu kulutusta kest\u00e4v\u00e4st\u00e4 kankaasta, ja siin\u00e4 on eritt\u00e4in kest\u00e4v\u00e4 automaattinen palautusmekanismi sek\u00e4 tukeva jalusta, joten se kest\u00e4\u00e4 k\u00e4yt\u00f6ss\u00e4 pitk\u00e4\u00e4n ja palvelee sinua monien vuosien ajan. Sen kantavuus on jopa 110 kg. Istuminen, tasapainoilu ja liikkuminen: Turvallisuus on aina etusijalla. Siksi tarjoamme t\u00e4m\u00e4n jakkaran liukumattomalla alustalla. Se takaa turvallisen k\u00e4yt\u00f6n. Lis\u00e4ksi se suojaa lattiaasi naarmuilta. Hanki t\u00e4m\u00e4 jakkara kotiisi: ergonomisen muotoilunsa ansiosta t\u00e4m\u00e4 ty\u00f6jakkara on k\u00e4yt\u00e4nn\u00f6llinen lis\u00e4 toimistoosi tai ty\u00f6huoneeseesi. Sen istuin on pehmustettu 7 cm paksulla vaahtomuovilla ja verhoiltu hengitt\u00e4v\u00e4ll\u00e4 kankaalla \u2013 varusta ty\u00f6huoneesi mukavalla jakkaralla! Tuotetiedot: V\u00e4ri: musta Materiaali: polyesteri, vaahtomuovi, ter\u00e4s, muovi, TPR (termoplastinen kumi) Istuinkorkeus: 50\u201365 cm Istuimen koko: \u00d8 33 cm Jalustan koko: \u00d8 36 cm Paino: 5,9 kg Maks. staattinen kantavuus: 110 kg Toimitus sis\u00e4lt\u00e4\u00e4: 1 x istuin 1 x kaasupainesylinterin suojus 1 x jalusta 1 x kaasupainesylinteri SONGMICS Huomautukset:\u00c4l\u00e4 k\u00e4yt\u00e4 tuotetta ep\u00e4tasaisella tai liukkaalla alustalla! \u00c4l\u00e4 nosta jalkojasi samanaikaisesti lattiasta, kun istut jakkaralla! \u00c4l\u00e4 kallista jakkaraa liikaa. \u00c4l\u00e4 istu jakkaran reunalle. Lapset saavat k\u00e4ytt\u00e4\u00e4 tuotetta vain aikuisen valvonnassa. Raskaana olevien naisten tulee olla eritt\u00e4in varovaisia, jos he haluavat k\u00e4ytt\u00e4\u00e4 tuotetta.<\/p>\n","protected":false},"excerpt":{"rendered":"<p>SONGMICS toimistojakkara, ergonominen ty\u00f6jakkara, istuimjakkara, 360\u00b0 k\u00e4\u00e4ntyv\u00e4 tuoli, korkeuss\u00e4\u00e4dett\u00e4v\u00e4 50\u201365 cm, helppo asentaa, toimistoon ja ty\u00f6huoneeseen, musta OSC04BK<\/p>\n","protected":false},"featured_media":44714,"comment_status":"open","ping_status":"closed","template":"","meta":[],"product_brand":[],"product_cat":[32],"product_tag":[],"class_list":{"0":"post-36421","1":"product","2":"type-product","3":"status-publish","4":"has-post-thumbnail","6":"product_cat-uncategorized-fi","8":"first","9":"instock","10":"shipping-taxable","11":"purchasable","12":"product-type-simple"},"_links":{"self":[{"href":"https:\/\/nordicmart.andreevmaster.com\/fi\/wp-json\/wp\/v2\/product\/36421","targetHints":{"allow":["GET"]}}],"collection":[{"href":"https:\/\/nordicmart.andreevmaster.com\/fi\/wp-json\/wp\/v2\/product"}],"about":[{"href":"https:\/\/nordicmart.andreevmaster.com\/fi\/wp-json\/wp\/v2\/types\/product"}],"replies":[{"embeddable":true,"href":"https:\/\/nordicmart.andreevmaster.com\/fi\/wp-json\/wp\/v2\/comments?post=36421"}],"wp:featuredmedia":[{"embeddable":true,"href":"https:\/\/nordicmart.andreevmaster.com\/fi\/wp-json\/wp\/v2\/media\/44714"}],"wp:attachment":[{"href":"https:\/\/nordicmart.andreevmaster.com\/fi\/wp-json\/wp\/v2\/media?parent=36421"}],"wp:term":[{"taxonomy":"product_brand","embeddable":true,"href":"https:\/\/nordicmart.andreevmaster.com\/fi\/wp-json\/wp\/v2\/product_brand?post=36421"},{"taxonomy":"product_cat","embeddable":true,"href":"https:\/\/nordicmart.andreevmaster.com\/fi\/wp-json\/wp\/v2\/product_cat?post=36421"},{"taxonomy":"product_tag","embeddable":true,"href":"https:\/\/nordicmart.andreevmaster.com\/fi\/wp-json\/wp\/v2\/product_tag?post=36421"}],"curies":[{"name":"wp","href":"https:\/\/api.w.org\/{rel}","templated":true}]}}