{"id":36420,"date":"2026-02-27T00:34:22","date_gmt":"2026-02-27T00:34:22","guid":{"rendered":"https:\/\/nordicmart.andreevmaster.com\/product\/songmics-korkeussaadettava-toimistojakkara-vaaleanharmaa\/"},"modified":"2026-02-27T09:52:07","modified_gmt":"2026-02-27T09:52:07","slug":"songmics-korkeussaadettava-toimistojakkara-vaaleanharmaa","status":"publish","type":"product","link":"https:\/\/nordicmart.andreevmaster.com\/fi\/tuote\/songmics-korkeussaadettava-toimistojakkara-vaaleanharmaa\/","title":{"rendered":"SONGMICS Korkeuss\u00e4\u00e4dett\u00e4v\u00e4 toimistojakkara Vaaleanharmaa"},"content":{"rendered":"<p>Suuri ja paremmin pehmustettu istuin Istuimen halkaisija on 38 cm ja se on pehmustettu 6,6 cm paksulla ja tihe\u00e4ll\u00e4 muovautuvalla vaahtomuovilla. Optimaalinen istumamukavuus on taattu. Pehmuste ei muutu helposti muodoltaan edes pitk\u00e4aikaisessa k\u00e4yt\u00f6ss\u00e4. Suurennettu liukumaton pohja 41 cm:n halkaisijainen jalusta on vakaa ja takaa turvallisen ja luotettavan k\u00e4yt\u00f6n.  Luistamaton PVC-pohja suojaa lattiaasi naarmuilta ja tekee jakkarasta ihanteellisen matto-, puu- ja laattalattioille. Terveellinen ty\u00f6asento Ty\u00f6jakkara kallistuu kaikkiin suuntiin 8\u00b0 ja k\u00e4\u00e4ntyy 360\u00b0. Pitk\u00e4n istumisen aiheuttama v\u00e4symys v\u00e4ltet\u00e4\u00e4n. Tuotetiedot: &#8211; V\u00e4ri: musta &#038; harmaa &#8211; Materiaali: PP, ter\u00e4s, vaahtomuovi, polyesteri &#8211; Istuinkorkeus: 50\u201370 cm &#8211; Istuimen koko: \u00d8 38 cm &#8211; Jalustan koko: \u00d8 41 cm &#8211; Paino: 7,9 kg &#8211; Kantavuus: 120 kg Toimitus sis\u00e4lt\u00e4\u00e4: &#8211; 1 x seisomatuoli &#8211; 1 x ohjeet (DE, EN, FR, ES, IT)<\/p>\n","protected":false},"excerpt":{"rendered":"<p>SONGMICS korkeuss\u00e4\u00e4dett\u00e4v\u00e4 toimistotuoli, ergonominen ty\u00f6tuoli, 360\u00b0 k\u00e4\u00e4ntyv\u00e4 tuoli, istuinkorkeus 50\u201370 cm, liukumaton pohjaringi OSC01BK<\/p>\n","protected":false},"featured_media":0,"comment_status":"open","ping_status":"closed","template":"","meta":[],"product_brand":[],"product_cat":[32],"product_tag":[],"class_list":{"0":"post-36420","1":"product","2":"type-product","3":"status-publish","5":"product_cat-uncategorized-fi","7":"first","8":"instock","9":"shipping-taxable","10":"purchasable","11":"product-type-simple"},"_links":{"self":[{"href":"https:\/\/nordicmart.andreevmaster.com\/fi\/wp-json\/wp\/v2\/product\/36420","targetHints":{"allow":["GET"]}}],"collection":[{"href":"https:\/\/nordicmart.andreevmaster.com\/fi\/wp-json\/wp\/v2\/product"}],"about":[{"href":"https:\/\/nordicmart.andreevmaster.com\/fi\/wp-json\/wp\/v2\/types\/product"}],"replies":[{"embeddable":true,"href":"https:\/\/nordicmart.andreevmaster.com\/fi\/wp-json\/wp\/v2\/comments?post=36420"}],"wp:attachment":[{"href":"https:\/\/nordicmart.andreevmaster.com\/fi\/wp-json\/wp\/v2\/media?parent=36420"}],"wp:term":[{"taxonomy":"product_brand","embeddable":true,"href":"https:\/\/nordicmart.andreevmaster.com\/fi\/wp-json\/wp\/v2\/product_brand?post=36420"},{"taxonomy":"product_cat","embeddable":true,"href":"https:\/\/nordicmart.andreevmaster.com\/fi\/wp-json\/wp\/v2\/product_cat?post=36420"},{"taxonomy":"product_tag","embeddable":true,"href":"https:\/\/nordicmart.andreevmaster.com\/fi\/wp-json\/wp\/v2\/product_tag?post=36420"}],"curies":[{"name":"wp","href":"https:\/\/api.w.org\/{rel}","templated":true}]}}