{"id":36419,"date":"2026-02-27T00:34:22","date_gmt":"2026-02-27T00:34:22","guid":{"rendered":"https:\/\/nordicmart.andreevmaster.com\/product\/songmics-korkeussaadettava-toimistojakkara-musta\/"},"modified":"2026-02-27T09:52:07","modified_gmt":"2026-02-27T09:52:07","slug":"songmics-korkeussaadettava-toimistojakkara-musta","status":"publish","type":"product","link":"https:\/\/nordicmart.andreevmaster.com\/fi\/tuote\/songmics-korkeussaadettava-toimistojakkara-musta\/","title":{"rendered":"SONGMICS Korkeuss\u00e4\u00e4dett\u00e4v\u00e4 toimistojakkara, musta"},"content":{"rendered":"<p>Mukavuus ei tarkoita vain sohvalla makoilua olohuoneessa. SONGMICS-tuolilla saat mukavuutta my\u00f6s ty\u00f6paikallesi! Tuolin t\u00e4rkeimm\u00e4t ominaisuudet: 360\u00b0 k\u00e4\u00e4nnett\u00e4viss\u00e4, kallistettavissa 8\u00b0 kaikkiin suuntiin. Istuinkorkeuden s\u00e4\u00e4t\u00f6 50\u201370 cm.Halkaisijaltaan 37 cm:n istuin on varustettu 6,6 cm:n paksuisella pehmusteella, joka lis\u00e4\u00e4 istumamukavuutta. Jalustassa on liukumaton pohja, joka suojaa lattiaasi naarmuilta. Helppo asentaa ilman ty\u00f6kaluja. Tee toimistoty\u00f6skentelyst\u00e4si mukavampaa ja pid\u00e4 energiatasosi korkealla t\u00e4ll\u00e4 ty\u00f6tuolilla. Tuotetiedot: V\u00e4ri: Musta Materiaali: PP (polypropeeni), ter\u00e4s, vaahtomuovi, polyesteri Istuinkorkeus: 50\u201370 cm Istuimen halkaisija: 37 cm Jalustan halkaisija: 41 cm Paino: 7,9 kg Maks. staattinen kantavuus: 120 kg Toimitus sis\u00e4lt\u00e4\u00e4: 1 x k\u00e4\u00e4ntyv\u00e4 toimistojakkara 1 x ohjeet (DE, EN, FR, ES, IT)<\/p>\n","protected":false},"excerpt":{"rendered":"<p>SONGMICS korkeuss\u00e4\u00e4dett\u00e4v\u00e4 toimistotuoli, ergonominen ty\u00f6tuoli, 360\u00b0 k\u00e4\u00e4ntyv\u00e4 tuoli, istuinkorkeus 50\u201370 cm, liukumaton pohjaringi OSC01BK<\/p>\n","protected":false},"featured_media":44713,"comment_status":"open","ping_status":"closed","template":"","meta":[],"product_brand":[],"product_cat":[32],"product_tag":[],"class_list":{"0":"post-36419","1":"product","2":"type-product","3":"status-publish","4":"has-post-thumbnail","6":"product_cat-uncategorized-fi","8":"first","9":"instock","10":"shipping-taxable","11":"purchasable","12":"product-type-simple"},"_links":{"self":[{"href":"https:\/\/nordicmart.andreevmaster.com\/fi\/wp-json\/wp\/v2\/product\/36419","targetHints":{"allow":["GET"]}}],"collection":[{"href":"https:\/\/nordicmart.andreevmaster.com\/fi\/wp-json\/wp\/v2\/product"}],"about":[{"href":"https:\/\/nordicmart.andreevmaster.com\/fi\/wp-json\/wp\/v2\/types\/product"}],"replies":[{"embeddable":true,"href":"https:\/\/nordicmart.andreevmaster.com\/fi\/wp-json\/wp\/v2\/comments?post=36419"}],"wp:featuredmedia":[{"embeddable":true,"href":"https:\/\/nordicmart.andreevmaster.com\/fi\/wp-json\/wp\/v2\/media\/44713"}],"wp:attachment":[{"href":"https:\/\/nordicmart.andreevmaster.com\/fi\/wp-json\/wp\/v2\/media?parent=36419"}],"wp:term":[{"taxonomy":"product_brand","embeddable":true,"href":"https:\/\/nordicmart.andreevmaster.com\/fi\/wp-json\/wp\/v2\/product_brand?post=36419"},{"taxonomy":"product_cat","embeddable":true,"href":"https:\/\/nordicmart.andreevmaster.com\/fi\/wp-json\/wp\/v2\/product_cat?post=36419"},{"taxonomy":"product_tag","embeddable":true,"href":"https:\/\/nordicmart.andreevmaster.com\/fi\/wp-json\/wp\/v2\/product_tag?post=36419"}],"curies":[{"name":"wp","href":"https:\/\/api.w.org\/{rel}","templated":true}]}}