{"id":36416,"date":"2026-02-27T00:34:21","date_gmt":"2026-02-27T00:34:21","guid":{"rendered":"https:\/\/nordicmart.andreevmaster.com\/product\/songmics-toimistotuoli-595-81-cm-musta\/"},"modified":"2026-02-27T09:52:06","modified_gmt":"2026-02-27T09:52:06","slug":"songmics-toimistotuoli-595-81-cm-musta","status":"publish","type":"product","link":"https:\/\/nordicmart.andreevmaster.com\/fi\/tuote\/songmics-toimistotuoli-595-81-cm-musta\/","title":{"rendered":"SONGMICS toimistotuoli 59,5\u201381 cm, musta"},"content":{"rendered":"<p>J\u00e4ykk\u00e4 istuminen on menneisyytt\u00e4: nykyaikaisissa toimistoissa on nyt py\u00f6rill\u00e4 varustetut jakkarat, jotka mahdollistavat aktiivisen ty\u00f6skentelyn. Istu mukavasti t\u00e4m\u00e4n ty\u00f6jakkaran hyvin pehmustetulle istuimelle ja pysy liikkeess\u00e4. Tuoli k\u00e4\u00e4ntyy 360\u00b0, sen korkeutta voi s\u00e4\u00e4t\u00e4\u00e4 59,5\u201381 cm, sit\u00e4 voi kallistaa kaikkiin suuntiin ja vakaiden rullien ansiosta siirt\u00e4\u00e4 luonnollisesti my\u00f6s huoneen poikki. Eleganssia kaikissa yksityiskohdissa: yksinkertainen ulkon\u00e4k\u00f6, korkealaatuinen keinonahka ja kromatusta ter\u00e4ksest\u00e4 valmistettu automaattinen kaasujousi antavat ty\u00f6huoneellesi hienostuneen ilmeen. Lis\u00e4ksi t\u00e4m\u00e4 tuoli on varustettu istuimen jarrumekanismilla, joka lukitsee py\u00f6r\u00e4t heti, kun istut tuolille \u2013 pysy vakaana ty\u00f6skennelless\u00e4si ja paranna keskittymiskyky\u00e4si! Tuotetiedot:V\u00e4ri: musta Materiaali: polyesteri, vaahtomuovi, nailon, ter\u00e4s Kokonaismitat: 51,5 x (59,5\u201381) cm (\u00d8 x K) Istuimen halkaisija: 38,5 cm Jalkatuen halkaisija: 45 cm Jalkaristin halkaisija: 51,5 cm Istuinkorkeus: 59,5\u201381 cm Istuintyynyn paksuus: 7,5 cm Paino: 7,8 kg Maks. staattinen kantavuus: 110 kg Toimitus sis\u00e4lt\u00e4\u00e4: 1 x istuintyyny 1 x jalkatuki 1 x jalkaristi 1 x kaasupainesylinteri 5 x rulla SONGMICSin ohjeet:\u00c4l\u00e4 k\u00e4yt\u00e4 tuotetta ep\u00e4tasaisella tai liukkaalla alustalla! \u00c4l\u00e4 nosta jalkojasi samanaikaisesti lattiasta, kun istut jakkaralla! \u00c4l\u00e4 kallista jakkaraa liikaa. \u00c4l\u00e4 istu jakkaran reunalle. Lapset saavat k\u00e4ytt\u00e4\u00e4 tuotetta vain aikuisen valvonnassa. Raskaana olevien naisten tulee olla eritt\u00e4in varovaisia, jos he haluavat k\u00e4ytt\u00e4\u00e4 tuotetta.<\/p>\n","protected":false},"excerpt":{"rendered":"<p>SONGMICS toimistotuoli, ergonominen ty\u00f6tuoli, istuintyyny, 360\u00b0 k\u00e4\u00e4ntyv\u00e4 tuoli, korkeuss\u00e4\u00e4dett\u00e4v\u00e4, 59,5\u201381 cm, s\u00e4\u00e4dett\u00e4v\u00e4 jalkatuki, musta OSC007B01<\/p>\n","protected":false},"featured_media":44710,"comment_status":"open","ping_status":"closed","template":"","meta":[],"product_brand":[],"product_cat":[32],"product_tag":[],"class_list":{"0":"post-36416","1":"product","2":"type-product","3":"status-publish","4":"has-post-thumbnail","6":"product_cat-uncategorized-fi","8":"first","9":"instock","10":"shipping-taxable","11":"purchasable","12":"product-type-simple"},"_links":{"self":[{"href":"https:\/\/nordicmart.andreevmaster.com\/fi\/wp-json\/wp\/v2\/product\/36416","targetHints":{"allow":["GET"]}}],"collection":[{"href":"https:\/\/nordicmart.andreevmaster.com\/fi\/wp-json\/wp\/v2\/product"}],"about":[{"href":"https:\/\/nordicmart.andreevmaster.com\/fi\/wp-json\/wp\/v2\/types\/product"}],"replies":[{"embeddable":true,"href":"https:\/\/nordicmart.andreevmaster.com\/fi\/wp-json\/wp\/v2\/comments?post=36416"}],"wp:featuredmedia":[{"embeddable":true,"href":"https:\/\/nordicmart.andreevmaster.com\/fi\/wp-json\/wp\/v2\/media\/44710"}],"wp:attachment":[{"href":"https:\/\/nordicmart.andreevmaster.com\/fi\/wp-json\/wp\/v2\/media?parent=36416"}],"wp:term":[{"taxonomy":"product_brand","embeddable":true,"href":"https:\/\/nordicmart.andreevmaster.com\/fi\/wp-json\/wp\/v2\/product_brand?post=36416"},{"taxonomy":"product_cat","embeddable":true,"href":"https:\/\/nordicmart.andreevmaster.com\/fi\/wp-json\/wp\/v2\/product_cat?post=36416"},{"taxonomy":"product_tag","embeddable":true,"href":"https:\/\/nordicmart.andreevmaster.com\/fi\/wp-json\/wp\/v2\/product_tag?post=36416"}],"curies":[{"name":"wp","href":"https:\/\/api.w.org\/{rel}","templated":true}]}}